{"id":19,"date":"2016-07-24T06:56:36","date_gmt":"2016-07-24T06:56:36","guid":{"rendered":"http:\/\/www.diamondsdubai.ae\/?page_id=19"},"modified":"2025-05-08T12:20:34","modified_gmt":"2025-05-08T12:20:34","slug":"diamonds-in-dubai-uae","status":"publish","type":"page","link":"https:\/\/www.diamondsdubai.ae\/br\/","title":{"rendered":"casa"},"content":{"rendered":"<p>Compre Diamonds Dubai &#8211; Bem-vindo ao Diamond Jewellery Firm Diamonds Dubai. Somos a Empresa de Joalharia com Diamantes Certificados em Dubai UAE desde 1966.<\/p>\n<p>Comprar <a href=\"http:\/\/www.diamondsdubai.ae\/rings.html\"> An\u00e9is de Noivado <\/a> Dubai Emirados \u00c1rabes Unidos com Diamantes Dubai &#8211; Cole\u00e7\u00e3o de Joias com Diamantes faz voc\u00ea se sentir linda &#8211; Adquira J\u00f3ias com Diamantes de Pre\u00e7o Acess\u00edvel em Branco de 18 kt Ouro, Ouro Amarelo, Ouro Rosa.<\/p>\n<p><a href=\"www.diamondsdubai.ae\"> Personalize seu diamante <\/a> &#8211; Ourivesaria, Colar com Pingente em Nome em Ouro 18kt. N\u00f3s tamb\u00e9m estamos fabricando 14kt, 9kt Jewellery.<\/p>\n<p><a href=\"www.diamondsdubai.ae\"> A Diamonds Dubai <\/a> foi fundada em 1966, em Dubai, como varejista de j\u00f3ias de ouro e diamantes de 18 quilates. O salto de uma \u00fanica loja para 3 pontos de venda n\u00e3o aconteceu da noite para o dia foi alcan\u00e7ado atrav\u00e9s de esfor\u00e7os consistentes e um compromisso em estabelecer padr\u00f5es excepcionalmente altos em termos de qualidade e pre\u00e7o.<\/p>\n<p>Adquira seus <a href=\"http:\/\/www.diamondsdubai.ae\/console\/rings\/engagement-rings\/\"> An\u00e9is de Noivado personalizados Diamond &#038; Gold <\/a>, <a href = \"http: \/\/www.diamondsdubai .ae \/ console \/ an\u00e9is \/ alian\u00e7as de casamento \/ \"> An\u00e9is de casamento <\/a>, Anel de promessa, Anel de proposta com <a href=\"www.diamondsdubai.ae\"> Diamantes de Dubai <\/a> em Dubai Emirados \u00c1rabes Unidos. Somos a melhor joalharia de diamantes certificada em Dubai.<\/p>\n<p>Para comprar <a href=\"http:\/\/www.diamondsdubai.ae\/\"> Comprar Diamonds Dubai <\/a> &#8211; voc\u00ea pode nos contatar a qualquer momento em nosso Whatsapp ou endere\u00e7o de e-mail ou nosso <a href = \"https: \/\/ www. facebook.com\/evagemsdubai\/\"> p\u00e1gina do Facebook <\/a><\/p>\n<div class=\"hupso-share-buttons\"><!-- Hupso Share Buttons - https:\/\/www.hupso.com\/share\/ --><a class=\"hupso_toolbar\" href=\"https:\/\/www.hupso.com\/share\/\"><img decoding=\"async\" src=\"https:\/\/static.hupso.com\/share\/buttons\/dot.png\" style=\"border:0px; padding-top: 5px; float:left;\" alt=\"Share Button\"\/><\/a><script type=\"text\/javascript\">var hupso_services_t=new Array(\"Twitter\",\"Facebook\",\"Google Plus\",\"Pinterest\",\"Linkedin\");var hupso_background_t=\"#EAF4FF\";var hupso_border_t=\"#66CCFF\";var hupso_toolbar_size_t=\"medium\";var hupso_image_folder_url = \"\";var hupso_url_t=\"\";var hupso_title_t=\"%7B%3Aen%7DHOME%7B%3A%7D%7B%3Agb%7DHome%7B%3A%7D%7B%3Aes%7Dcasa%7B%3A%7D%7B%3Aau%7DHOME%7B%3A%7D%7B%3Ade%7DZuhause%7B%3A%7D%7B%3Afr%7DAccueil%7B%3A%7D%7B%3Aru%7D%D0%93%D0%BB%D0%B0%D0%B2%D0%BD%D0%B0%D1%8F%7B%3A%7D%7B%3Aar%7D%D8%A7%D9%84%D8%B5%D9%81%D8%AD%D8%A9%20%D8%A7%D9%84%D8%B1%D8%A6%D9%8A%D8%B3%D9%8A%D8%A9%7B%3A%7D%7B%3Aja%7D%E8%87%AA%E5%AE%85%7B%3A%7D%7B%3Azh%7D%E5%AE%B6%7B%3A%7D%7B%3Aro%7DAcas%C4%83%7B%3A%7D%7B%3Abr%7Dcasa%7B%3A%7D%7B%3Aie%7Dbaile%7B%3A%7D%7B%3Auk%7D%D0%B4%D0%BE%D0%B4%D0%BE%D0%BC%D1%83%7B%3A%7D%7B%3Asv%7DHem%7B%3A%7D%7B%3Ait%7Dcasa%7B%3A%7D%7B%3Anl%7Dhuis%7B%3A%7D%7B%3Apt%7Dcasa%7B%3A%7D\";<\/script><script type=\"text\/javascript\" src=\"https:\/\/static.hupso.com\/share\/js\/share_toolbar.js\"><\/script><!-- Hupso Share Buttons --><\/div>","protected":false},"excerpt":{"rendered":"<p>Compre Diamonds Dubai &#8211; Bem-vindo ao Diamond Jewellery Firm Diamonds Dubai. Somos a Empresa de Joalharia com Diamantes Certificados em Dubai UAE desde 1966. Comprar An\u00e9is de Noivado Dubai Emirados \u00c1rabes Unidos com Diamantes Dubai &#8211; Cole\u00e7\u00e3o de Joias com Diamantes faz voc\u00ea se sentir linda &#8211; Adquira J\u00f3ias com Diamantes de Pre\u00e7o Acess\u00edvel em &hellip; <a href=\"https:\/\/www.diamondsdubai.ae\/br\/\" class=\"more-link\">Continue reading<span class=\"screen-reader-text\"> &#8220;casa&#8221;<\/span><\/a><\/p>\n","protected":false},"author":1,"featured_media":290,"parent":0,"menu_order":0,"comment_status":"closed","ping_status":"closed","template":"template-parts\/home-page.php","meta":{"_acf_changed":false,"om_disable_all_campaigns":false,"_monsterinsights_skip_tracking":false,"_monsterinsights_sitenote_active":false,"_monsterinsights_sitenote_note":"","_monsterinsights_sitenote_category":0,"footnotes":""},"class_list":["post-19","page","type-page","status-publish","has-post-thumbnail","hentry"],"translation":{"provider":"WPGlobus","version":"3.0.0","language":"br","enabled_languages":["en","gb","es","au","ca","nz","de","fr","ru","ar","ja","zh","ro","br","ie","uk","sv","it","nl","pt"],"languages":{"en":{"title":true,"content":true,"excerpt":false},"gb":{"title":true,"content":true,"excerpt":false},"es":{"title":true,"content":true,"excerpt":false},"au":{"title":true,"content":true,"excerpt":false},"ca":{"title":false,"content":false,"excerpt":false},"nz":{"title":false,"content":false,"excerpt":false},"de":{"title":true,"content":true,"excerpt":false},"fr":{"title":true,"content":true,"excerpt":false},"ru":{"title":true,"content":true,"excerpt":false},"ar":{"title":true,"content":true,"excerpt":false},"ja":{"title":true,"content":true,"excerpt":false},"zh":{"title":true,"content":true,"excerpt":false},"ro":{"title":true,"content":true,"excerpt":false},"br":{"title":true,"content":true,"excerpt":false},"ie":{"title":true,"content":true,"excerpt":false},"uk":{"title":true,"content":true,"excerpt":false},"sv":{"title":true,"content":true,"excerpt":false},"it":{"title":true,"content":true,"excerpt":false},"nl":{"title":true,"content":true,"excerpt":false},"pt":{"title":true,"content":true,"excerpt":false}}},"acf":[],"aioseo_notices":[],"_links":{"self":[{"href":"https:\/\/www.diamondsdubai.ae\/br\/wp-json\/wp\/v2\/pages\/19","targetHints":{"allow":["GET"]}}],"collection":[{"href":"https:\/\/www.diamondsdubai.ae\/br\/wp-json\/wp\/v2\/pages"}],"about":[{"href":"https:\/\/www.diamondsdubai.ae\/br\/wp-json\/wp\/v2\/types\/page"}],"author":[{"embeddable":true,"href":"https:\/\/www.diamondsdubai.ae\/br\/wp-json\/wp\/v2\/users\/1"}],"replies":[{"embeddable":true,"href":"https:\/\/www.diamondsdubai.ae\/br\/wp-json\/wp\/v2\/comments?post=19"}],"version-history":[{"count":1,"href":"https:\/\/www.diamondsdubai.ae\/br\/wp-json\/wp\/v2\/pages\/19\/revisions"}],"predecessor-version":[{"id":12379,"href":"https:\/\/www.diamondsdubai.ae\/br\/wp-json\/wp\/v2\/pages\/19\/revisions\/12379"}],"wp:featuredmedia":[{"embeddable":true,"href":"https:\/\/www.diamondsdubai.ae\/br\/wp-json\/wp\/v2\/media\/290"}],"wp:attachment":[{"href":"https:\/\/www.diamondsdubai.ae\/br\/wp-json\/wp\/v2\/media?parent=19"}],"curies":[{"name":"wp","href":"https:\/\/api.w.org\/{rel}","templated":true}]}}