{"id":3065,"date":"2018-09-26T13:20:45","date_gmt":"2018-09-26T13:20:45","guid":{"rendered":"https:\/\/www.diamondsdubai.ae\/?page_id=3065"},"modified":"2022-07-22T11:16:19","modified_gmt":"2022-07-22T11:16:19","slug":"jewellery-insurance","status":"publish","type":"page","link":"https:\/\/www.diamondsdubai.ae\/br\/jewellery-insurance\/","title":{"rendered":"Seguro de Joalheria"},"content":{"rendered":"<p>N\u00f3s, da diamondsdubai.ae, fornecemos j\u00f3ias valiosas de ouro e diamantes para tipos variados de pessoas que vivem em diferentes partes do mundo. Estamos muito preocupados com o fato de nossos clientes estarem obviamente cuidando bem de suas preciosas gemas e j\u00f3ias, e gradualmente agregaram um valor sentimental \u00e0s suas joias. Pode ser que haja um anel de 100 anos feito por nossa av\u00f3 ou talvez um anel de noivado especificamente feito \u00e0 m\u00e3o para a mem\u00f3ria mais importante que \u00e9 esperada para a vida toda.<\/p>\n<p>Voc\u00ea pode solicitar aos nossos executivos de vendas que consultem a melhor companhia de seguros ou que recomenda\u00e7\u00f5es de familiares pr\u00f3ximos e amigos sejam sempre a melhor op\u00e7\u00e3o. Estamos lidando com as segundas gera\u00e7\u00f5es passadas e, desafiadoramente, ajudar\u00edamos a sair do caminho para consertar \/ substituir qualquer diamante pequeno que possa ter sido extraviado ou ca\u00eddo no devido tempo, no entanto, os diamantes maiores que est\u00e3o acima de 0,50 quilates seriam bastante caros. uma quest\u00e3o de preocupa\u00e7\u00e3o e, portanto, n\u00f3s formulamos os passos abaixo para o seguro de j\u00f3ias de sucesso.<\/p>\n<p>Recomendamos os seguintes passos importantes que devem ser tomados ap\u00f3s a compra de qualquer j\u00f3ia nossa ou de qualquer outro lugar: &#8211;<\/p>\n<ul class = \"jewel_ul\">\n<li> <strong> Escolhendo o melhor provedor de seguros: &#8211; <\/ strong> Existem v\u00e1rios sites, dependendo do seu pa\u00eds de origem. Suponha que nos Emirados \u00c1rabes Unidos voc\u00ea possa visitar sites profundos; por exemplo: &#8211; insurancemarket.ae ou seguro \u201cAXA\u201d e seguro \u201cAIG\u201d para obter cota\u00e7\u00f5es de pr\u00eamio por ter todas as suas j\u00f3ias seguradas. Na maioria dos casos, depois de conversarmos com nossos clientes mais pr\u00f3ximos, aprendemos que eles seguram suas joias junto com outros bens, carros, casas e joias sob um \u00fanico guarda-chuva. <\/ Li>\n<li> <strong> Tipo de pol\u00edtica: &#8211; <\/ strong> n\u00f3s experimentamos circunst\u00e2ncias t\u00e3o infelizes, onde o diamante em um anel caiu ou teve um pequeno nick \/ crack depois de us\u00e1-lo por alguns ou v\u00e1rios meses, isso poderia ser devido ao manuseio ou simplesmente uso e desgaste enquanto o usa todos os dias ou at\u00e9 mesmo exp\u00f5e a produtos qu\u00edmicos (perfume, detergentes etc) ou obt\u00e9m-lo batido durante a condu\u00e7\u00e3o para o vidro de janela mais pr\u00f3ximo. Se a ap\u00f3lice de seguro tamb\u00e9m cobre tais danos durante o desgaste normal, ou suponha que eles o denominem pol\u00edtica \u201cTodos os Riscos\u201d nos Emirados \u00c1rabes Unidos ou no Reino Unido. <\/ Li>\n<li> <strong> Cobertura s\u00e1bia do territ\u00f3rio: &#8211; <\/ strong> Seria importante cobrir suas j\u00f3ias enquanto elas s\u00e3o mantidas dentro de sua casa pessoal ou voc\u00ea as usa fora, algumas companhias de seguro podem n\u00e3o oferecer cobertura para joias tiradas durante viagens fora de f\u00e9rias, portanto, deve ser levado em considera\u00e7\u00e3o ao escolher a pol\u00edtica certa para voc\u00ea e seus objetos de valor. <\/ li>\n<li> <strong> Requisitos do sistema de seguran\u00e7a e alarme: &#8211; <\/ strong> \u00e9 esperado que a companhia de seguros exija que voc\u00ea tenha um sistema de alarme seguro e de porta ou janela ativado durante uma ap\u00f3lice de seguro para seus ativos e objetos de valor. dentro da casa ou escrit\u00f3rio local <\/ li>\n<li> <strong> Exclus\u00f5es \u00e0 sua pol\u00edtica: &#8211; <\/ strong> certifique-se de que a ap\u00f3lice de seguro de joalheria possui um cronograma de pol\u00edtica transparente para todas as inclus\u00f5es e exclus\u00f5es que n\u00e3o desestimular\u00e3o suas reivindica\u00e7\u00f5es futuras em caso de incerteza. Normalmente, todas as companhias de seguros excluem calamidades naturais ou tumultos, etc. E tamb\u00e9m, em caso de roubo de empregados dom\u00e9sticos, os criados devem ser inclu\u00eddos na ap\u00f3lice. <\/ Li>\n<li> <strong> Atualizando sua pol\u00edtica regularmente &#038; amp; Avalia\u00e7\u00e3o: &#8211; <\/ strong> recomenda-se avaliar regularmente as suas j\u00f3ias com o seu joalheiro, de modo a atualizar o mesmo valor com o fornecedor do seguro. Devido \u00e0 flutua\u00e7\u00e3o dos pre\u00e7os do ouro e dos pre\u00e7os dos diamantes regularmente, \u00e9 inevit\u00e1vel o pre\u00e7o dos produtos para um valor fixo ao longo de um determinado per\u00edodo de tempo. <\/ Li>\n<li> <strong> Procedimentos de reivindica\u00e7\u00e3o: &#8211; <\/ strong> Al\u00e9m disso, voc\u00ea pode se referir a sua fam\u00edlia e amigos para a melhor empresa em sua cidade, que teria um protocolo simples e f\u00e1cil em um evento de solicita\u00e7\u00e3o de uma reivindica\u00e7\u00e3o. Normalmente as empresas locais que n\u00e3o t\u00eam exposi\u00e7\u00e3o internacional tendem a prolongar o processo de reclama\u00e7\u00e3o para v\u00e1rios dias ou mesmo meses. <\/ Li>\n<li> <strong> Substitui\u00e7\u00e3o por itens perdidos \/ roubados: &#8211; <\/ strong> seria importante tamb\u00e9m discutir e obter uma confirma\u00e7\u00e3o por escrito do fornecedor do seguro que eles forneceriam o valor da reclama\u00e7\u00e3o em dinheiro \/ transfer\u00eancia banc\u00e1ria ou tamb\u00e9m fornecer uma op\u00e7\u00e3o para obter a mesma j\u00f3ia substitu\u00edda do mesmo joalheiro e a companhia de seguros pode pagar diretamente em seu nome pela substitui\u00e7\u00e3o de joias perdidas \/ roubadas. <\/ li><br \/>\n<\/ ul><\/p>\n<div class=\"hupso-share-buttons\"><!-- Hupso Share Buttons - https:\/\/www.hupso.com\/share\/ --><a class=\"hupso_toolbar\" href=\"https:\/\/www.hupso.com\/share\/\"><img decoding=\"async\" src=\"https:\/\/static.hupso.com\/share\/buttons\/dot.png\" style=\"border:0px; padding-top: 5px; float:left;\" alt=\"Share Button\"\/><\/a><script type=\"text\/javascript\">var hupso_services_t=new Array(\"Twitter\",\"Facebook\",\"Google Plus\",\"Pinterest\",\"Linkedin\");var hupso_background_t=\"#EAF4FF\";var hupso_border_t=\"#66CCFF\";var hupso_toolbar_size_t=\"medium\";var hupso_image_folder_url = \"\";var hupso_url_t=\"\";var hupso_title_t=\"%7B%3Aen%7DJewellery%20Insurance%7B%3A%7D%7B%3Agb%7DJewellery%20Insurance%7B%3A%7D%7B%3Aes%7DSeguro%20de%20joyer%C3%ADa%7B%3A%7D%7B%3Aau%7DJewellery%20Insurance%7B%3A%7D%7B%3Ade%7DSchmuckversicherung%7B%3A%7D%7B%3Afr%7DAssurance%20bijoux%7B%3A%7D%7B%3Aru%7D%D0%A1%D1%82%D1%80%D0%B0%D1%85%D0%BE%D0%B2%D0%B0%D0%BD%D0%B8%D0%B5%20%D1%8E%D0%B2%D0%B5%D0%BB%D0%B8%D1%80%D0%BD%D1%8B%D1%85%20%D0%B8%D0%B7%D0%B4%D0%B5%D0%BB%D0%B8%D0%B9%7B%3A%7D%7B%3Aar%7D%D8%AA%D8%A3%D9%85%D9%8A%D9%86%20%D8%A7%D9%84%D9%85%D8%AC%D9%88%D9%87%D8%B1%D8%A7%D8%AA%7B%3A%7D%7B%3Aja%7D%E3%82%B8%E3%83%A5%E3%82%A8%E3%83%AA%E3%83%BC%E4%BF%9D%E9%99%BA%7B%3A%7D%7B%3Azh%7D%E7%8F%A0%E5%AE%9D%E4%BF%9D%E9%99%A9%7B%3A%7D%7B%3Aro%7DBijuterii%20Asigurari%7B%3A%7D%7B%3Abr%7DSeguro%20de%20Joalheria%7B%3A%7D%7B%3Aie%7D%C3%81rachas%20Seodra%7B%3A%7D%7B%3Auk%7D%D0%AE%D0%B2%D0%B5%D0%BB%D1%96%D1%80%D0%BD%D0%B5%20%D1%81%D1%82%D1%80%D0%B0%D1%85%D1%83%D0%B2%D0%B0%D0%BD%D0%BD%D1%8F%7B%3A%7D%7B%3Asv%7DSmyckesf%C3%B6rs%C3%A4kring%7B%3A%7D%7B%3Ait%7DAssicurazione%20di%20gioielli%7B%3A%7D%7B%3Anl%7DSieradenverzekering%7B%3A%7D%7B%3Apt%7DSeguro%20de%20Joalheria%7B%3A%7D\";<\/script><script type=\"text\/javascript\" src=\"https:\/\/static.hupso.com\/share\/js\/share_toolbar.js\"><\/script><!-- Hupso Share Buttons --><\/div>","protected":false},"excerpt":{"rendered":"<p>N\u00f3s, da diamondsdubai.ae, fornecemos j\u00f3ias valiosas de ouro e diamantes para tipos variados de pessoas que vivem em diferentes partes do mundo. Estamos muito preocupados com o fato de nossos clientes estarem obviamente cuidando bem de suas preciosas gemas e j\u00f3ias, e gradualmente agregaram um valor sentimental \u00e0s suas joias. Pode ser que haja um &hellip; <a href=\"https:\/\/www.diamondsdubai.ae\/br\/jewellery-insurance\/\" class=\"more-link\">Continue reading<span class=\"screen-reader-text\"> &#8220;Seguro de Joalheria&#8221;<\/span><\/a><\/p>\n","protected":false},"author":1,"featured_media":0,"parent":0,"menu_order":0,"comment_status":"closed","ping_status":"closed","template":"","meta":{"_acf_changed":false,"om_disable_all_campaigns":false,"_monsterinsights_skip_tracking":false,"_monsterinsights_sitenote_active":false,"_monsterinsights_sitenote_note":"","_monsterinsights_sitenote_category":0,"footnotes":""},"class_list":["post-3065","page","type-page","status-publish","hentry"],"translation":{"provider":"WPGlobus","version":"3.0.0","language":"br","enabled_languages":["en","gb","es","au","ca","nz","de","fr","ru","ar","ja","zh","ro","br","ie","uk","sv","it","nl","pt"],"languages":{"en":{"title":true,"content":true,"excerpt":false},"gb":{"title":true,"content":true,"excerpt":false},"es":{"title":true,"content":true,"excerpt":false},"au":{"title":true,"content":true,"excerpt":false},"ca":{"title":false,"content":false,"excerpt":false},"nz":{"title":false,"content":false,"excerpt":false},"de":{"title":true,"content":true,"excerpt":false},"fr":{"title":true,"content":true,"excerpt":false},"ru":{"title":true,"content":true,"excerpt":false},"ar":{"title":true,"content":true,"excerpt":false},"ja":{"title":true,"content":true,"excerpt":false},"zh":{"title":true,"content":true,"excerpt":false},"ro":{"title":true,"content":true,"excerpt":false},"br":{"title":true,"content":true,"excerpt":false},"ie":{"title":true,"content":true,"excerpt":false},"uk":{"title":true,"content":true,"excerpt":false},"sv":{"title":true,"content":true,"excerpt":false},"it":{"title":true,"content":true,"excerpt":false},"nl":{"title":true,"content":true,"excerpt":false},"pt":{"title":true,"content":true,"excerpt":false}}},"acf":[],"aioseo_notices":[],"_links":{"self":[{"href":"https:\/\/www.diamondsdubai.ae\/br\/wp-json\/wp\/v2\/pages\/3065","targetHints":{"allow":["GET"]}}],"collection":[{"href":"https:\/\/www.diamondsdubai.ae\/br\/wp-json\/wp\/v2\/pages"}],"about":[{"href":"https:\/\/www.diamondsdubai.ae\/br\/wp-json\/wp\/v2\/types\/page"}],"author":[{"embeddable":true,"href":"https:\/\/www.diamondsdubai.ae\/br\/wp-json\/wp\/v2\/users\/1"}],"replies":[{"embeddable":true,"href":"https:\/\/www.diamondsdubai.ae\/br\/wp-json\/wp\/v2\/comments?post=3065"}],"version-history":[{"count":0,"href":"https:\/\/www.diamondsdubai.ae\/br\/wp-json\/wp\/v2\/pages\/3065\/revisions"}],"wp:attachment":[{"href":"https:\/\/www.diamondsdubai.ae\/br\/wp-json\/wp\/v2\/media?parent=3065"}],"curies":[{"name":"wp","href":"https:\/\/api.w.org\/{rel}","templated":true}]}}