{"id":7,"date":"2016-07-23T17:43:40","date_gmt":"2016-07-23T17:43:40","guid":{"rendered":"http:\/\/www.diamondsdubai.ae\/?page_id=7"},"modified":"2022-07-20T15:44:04","modified_gmt":"2022-07-20T15:44:04","slug":"about","status":"publish","type":"page","link":"https:\/\/www.diamondsdubai.ae\/br\/about\/","title":{"rendered":"sobre n\u00f3s"},"content":{"rendered":"<p>A Diamondsdubai.ae foi extraordinariamente personalizada como a loja on-line do Oriente M\u00e9dio para residentes locais e internacionais. Al\u00e9m disso, estamos aprimorando ainda mais o nosso site para visualizadores de v\u00e1rios idiomas. A entidade trabalha de perto com foco principal na cria\u00e7\u00e3o e cria\u00e7\u00e3o de pe\u00e7as de noivado e alian\u00e7as para mulheres.<\/p>\n<p>A Diamondsdubai atendeu a mais de 1 milh\u00e3o de <a href=\"https:\/\/www.diamondsdubai.ae\/delivery-information.html\"> clientes satisfeitos <\/a> que passaram por um atendimento ao cliente de \u00faltima gera\u00e7\u00e3o. Ao chegar ao Dubai, eles s\u00e3o sugeridos com planos de viagem e servi\u00e7o de ve\u00edculo fornecido para a nossa loja de varejo que est\u00e3o localizados em 4 partes diferentes de Dubai.<\/p>\n<p>Nosso principal motivo depende do atendimento ao cliente e da rela\u00e7\u00e3o custo-benef\u00edcio, aprendemos com a experi\u00eancia passada que muitos clientes valiosos formam o Reino Unido, Esc\u00f3cia, Austr\u00e1lia, Irlanda, B\u00e9lgica, Su\u00ed\u00e7a e at\u00e9 a \u00c1frica do Sul e Extremo Oriente. pagas por suas j\u00f3ias compradas de n\u00f3s foram reavaliadas duas vezes o pre\u00e7o em seus respectivos pa\u00edses.<\/p>\n<p>Isso prova que nosso pre\u00e7o de venda \u00e9 competitivo e razo\u00e1vel do que a maioria dos outros pa\u00edses desenvolvidos. Acreditamos na redu\u00e7\u00e3o de nossa margem de lucro em cada item de joalheria sem comprometer os padr\u00f5es de qualidade.<br \/>\nTamb\u00e9m possu\u00edmos aproximadamente 5.000 <a href=\"https:\/\/www.diamondsdubai.ae\/rings.html\"> joias de ouro ou diamantes prontas <\/a> que compreendem; <a href=\"https:\/\/www.diamondsdubai.ae\/console\/wedding-rings\/\"> casamento <\/a>, <a href = \"https:\/\/www.diamondsdubai.ae\/console\/engagement-rings\/ \"> engajamento <\/a>, <a href=\"https:\/\/www.diamondsdubai.ae\/watches.html\"> j\u00f3ias masculinas <\/a>, <a href =\" https:\/\/www.diamondsdubai.ae\/ console \/ brincos de diamante \/ \"> brincos de diamante <\/a>, j\u00f3ias com pedras preciosas, pingentes e <a href=\"https:\/\/www.diamondsdubai.ae\/certified-diamonds.html\"> diamantes certificados da empresa internacional de certifica\u00e7\u00e3o como: &#8211; GIA, IGI ou HRD <\/a><\/p>\n<hr \/>\n<div class=\"hupso-share-buttons\"><!-- Hupso Share Buttons - https:\/\/www.hupso.com\/share\/ --><a class=\"hupso_toolbar\" href=\"https:\/\/www.hupso.com\/share\/\"><img decoding=\"async\" src=\"https:\/\/static.hupso.com\/share\/buttons\/dot.png\" style=\"border:0px; padding-top: 5px; float:left;\" alt=\"Share Button\"\/><\/a><script type=\"text\/javascript\">var hupso_services_t=new Array(\"Twitter\",\"Facebook\",\"Google Plus\",\"Pinterest\",\"Linkedin\");var hupso_background_t=\"#EAF4FF\";var hupso_border_t=\"#66CCFF\";var hupso_toolbar_size_t=\"medium\";var hupso_image_folder_url = \"\";var hupso_url_t=\"\";var hupso_title_t=\"%7B%3Aen%7DAbout%20Us%7B%3A%7D%7B%3Agb%7DAbout%20Us%20%7B%3A%7D%7B%3Aes%7Dsobre%20nosotros%7B%3A%7D%7B%3Aau%7DAbout%20Us%7B%3A%7D%7B%3Ade%7D%C3%9Cber%20uns%7B%3A%7D%7B%3Afr%7D%20%C3%80%20propos%20de%20nous%7B%3A%7D%7B%3Aru%7D%D0%BD%D0%B0%D1%81%D1%87%D0%B5%D1%82%20%D0%BD%D0%B0%D1%81%7B%3A%7D%7B%3Aar%7D%D9%85%D8%B9%D9%84%D9%88%D9%85%D8%A7%D8%AA%20%D8%B9%D9%86%D8%A7%7B%3A%7D%7B%3Aja%7D%E7%A7%81%E3%81%9F%E3%81%A1%E3%81%AB%E9%96%A2%E3%81%97%E3%81%A6%E3%81%AF%7B%3A%7D%7B%3Azh%7D%E5%85%B3%E4%BA%8E%E6%88%91%E4%BB%AC%7B%3A%7D%7B%3Aro%7Ddespre%20noi%7B%3A%7D%7B%3Abr%7Dsobre%20n%C3%B3s%7B%3A%7D%7B%3Aie%7DF%C3%BAinn%7B%3A%7D%7B%3Auk%7D%D0%BF%D1%80%D0%BE%20%D0%BD%D0%B0%D1%81%7B%3A%7D%7B%3Asv%7Dom%20oss%7B%3A%7D%7B%3Ait%7Driguardo%20a%20noi%7B%3A%7D%7B%3Anl%7Dover%20ons%7B%3A%7D%7B%3Apt%7Dsobre%20n%C3%B3s%7B%3A%7D\";<\/script><script type=\"text\/javascript\" src=\"https:\/\/static.hupso.com\/share\/js\/share_toolbar.js\"><\/script><!-- Hupso Share Buttons --><\/div>","protected":false},"excerpt":{"rendered":"<p>A Diamondsdubai.ae foi extraordinariamente personalizada como a loja on-line do Oriente M\u00e9dio para residentes locais e internacionais. Al\u00e9m disso, estamos aprimorando ainda mais o nosso site para visualizadores de v\u00e1rios idiomas. A entidade trabalha de perto com foco principal na cria\u00e7\u00e3o e cria\u00e7\u00e3o de pe\u00e7as de noivado e alian\u00e7as para mulheres. A Diamondsdubai atendeu a &hellip; <a href=\"https:\/\/www.diamondsdubai.ae\/br\/about\/\" class=\"more-link\">Continue reading<span class=\"screen-reader-text\"> &#8220;sobre n\u00f3s&#8221;<\/span><\/a><\/p>\n","protected":false},"author":1,"featured_media":0,"parent":0,"menu_order":0,"comment_status":"closed","ping_status":"closed","template":"template-parts\/about-page.php","meta":{"_acf_changed":false,"om_disable_all_campaigns":false,"_monsterinsights_skip_tracking":false,"_monsterinsights_sitenote_active":false,"_monsterinsights_sitenote_note":"","_monsterinsights_sitenote_category":0,"footnotes":""},"class_list":["post-7","page","type-page","status-publish","hentry"],"translation":{"provider":"WPGlobus","version":"3.0.0","language":"br","enabled_languages":["en","gb","es","au","ca","nz","de","fr","ru","ar","ja","zh","ro","br","ie","uk","sv","it","nl","pt"],"languages":{"en":{"title":true,"content":true,"excerpt":false},"gb":{"title":true,"content":true,"excerpt":false},"es":{"title":true,"content":true,"excerpt":false},"au":{"title":true,"content":true,"excerpt":false},"ca":{"title":false,"content":false,"excerpt":false},"nz":{"title":false,"content":false,"excerpt":false},"de":{"title":true,"content":true,"excerpt":false},"fr":{"title":true,"content":true,"excerpt":false},"ru":{"title":true,"content":true,"excerpt":false},"ar":{"title":true,"content":true,"excerpt":false},"ja":{"title":true,"content":true,"excerpt":false},"zh":{"title":true,"content":true,"excerpt":false},"ro":{"title":true,"content":true,"excerpt":false},"br":{"title":true,"content":true,"excerpt":false},"ie":{"title":true,"content":true,"excerpt":false},"uk":{"title":true,"content":true,"excerpt":false},"sv":{"title":true,"content":true,"excerpt":false},"it":{"title":true,"content":true,"excerpt":false},"nl":{"title":true,"content":true,"excerpt":false},"pt":{"title":true,"content":true,"excerpt":false}}},"acf":[],"aioseo_notices":[],"_links":{"self":[{"href":"https:\/\/www.diamondsdubai.ae\/br\/wp-json\/wp\/v2\/pages\/7","targetHints":{"allow":["GET"]}}],"collection":[{"href":"https:\/\/www.diamondsdubai.ae\/br\/wp-json\/wp\/v2\/pages"}],"about":[{"href":"https:\/\/www.diamondsdubai.ae\/br\/wp-json\/wp\/v2\/types\/page"}],"author":[{"embeddable":true,"href":"https:\/\/www.diamondsdubai.ae\/br\/wp-json\/wp\/v2\/users\/1"}],"replies":[{"embeddable":true,"href":"https:\/\/www.diamondsdubai.ae\/br\/wp-json\/wp\/v2\/comments?post=7"}],"version-history":[{"count":0,"href":"https:\/\/www.diamondsdubai.ae\/br\/wp-json\/wp\/v2\/pages\/7\/revisions"}],"wp:attachment":[{"href":"https:\/\/www.diamondsdubai.ae\/br\/wp-json\/wp\/v2\/media?parent=7"}],"curies":[{"name":"wp","href":"https:\/\/api.w.org\/{rel}","templated":true}]}}