{"id":19,"date":"2016-07-24T06:56:36","date_gmt":"2016-07-24T06:56:36","guid":{"rendered":"http:\/\/www.diamondsdubai.ae\/?page_id=19"},"modified":"2025-05-08T12:20:34","modified_gmt":"2025-05-08T12:20:34","slug":"diamonds-in-dubai-uae","status":"publish","type":"page","link":"https:\/\/www.diamondsdubai.ae\/de\/","title":{"rendered":"Zuhause"},"content":{"rendered":"<p>Kaufen Sie Diamanten Dubai Verlobungsringe &#8211; Willkommen bei Diamond Diamonds Dubai. Wir sind die Certified Diamond Jewellery Firm in Dubai UAE seit 1966.<\/p>\n<p>Kaufen Sie <a href=\"http:\/\/www.diamondsdubai.ae\/rings.html\"> Verlobungsringe <\/a> Dubai Vereinigte Arabische Emirate mit Diamanten Dubai &#8211; Diamond Jewellery Collection l\u00e4sst Sie sich sch\u00f6n f\u00fchlen &#8211; Erhalten Sie erschwinglichen Preis Diamond Jewellery in 18 kt Wei\u00df Gold, Gelbgold, Ros\u00e9gold.<\/p>\n<p><a href=\"www.diamondsdubai.ae\"> Passen Sie Ihren Diamant <\/a> &#8211; Goldschmuck, Ihr Name Anh\u00e4nger Halskette in 18 Karat Gold. Wir produzieren auch 14kt, 9kt Schmuck.<\/p>\n<p><a href=\"www.diamondsdubai.ae\"> Diamonds Dubai <\/a> wurden 1966 in Dubai als Einzelh\u00e4ndler in 18 Karat Gold &#038; amp; Diamantschmuck. Der Sprung von einem einzigen Gesch\u00e4ft zu 3 Verkaufsstellen geschah nicht \u00fcber Nacht, es wurde durch konsequente Bem\u00fchungen erreicht &#038; amp; Verpflichtung zur Festlegung au\u00dfergew\u00f6hnlich hoher Standards in Bezug auf Qualit\u00e4t &#038; amp; Preis.<\/p>\n<p>Holen Sie sich Ihren pers\u00f6nlichen Diamond &#038; amp; Gold <a href=\"http:\/\/www.diamondsdubai.ae\/console\/rings\/engagement-rings\/\"> Verlobungsringe <\/a>, <a href=\"http:\/\/www.diamondsdubai.ae\/console\/ Ringe \/ Trauringe \/ \"> Trauringe <\/a>, Promise Ring, Vorschlag Ring mit <a href=\"www.diamondsdubai.ae\"> Diamanten Dubai <\/a> in Dubai UAE. Wir sind der beste zertifizierte Diamant-Juwelier in Dubai.<\/p>\n<p>Um <a href=\"http:\/\/www.diamondsdubai.ae\/\"> Diamanten Dubai zu kaufen <\/a> &#8211; k\u00f6nnen Sie uns jederzeit auf unserer WhatsApp oder E-Mail-Adresse oder auf unserer <a href=\"https: \/\/ www. facebook.com\/evagemsdubai\/\">Facebook-Seite <\/a><\/p>\n<div class=\"hupso-share-buttons\"><!-- Hupso Share Buttons - https:\/\/www.hupso.com\/share\/ --><a class=\"hupso_toolbar\" href=\"https:\/\/www.hupso.com\/share\/\"><img decoding=\"async\" src=\"https:\/\/static.hupso.com\/share\/buttons\/dot.png\" style=\"border:0px; padding-top: 5px; float:left;\" alt=\"Share Button\"\/><\/a><script type=\"text\/javascript\">var hupso_services_t=new Array(\"Twitter\",\"Facebook\",\"Google Plus\",\"Pinterest\",\"Linkedin\");var hupso_background_t=\"#EAF4FF\";var hupso_border_t=\"#66CCFF\";var hupso_toolbar_size_t=\"medium\";var hupso_image_folder_url = \"\";var hupso_url_t=\"\";var hupso_title_t=\"%7B%3Aen%7DHOME%7B%3A%7D%7B%3Agb%7DHome%7B%3A%7D%7B%3Aes%7Dcasa%7B%3A%7D%7B%3Aau%7DHOME%7B%3A%7D%7B%3Ade%7DZuhause%7B%3A%7D%7B%3Afr%7DAccueil%7B%3A%7D%7B%3Aru%7D%D0%93%D0%BB%D0%B0%D0%B2%D0%BD%D0%B0%D1%8F%7B%3A%7D%7B%3Aar%7D%D8%A7%D9%84%D8%B5%D9%81%D8%AD%D8%A9%20%D8%A7%D9%84%D8%B1%D8%A6%D9%8A%D8%B3%D9%8A%D8%A9%7B%3A%7D%7B%3Aja%7D%E8%87%AA%E5%AE%85%7B%3A%7D%7B%3Azh%7D%E5%AE%B6%7B%3A%7D%7B%3Aro%7DAcas%C4%83%7B%3A%7D%7B%3Abr%7Dcasa%7B%3A%7D%7B%3Aie%7Dbaile%7B%3A%7D%7B%3Auk%7D%D0%B4%D0%BE%D0%B4%D0%BE%D0%BC%D1%83%7B%3A%7D%7B%3Asv%7DHem%7B%3A%7D%7B%3Ait%7Dcasa%7B%3A%7D%7B%3Anl%7Dhuis%7B%3A%7D%7B%3Apt%7Dcasa%7B%3A%7D\";<\/script><script type=\"text\/javascript\" src=\"https:\/\/static.hupso.com\/share\/js\/share_toolbar.js\"><\/script><!-- Hupso Share Buttons --><\/div>","protected":false},"excerpt":{"rendered":"<p>Kaufen Sie Diamanten Dubai Verlobungsringe &#8211; Willkommen bei Diamond Diamonds Dubai. Wir sind die Certified Diamond Jewellery Firm in Dubai UAE seit 1966. Kaufen Sie Verlobungsringe Dubai Vereinigte Arabische Emirate mit Diamanten Dubai &#8211; Diamond Jewellery Collection l\u00e4sst Sie sich sch\u00f6n f\u00fchlen &#8211; Erhalten Sie erschwinglichen Preis Diamond Jewellery in 18 kt Wei\u00df Gold, Gelbgold, &hellip; <a href=\"https:\/\/www.diamondsdubai.ae\/de\/\" class=\"more-link\">Continue reading<span class=\"screen-reader-text\"> &#8220;Zuhause&#8221;<\/span><\/a><\/p>\n","protected":false},"author":1,"featured_media":290,"parent":0,"menu_order":0,"comment_status":"closed","ping_status":"closed","template":"template-parts\/home-page.php","meta":{"_acf_changed":false,"om_disable_all_campaigns":false,"_monsterinsights_skip_tracking":false,"_monsterinsights_sitenote_active":false,"_monsterinsights_sitenote_note":"","_monsterinsights_sitenote_category":0,"footnotes":""},"class_list":["post-19","page","type-page","status-publish","has-post-thumbnail","hentry"],"translation":{"provider":"WPGlobus","version":"3.0.0","language":"de","enabled_languages":["en","gb","es","au","ca","nz","de","fr","ru","ar","ja","zh","ro","br","ie","uk","sv","it","nl","pt"],"languages":{"en":{"title":true,"content":true,"excerpt":false},"gb":{"title":true,"content":true,"excerpt":false},"es":{"title":true,"content":true,"excerpt":false},"au":{"title":true,"content":true,"excerpt":false},"ca":{"title":false,"content":false,"excerpt":false},"nz":{"title":false,"content":false,"excerpt":false},"de":{"title":true,"content":true,"excerpt":false},"fr":{"title":true,"content":true,"excerpt":false},"ru":{"title":true,"content":true,"excerpt":false},"ar":{"title":true,"content":true,"excerpt":false},"ja":{"title":true,"content":true,"excerpt":false},"zh":{"title":true,"content":true,"excerpt":false},"ro":{"title":true,"content":true,"excerpt":false},"br":{"title":true,"content":true,"excerpt":false},"ie":{"title":true,"content":true,"excerpt":false},"uk":{"title":true,"content":true,"excerpt":false},"sv":{"title":true,"content":true,"excerpt":false},"it":{"title":true,"content":true,"excerpt":false},"nl":{"title":true,"content":true,"excerpt":false},"pt":{"title":true,"content":true,"excerpt":false}}},"acf":[],"aioseo_notices":[],"_links":{"self":[{"href":"https:\/\/www.diamondsdubai.ae\/de\/wp-json\/wp\/v2\/pages\/19","targetHints":{"allow":["GET"]}}],"collection":[{"href":"https:\/\/www.diamondsdubai.ae\/de\/wp-json\/wp\/v2\/pages"}],"about":[{"href":"https:\/\/www.diamondsdubai.ae\/de\/wp-json\/wp\/v2\/types\/page"}],"author":[{"embeddable":true,"href":"https:\/\/www.diamondsdubai.ae\/de\/wp-json\/wp\/v2\/users\/1"}],"replies":[{"embeddable":true,"href":"https:\/\/www.diamondsdubai.ae\/de\/wp-json\/wp\/v2\/comments?post=19"}],"version-history":[{"count":1,"href":"https:\/\/www.diamondsdubai.ae\/de\/wp-json\/wp\/v2\/pages\/19\/revisions"}],"predecessor-version":[{"id":12379,"href":"https:\/\/www.diamondsdubai.ae\/de\/wp-json\/wp\/v2\/pages\/19\/revisions\/12379"}],"wp:featuredmedia":[{"embeddable":true,"href":"https:\/\/www.diamondsdubai.ae\/de\/wp-json\/wp\/v2\/media\/290"}],"wp:attachment":[{"href":"https:\/\/www.diamondsdubai.ae\/de\/wp-json\/wp\/v2\/media?parent=19"}],"curies":[{"name":"wp","href":"https:\/\/api.w.org\/{rel}","templated":true}]}}