{"id":3065,"date":"2018-09-26T13:20:45","date_gmt":"2018-09-26T13:20:45","guid":{"rendered":"https:\/\/www.diamondsdubai.ae\/?page_id=3065"},"modified":"2022-07-22T11:16:19","modified_gmt":"2022-07-22T11:16:19","slug":"jewellery-insurance","status":"publish","type":"page","link":"https:\/\/www.diamondsdubai.ae\/de\/jewellery-insurance\/","title":{"rendered":"Schmuckversicherung"},"content":{"rendered":"<p>Wir bei diamondsdubai.ae, liefern wertvolle Gold- und Diamantenschmuck f\u00fcr verschiedene Arten von Menschen in verschiedenen Teilen der Welt. Wir sind sehr besorgt, dass unsere Kunden sich offensichtlich um ihre kostbaren Edelsteine \u200b\u200bund Juwelen k\u00fcmmern und ihrem Schmuck nach und nach einen sentimentalen Wert beigemessen haben. Es kann entweder Gro\u00dfm\u00fctter sein, die 100 Jahre alt sind, aus unserem Gesch\u00e4ft wieder hergestellt oder vielleicht ein Verlobungsring, der speziell f\u00fcr die wichtigste Erinnerung, die f\u00fcr das Leben lang erwartet wird, handgefertigt wird.<\/p>\n<p>Sie k\u00f6nnen unsere Verkaufsleiter bitten, entweder die beste Versicherungsgesellschaft zu verweisen oder Empfehlungen von der nahen Familie und von den Freunden immer die beste Wahl zu sein. Wir haben es mit der zweiten Generation zu tun, und wir w\u00fcrden trotzig helfen, indem wir kleine Diamanten reparieren oder ersetzen, die zu gegebener Zeit verlegt oder gefallen sind, aber die gr\u00f6\u00dferen Diamanten, die \u00fcber 0,50 Karat liegen, w\u00e4ren sehr teuer ein Grund zur Sorge und daher haben wir die folgenden Schritte f\u00fcr eine erfolgreiche Schmuckversicherung formuliert.<\/p>\n<p>Wir w\u00fcrden die folgenden wichtigen Schritte empfehlen, die nach dem Kauf von Schmuck von uns oder anderswo unternommen werden:<\/p>\n<ul class = \"Juwel_ul\">\n\u00a0<\/p>\n<li> <strong> Auswahl des besten Versicherungsanbieters: &#8211; <\/ strong> Je nach Herkunftsland gibt es mehrere Websites. Angenommen, in den Vereinigten Arabischen Emiraten k\u00f6nnen Sie profunde Websites besuchen; Zum Beispiel: &#8211; insurancemarket.ae oder &#8220;AXA&#8221; -Versicherung und &#8220;AIG&#8221; -Versicherung, um Premium-Angebote zu erhalten, damit alle Ihre Schmuckst\u00fccke versichert sind. In den meisten F\u00e4llen haben wir nach R\u00fccksprache mit unseren engen Kunden erfahren, dass sie ihren Schmuck zusammen mit anderen Verm\u00f6genswerten, Immobilienwagen, Haus und Schmuck unter einem Dach versichern. <\/ Li><br \/>\n\u00a0<\/p>\n<li> <strong> Art der Politik: &#8211; <\/ strong> Wir haben solche ungl\u00fccklichen Umst\u00e4nde erlebt, wo der Diamant in einem Ring entweder gefallen war oder einen kleinen Einriss bekommen hat, nachdem er ihn einige oder mehrere Monate lang getragen hat aufgrund der Handhabung oder einfach nur tragen und rei\u00dfen, w\u00e4hrend Sie es jeden Tag tragen oder es sogar Chemikalien (Parf\u00fcm, Waschmittel usw.) aussetzen oder es beim Fahren zum n\u00e4chsten Fensterglas klopfen lassen. Wenn die Versicherungspolice auch solche Sch\u00e4den w\u00e4hrend normaler Abnutzung deckt, oder annehmen, dass sie diese als &#8220;All Risk&#8221; -Politik in den Vereinigten Arabischen Emiraten oder im Vereinigten K\u00f6nigreich bezeichnen. <\/ Li><br \/>\n\u00a0<\/p>\n<li> <strong> Gebietsspezifische Abdeckung: &#8211; <\/ strong> Es w\u00e4re wichtig, Ihren Schmuck abzudecken, w\u00e4hrend er in Ihrem pers\u00f6nlichen Haus aufbewahrt wird, oder Sie tragen ihn drau\u00dfen. Einige Versicherungsgesellschaften bieten m\u00f6glicherweise keinen Versicherungsschutz f\u00fcr unterwegs an au\u00dferhalb im Urlaub, daher sollte es ber\u00fccksichtigt werden bei der Wahl der richtigen Politik f\u00fcr sich selbst und Ihre Wertsachen. <\/ li><br \/>\n\u00a0<\/p>\n<li> <strong> Anforderungen an das Sicher- heits- und Alarmsystem: &#8211; <\/ strong> Es ist zu erwarten, dass das Versicherungsunternehmen von Ihnen verlangen kann, dass ein Safe- und ein T\u00fcr- oder Fensterunterbrecheralarmsystem aktiviert wird, w\u00e4hrend Sie eine Versicherungspolice f\u00fcr Ihre Verm\u00f6genswerte und Wertsachen abschlie\u00dfen im Haus oder in den B\u00fcror\u00e4umen <\/ li><br \/>\n\u00a0<\/p>\n<li> <strong> Ausschl\u00fcsse f\u00fcr Ihre Police: &#8211; <\/ strong> stellen Sie sicher, dass Ihre Schmuckversicherungspolice einen transparenten und transparenten Policy-Plan f\u00fcr alle Ein- und Ausschl\u00fcsse hat, die Ihre zuk\u00fcnftigen Anspr\u00fcche im Falle von Unsicherheiten nicht entmutigen w\u00fcrden. In der Regel schlie\u00dft jede Versicherungsgesellschaft Naturkatastrophen oder Unruhen usw. aus. Und im Falle eines Diebstahls durch den Hausdiener sind auch Bedienstete und Dienstm\u00e4dchen in die Police einzubeziehen. <\/ Li><br \/>\n\u00a0<\/p>\n<li> <strong> Regelm\u00e4\u00dfige Aktualisierung Ihrer Richtlinie &#038; amp; Bewertung: &#8211; <\/ strong> Es wird empfohlen, Ihren Schmuck regelm\u00e4\u00dfig bei Ihrem Juwelier zu bewerten, um den gleichen Wert bei der Versicherung zu erhalten. Aufgrund der regelm\u00e4\u00dfig schwankenden Goldpreise und Diamantenpreise ist es unumg\u00e4nglich, die Produkte innerhalb eines bestimmten Zeitrahmens auf einen festen Wert zu bewerten. <\/ Li><br \/>\n\u00a0<\/p>\n<li> <strong> Anspruchsprozeduren: &#8211; <\/ strong> Sie k\u00f6nnen sich auch auf Ihre Familie und Freunde f\u00fcr die beste Firma in Ihrer Stadt beziehen, die ein einfaches und einfaches Protokoll f\u00fcr den Fall hat, dass Sie eine Forderung stellen. In der Regel neigen lokale Unternehmen, die keine internationale Exposition haben, dazu, das Antragsverfahren auf mehrere Tage oder sogar Monate zu verl\u00e4ngern. <\/ Li><br \/>\n\u00a0<\/p>\n<li> <strong> Ersatz f\u00fcr verlorene \/ gestohlene Gegenst\u00e4nde: &#8211; <\/ strong> Es w\u00e4re wichtig, auch mit einer schriftlichen Best\u00e4tigung des Versicherers zu diskutieren und zu erreichen, dass sie den f\u00e4lligen Betrag in bar \/ per \u00dcberweisung zur Verf\u00fcgung stellen w\u00fcrden oder w\u00fcrden bieten eine Option, um den gleichen Schmuck vom selben Juwelier zu ersetzen und die Versicherungsgesellschaft kann in ihrem Namen direkt Ersatz f\u00fcr verlorenen \/ gestohlenen Schmuck bezahlen. <\/ li><br \/>\n<\/ ul><\/p>\n<div class=\"hupso-share-buttons\"><!-- Hupso Share Buttons - https:\/\/www.hupso.com\/share\/ --><a class=\"hupso_toolbar\" href=\"https:\/\/www.hupso.com\/share\/\"><img decoding=\"async\" src=\"https:\/\/static.hupso.com\/share\/buttons\/dot.png\" style=\"border:0px; padding-top: 5px; float:left;\" alt=\"Share Button\"\/><\/a><script type=\"text\/javascript\">var hupso_services_t=new Array(\"Twitter\",\"Facebook\",\"Google Plus\",\"Pinterest\",\"Linkedin\");var hupso_background_t=\"#EAF4FF\";var hupso_border_t=\"#66CCFF\";var hupso_toolbar_size_t=\"medium\";var hupso_image_folder_url = \"\";var hupso_url_t=\"\";var hupso_title_t=\"%7B%3Aen%7DJewellery%20Insurance%7B%3A%7D%7B%3Agb%7DJewellery%20Insurance%7B%3A%7D%7B%3Aes%7DSeguro%20de%20joyer%C3%ADa%7B%3A%7D%7B%3Aau%7DJewellery%20Insurance%7B%3A%7D%7B%3Ade%7DSchmuckversicherung%7B%3A%7D%7B%3Afr%7DAssurance%20bijoux%7B%3A%7D%7B%3Aru%7D%D0%A1%D1%82%D1%80%D0%B0%D1%85%D0%BE%D0%B2%D0%B0%D0%BD%D0%B8%D0%B5%20%D1%8E%D0%B2%D0%B5%D0%BB%D0%B8%D1%80%D0%BD%D1%8B%D1%85%20%D0%B8%D0%B7%D0%B4%D0%B5%D0%BB%D0%B8%D0%B9%7B%3A%7D%7B%3Aar%7D%D8%AA%D8%A3%D9%85%D9%8A%D9%86%20%D8%A7%D9%84%D9%85%D8%AC%D9%88%D9%87%D8%B1%D8%A7%D8%AA%7B%3A%7D%7B%3Aja%7D%E3%82%B8%E3%83%A5%E3%82%A8%E3%83%AA%E3%83%BC%E4%BF%9D%E9%99%BA%7B%3A%7D%7B%3Azh%7D%E7%8F%A0%E5%AE%9D%E4%BF%9D%E9%99%A9%7B%3A%7D%7B%3Aro%7DBijuterii%20Asigurari%7B%3A%7D%7B%3Abr%7DSeguro%20de%20Joalheria%7B%3A%7D%7B%3Aie%7D%C3%81rachas%20Seodra%7B%3A%7D%7B%3Auk%7D%D0%AE%D0%B2%D0%B5%D0%BB%D1%96%D1%80%D0%BD%D0%B5%20%D1%81%D1%82%D1%80%D0%B0%D1%85%D1%83%D0%B2%D0%B0%D0%BD%D0%BD%D1%8F%7B%3A%7D%7B%3Asv%7DSmyckesf%C3%B6rs%C3%A4kring%7B%3A%7D%7B%3Ait%7DAssicurazione%20di%20gioielli%7B%3A%7D%7B%3Anl%7DSieradenverzekering%7B%3A%7D%7B%3Apt%7DSeguro%20de%20Joalheria%7B%3A%7D\";<\/script><script type=\"text\/javascript\" src=\"https:\/\/static.hupso.com\/share\/js\/share_toolbar.js\"><\/script><!-- Hupso Share Buttons --><\/div>","protected":false},"excerpt":{"rendered":"<p>Wir bei diamondsdubai.ae, liefern wertvolle Gold- und Diamantenschmuck f\u00fcr verschiedene Arten von Menschen in verschiedenen Teilen der Welt. Wir sind sehr besorgt, dass unsere Kunden sich offensichtlich um ihre kostbaren Edelsteine \u200b\u200bund Juwelen k\u00fcmmern und ihrem Schmuck nach und nach einen sentimentalen Wert beigemessen haben. Es kann entweder Gro\u00dfm\u00fctter sein, die 100 Jahre alt sind, &hellip; <a href=\"https:\/\/www.diamondsdubai.ae\/de\/jewellery-insurance\/\" class=\"more-link\">Continue reading<span class=\"screen-reader-text\"> &#8220;Schmuckversicherung&#8221;<\/span><\/a><\/p>\n","protected":false},"author":1,"featured_media":0,"parent":0,"menu_order":0,"comment_status":"closed","ping_status":"closed","template":"","meta":{"_acf_changed":false,"om_disable_all_campaigns":false,"_monsterinsights_skip_tracking":false,"_monsterinsights_sitenote_active":false,"_monsterinsights_sitenote_note":"","_monsterinsights_sitenote_category":0,"footnotes":""},"class_list":["post-3065","page","type-page","status-publish","hentry"],"translation":{"provider":"WPGlobus","version":"3.0.0","language":"de","enabled_languages":["en","gb","es","au","ca","nz","de","fr","ru","ar","ja","zh","ro","br","ie","uk","sv","it","nl","pt"],"languages":{"en":{"title":true,"content":true,"excerpt":false},"gb":{"title":true,"content":true,"excerpt":false},"es":{"title":true,"content":true,"excerpt":false},"au":{"title":true,"content":true,"excerpt":false},"ca":{"title":false,"content":false,"excerpt":false},"nz":{"title":false,"content":false,"excerpt":false},"de":{"title":true,"content":true,"excerpt":false},"fr":{"title":true,"content":true,"excerpt":false},"ru":{"title":true,"content":true,"excerpt":false},"ar":{"title":true,"content":true,"excerpt":false},"ja":{"title":true,"content":true,"excerpt":false},"zh":{"title":true,"content":true,"excerpt":false},"ro":{"title":true,"content":true,"excerpt":false},"br":{"title":true,"content":true,"excerpt":false},"ie":{"title":true,"content":true,"excerpt":false},"uk":{"title":true,"content":true,"excerpt":false},"sv":{"title":true,"content":true,"excerpt":false},"it":{"title":true,"content":true,"excerpt":false},"nl":{"title":true,"content":true,"excerpt":false},"pt":{"title":true,"content":true,"excerpt":false}}},"acf":[],"aioseo_notices":[],"_links":{"self":[{"href":"https:\/\/www.diamondsdubai.ae\/de\/wp-json\/wp\/v2\/pages\/3065","targetHints":{"allow":["GET"]}}],"collection":[{"href":"https:\/\/www.diamondsdubai.ae\/de\/wp-json\/wp\/v2\/pages"}],"about":[{"href":"https:\/\/www.diamondsdubai.ae\/de\/wp-json\/wp\/v2\/types\/page"}],"author":[{"embeddable":true,"href":"https:\/\/www.diamondsdubai.ae\/de\/wp-json\/wp\/v2\/users\/1"}],"replies":[{"embeddable":true,"href":"https:\/\/www.diamondsdubai.ae\/de\/wp-json\/wp\/v2\/comments?post=3065"}],"version-history":[{"count":0,"href":"https:\/\/www.diamondsdubai.ae\/de\/wp-json\/wp\/v2\/pages\/3065\/revisions"}],"wp:attachment":[{"href":"https:\/\/www.diamondsdubai.ae\/de\/wp-json\/wp\/v2\/media?parent=3065"}],"curies":[{"name":"wp","href":"https:\/\/api.w.org\/{rel}","templated":true}]}}