{"id":3065,"date":"2018-09-26T13:20:45","date_gmt":"2018-09-26T13:20:45","guid":{"rendered":"https:\/\/www.diamondsdubai.ae\/?page_id=3065"},"modified":"2022-07-22T11:16:19","modified_gmt":"2022-07-22T11:16:19","slug":"jewellery-insurance","status":"publish","type":"page","link":"https:\/\/www.diamondsdubai.ae\/es\/jewellery-insurance\/","title":{"rendered":"Seguro de joyer\u00eda"},"content":{"rendered":"<p>En diamondsdubai.ae, proporcionamos valiosas joyas de oro y diamantes a diferentes tipos de personas que viven en diferentes partes del mundo. Estamos muy preocupados de que nuestros clientes obviamente est\u00e9n cuidando sus gemas y joyas preciosas y poco a poco han atribuido un valor sentimental a sus joyas. Puede ser que haya ni\u00f1eras remachadas en el anillo de nuestra tienda o quiz\u00e1s un anillo de compromiso espec\u00edficamente hecho a mano para la memoria m\u00e1s importante que se espera para toda la vida.<\/p>\n<p>Puede solicitar a nuestros ejecutivos de ventas que refieran a la mejor compa\u00f1\u00eda de seguros o que las recomendaciones de familiares cercanos y amigos siempre sean la mejor opci\u00f3n. Estamos negociando con las \u00faltimas generaciones pasadas y, de manera desafiante, ayudar\u00edamos a evitar la reparaci\u00f3n \/ reemplazo de cualquier diamante peque\u00f1o que se haya extraviado o ca\u00eddo a su debido tiempo. Sin embargo, los diamantes m\u00e1s grandes que est\u00e9n por encima de 0,50 quilates y que ser\u00edan bastante caros ser\u00edan un motivo de preocupaci\u00f3n y, por lo tanto, hemos formulado los pasos a continuaci\u00f3n para obtener un seguro de joyer\u00eda exitoso.<\/p>\n<p>Recomendamos los siguientes pasos importantes que se deben tomar despu\u00e9s de comprar cualquier joyer\u00eda de nosotros o en cualquier otro lugar:<\/p>\n<ul class = \"jewel_ul\">\n\u00a0<\/p>\n<li> <strong> Elegir el mejor proveedor de seguros: &#8211; <\/strong> hay varios sitios web que dependen de su pa\u00eds de origen. Supongamos que en los Emiratos \u00c1rabes Unidos, puede visitar sitios web profundos; por ejemplo: &#8211; seguro insurancemarket.ae o &#8220;AXA&#8221;, y seguro &#8220;AIG&#8221; para obtener cotizaciones de primas por tener todas sus joyas aseguradas. En la mayor\u00eda de los casos, despu\u00e9s de discutir con nuestros clientes cercanos, hemos aprendido que aseguran sus joyas junto con otros activos, carros de propiedades, casas y joyas bajo un solo paraguas. <\/li>\n<p>\u00a0<\/p>\n<li> <strong> Tipo de pol\u00edtica: &#8211; <\/strong> hemos experimentado circunstancias tan desafortunadas, en las que el diamante de un anillo se cay\u00f3 o recibi\u00f3 un peque\u00f1o corte despu\u00e9s de usarlo durante algunos o varios meses, esto podr\u00eda ser debido a su manejo o simplemente desgaste y desgaste al usarlo todos los d\u00edas o incluso exponerlo a productos qu\u00edmicos (perfumes, detergentes, etc.) o golpearlo mientras conduce al vidrio de la ventana m\u00e1s cercana. Si la p\u00f3liza de seguro tambi\u00e9n cubre dichos da\u00f1os durante el uso y desgaste normal, o suponga que la denominan pol\u00edtica de &#8220;Todo riesgo&#8221; en Emiratos \u00c1rabes Unidos o Reino Unido. <\/li>\n<p>\u00a0<\/p>\n<li> <strong> Cobertura inteligente en el territorio: &#8211; <\/strong> ser\u00eda importante cubrir sus joyas mientras se mantienen dentro de su casa personal o si las est\u00e1 usando afuera, es posible que algunas compa\u00f1\u00edas de seguros no brinden cobertura para las joyas tomadas mientras viaja fuera de vacaciones, por lo tanto, se tendr\u00e1 en cuenta al elegir la pol\u00edtica adecuada para usted y sus objetos de valor. <\/li>\n<p>\u00a0<\/p>\n<li> <strong> Requisitos del sistema de seguridad y alarma: &#8211; <\/strong> se esperar\u00eda que la compa\u00f1\u00eda de seguros requiera que tenga activado un sistema de alarma de seguridad y de puerta o ventana mientras se realiza una p\u00f3liza de seguro para sus activos y objetos de valor dentro de la casa o locales de oficina <\/li>\n<p>\u00a0<\/p>\n<li> <strong> Exclusiones a su p\u00f3liza: &#8211; <\/strong> aseg\u00farese de que su p\u00f3liza de seguro de joyer\u00eda tenga un plan de p\u00f3liza transparente y transparente para todas las inclusiones y exclusiones que no desanime sus reclamaciones futuras en caso de incertidumbre. Por lo general, todas las compa\u00f1\u00edas de seguros excluyen calamidades naturales o disturbios, etc. Y tambi\u00e9n, en caso de robo a los empleados de la casa, a los sirvientes, a las sirvientas se les debe incluir en la p\u00f3liza. <\/li>\n<p>\u00a0<\/p>\n<li> <strong> Actualizando su pol\u00edtica regularmente &#038; amp; valoraci\u00f3n: &#8211; <\/strong> se recomienda valorar regularmente sus joyas con su joyero, a fin de actualizar el mismo valor con el proveedor de seguros. Debido a la fluctuaci\u00f3n de los precios del oro y los precios de los diamantes, es inevitable valorar los productos a un valor fijo a lo largo de un per\u00edodo de tiempo determinado.<br \/>\n\u00a0<\/p>\n<li> <strong> Procedimientos de reclamaci\u00f3n: &#8211; <\/strong> Tambi\u00e9n puede referirse a su familia y amigos para obtener la mejor compa\u00f1\u00eda en su ciudad, que tendr\u00eda un protocolo simple y f\u00e1cil en caso de solicitar una reclamaci\u00f3n. Generalmente, las compa\u00f1\u00edas locales que no tienen exposici\u00f3n internacional tienden a prolongar el procedimiento de reclamaci\u00f3n a varios d\u00edas o incluso meses. <\/li>\n<p>\u00a0<\/p>\n<li> <strong> Reemplazo por art\u00edculos perdidos \/ robados: &#8211; <\/strong> ser\u00eda importante tambi\u00e9n conversar con el proveedor del seguro y obtener una confirmaci\u00f3n por escrito. El tiempo que proporcionar\u00e1 el monto de la reclamaci\u00f3n en efectivo \/ transferencia bancaria o tambi\u00e9n proporcionar una opci\u00f3n para obtener la misma joyer\u00eda reemplazada por el mismo joyero y la compa\u00f1\u00eda de seguros puede pagar directamente en su nombre por la sustituci\u00f3n de la joyer\u00eda perdida \/ robada. <\/li>\n<\/ul>\n<div class=\"hupso-share-buttons\"><!-- Hupso Share Buttons - https:\/\/www.hupso.com\/share\/ --><a class=\"hupso_toolbar\" href=\"https:\/\/www.hupso.com\/share\/\"><img decoding=\"async\" src=\"https:\/\/static.hupso.com\/share\/buttons\/dot.png\" style=\"border:0px; padding-top: 5px; float:left;\" alt=\"Share Button\"\/><\/a><script type=\"text\/javascript\">var hupso_services_t=new Array(\"Twitter\",\"Facebook\",\"Google Plus\",\"Pinterest\",\"Linkedin\");var hupso_background_t=\"#EAF4FF\";var hupso_border_t=\"#66CCFF\";var hupso_toolbar_size_t=\"medium\";var hupso_image_folder_url = \"\";var hupso_url_t=\"\";var hupso_title_t=\"%7B%3Aen%7DJewellery%20Insurance%7B%3A%7D%7B%3Agb%7DJewellery%20Insurance%7B%3A%7D%7B%3Aes%7DSeguro%20de%20joyer%C3%ADa%7B%3A%7D%7B%3Aau%7DJewellery%20Insurance%7B%3A%7D%7B%3Ade%7DSchmuckversicherung%7B%3A%7D%7B%3Afr%7DAssurance%20bijoux%7B%3A%7D%7B%3Aru%7D%D0%A1%D1%82%D1%80%D0%B0%D1%85%D0%BE%D0%B2%D0%B0%D0%BD%D0%B8%D0%B5%20%D1%8E%D0%B2%D0%B5%D0%BB%D0%B8%D1%80%D0%BD%D1%8B%D1%85%20%D0%B8%D0%B7%D0%B4%D0%B5%D0%BB%D0%B8%D0%B9%7B%3A%7D%7B%3Aar%7D%D8%AA%D8%A3%D9%85%D9%8A%D9%86%20%D8%A7%D9%84%D9%85%D8%AC%D9%88%D9%87%D8%B1%D8%A7%D8%AA%7B%3A%7D%7B%3Aja%7D%E3%82%B8%E3%83%A5%E3%82%A8%E3%83%AA%E3%83%BC%E4%BF%9D%E9%99%BA%7B%3A%7D%7B%3Azh%7D%E7%8F%A0%E5%AE%9D%E4%BF%9D%E9%99%A9%7B%3A%7D%7B%3Aro%7DBijuterii%20Asigurari%7B%3A%7D%7B%3Abr%7DSeguro%20de%20Joalheria%7B%3A%7D%7B%3Aie%7D%C3%81rachas%20Seodra%7B%3A%7D%7B%3Auk%7D%D0%AE%D0%B2%D0%B5%D0%BB%D1%96%D1%80%D0%BD%D0%B5%20%D1%81%D1%82%D1%80%D0%B0%D1%85%D1%83%D0%B2%D0%B0%D0%BD%D0%BD%D1%8F%7B%3A%7D%7B%3Asv%7DSmyckesf%C3%B6rs%C3%A4kring%7B%3A%7D%7B%3Ait%7DAssicurazione%20di%20gioielli%7B%3A%7D%7B%3Anl%7DSieradenverzekering%7B%3A%7D%7B%3Apt%7DSeguro%20de%20Joalheria%7B%3A%7D\";<\/script><script type=\"text\/javascript\" src=\"https:\/\/static.hupso.com\/share\/js\/share_toolbar.js\"><\/script><!-- Hupso Share Buttons --><\/div>","protected":false},"excerpt":{"rendered":"<p>En diamondsdubai.ae, proporcionamos valiosas joyas de oro y diamantes a diferentes tipos de personas que viven en diferentes partes del mundo. Estamos muy preocupados de que nuestros clientes obviamente est\u00e9n cuidando sus gemas y joyas preciosas y poco a poco han atribuido un valor sentimental a sus joyas. Puede ser que haya ni\u00f1eras remachadas en &hellip; <a href=\"https:\/\/www.diamondsdubai.ae\/es\/jewellery-insurance\/\" class=\"more-link\">Continue reading<span class=\"screen-reader-text\"> &#8220;Seguro de joyer\u00eda&#8221;<\/span><\/a><\/p>\n","protected":false},"author":1,"featured_media":0,"parent":0,"menu_order":0,"comment_status":"closed","ping_status":"closed","template":"","meta":{"_acf_changed":false,"om_disable_all_campaigns":false,"_monsterinsights_skip_tracking":false,"_monsterinsights_sitenote_active":false,"_monsterinsights_sitenote_note":"","_monsterinsights_sitenote_category":0,"footnotes":""},"class_list":["post-3065","page","type-page","status-publish","hentry"],"translation":{"provider":"WPGlobus","version":"3.0.0","language":"es","enabled_languages":["en","gb","es","au","ca","nz","de","fr","ru","ar","ja","zh","ro","br","ie","uk","sv","it","nl","pt"],"languages":{"en":{"title":true,"content":true,"excerpt":false},"gb":{"title":true,"content":true,"excerpt":false},"es":{"title":true,"content":true,"excerpt":false},"au":{"title":true,"content":true,"excerpt":false},"ca":{"title":false,"content":false,"excerpt":false},"nz":{"title":false,"content":false,"excerpt":false},"de":{"title":true,"content":true,"excerpt":false},"fr":{"title":true,"content":true,"excerpt":false},"ru":{"title":true,"content":true,"excerpt":false},"ar":{"title":true,"content":true,"excerpt":false},"ja":{"title":true,"content":true,"excerpt":false},"zh":{"title":true,"content":true,"excerpt":false},"ro":{"title":true,"content":true,"excerpt":false},"br":{"title":true,"content":true,"excerpt":false},"ie":{"title":true,"content":true,"excerpt":false},"uk":{"title":true,"content":true,"excerpt":false},"sv":{"title":true,"content":true,"excerpt":false},"it":{"title":true,"content":true,"excerpt":false},"nl":{"title":true,"content":true,"excerpt":false},"pt":{"title":true,"content":true,"excerpt":false}}},"acf":[],"aioseo_notices":[],"_links":{"self":[{"href":"https:\/\/www.diamondsdubai.ae\/es\/wp-json\/wp\/v2\/pages\/3065","targetHints":{"allow":["GET"]}}],"collection":[{"href":"https:\/\/www.diamondsdubai.ae\/es\/wp-json\/wp\/v2\/pages"}],"about":[{"href":"https:\/\/www.diamondsdubai.ae\/es\/wp-json\/wp\/v2\/types\/page"}],"author":[{"embeddable":true,"href":"https:\/\/www.diamondsdubai.ae\/es\/wp-json\/wp\/v2\/users\/1"}],"replies":[{"embeddable":true,"href":"https:\/\/www.diamondsdubai.ae\/es\/wp-json\/wp\/v2\/comments?post=3065"}],"version-history":[{"count":0,"href":"https:\/\/www.diamondsdubai.ae\/es\/wp-json\/wp\/v2\/pages\/3065\/revisions"}],"wp:attachment":[{"href":"https:\/\/www.diamondsdubai.ae\/es\/wp-json\/wp\/v2\/media?parent=3065"}],"curies":[{"name":"wp","href":"https:\/\/api.w.org\/{rel}","templated":true}]}}