{"id":7,"date":"2016-07-23T17:43:40","date_gmt":"2016-07-23T17:43:40","guid":{"rendered":"http:\/\/www.diamondsdubai.ae\/?page_id=7"},"modified":"2022-07-20T15:44:04","modified_gmt":"2022-07-20T15:44:04","slug":"about","status":"publish","type":"page","link":"https:\/\/www.diamondsdubai.ae\/es\/about\/","title":{"rendered":"sobre nosotros"},"content":{"rendered":"<p>Diamondsdubai.ae var extraordin\u00e4rt anpassad som Middle East online webbbutik f\u00f6r b\u00e5de lokala och internationella inv\u00e5nare. Vi f\u00f6rb\u00e4ttrar ocks\u00e5 v\u00e5r hemsida f\u00f6r flerspr\u00e5kiga tittare. Entiteten arbetar n\u00e4ra med fokus p\u00e5 design och handarbete av Engagement och Wedding ring f\u00f6r kvinnor.<\/p>\n<p>Diamondsdubai har tj\u00e4nat mer \u00e4n 1 miljon <a href=\"https:\/\/www.diamondsdubai.ae\/delivery-information.html\"> glada kunder <\/a> som har upplevt toppmoderna kundservice. N\u00e4r de anl\u00e4nder till Dubai, f\u00f6resl\u00e5s de med reseplaner och tillhandah\u00e5lls fordonsservice till v\u00e5r butik som ligger i 4 olika delar av Dubai.<\/p>\n<p>V\u00e5rt fr\u00e4msta motiv \u00e4r beroende av kundservice och valuta f\u00f6r pengarna. Vi har l\u00e4rt oss av tidigare erfarenheter att m\u00e5nga v\u00e4rderade kunder bildar Storbritannien, Skottland, Australien, Irland, Belgien, Schweiz och till och med Sydafrika och \u00f6stern har l\u00e4mnat enast\u00e5ende feedback att priset de har betalat f\u00f6r sina smycken som k\u00f6pts fr\u00e5n oss har uppskattats tv\u00e5 g\u00e5nger priset i respektive land.<\/p>\n<p>Detta visar att v\u00e5rt f\u00f6rs\u00e4ljningspris \u00e4r konkurrenskraftigt och rimligt \u00e4n de flesta andra utvecklade l\u00e4nder. Vi tror p\u00e5 att vi minskar vinstmarginalen p\u00e5 varje smyckeskod utan att \u00e4ventyra kvalitetsnormerna.<br \/>\nVi har ocks\u00e5 cirka 5000 f\u00e4rdiga <a href=\"https:\/\/www.diamondsdubai.ae\/rings.html\"> diamant eller guld smycken <\/a> som omfattar; br\u00f6llop, f\u00f6rlovning, m\u00e4ns smycken, diamant\u00f6rh\u00e4ngen, \u00e4delsten smycken, h\u00e4ngen och certifierade diamanter fr\u00e5n internationellt certifieringsf\u00f6retag som: &#8211; GIA, IGI eller HRD<\/p>\n<hr \/>\n<div class=\"hupso-share-buttons\"><!-- Hupso Share Buttons - https:\/\/www.hupso.com\/share\/ --><a class=\"hupso_toolbar\" href=\"https:\/\/www.hupso.com\/share\/\"><img decoding=\"async\" src=\"https:\/\/static.hupso.com\/share\/buttons\/dot.png\" style=\"border:0px; padding-top: 5px; float:left;\" alt=\"Share Button\"\/><\/a><script type=\"text\/javascript\">var hupso_services_t=new Array(\"Twitter\",\"Facebook\",\"Google Plus\",\"Pinterest\",\"Linkedin\");var hupso_background_t=\"#EAF4FF\";var hupso_border_t=\"#66CCFF\";var hupso_toolbar_size_t=\"medium\";var hupso_image_folder_url = \"\";var hupso_url_t=\"\";var hupso_title_t=\"%7B%3Aen%7DAbout%20Us%7B%3A%7D%7B%3Agb%7DAbout%20Us%20%7B%3A%7D%7B%3Aes%7Dsobre%20nosotros%7B%3A%7D%7B%3Aau%7DAbout%20Us%7B%3A%7D%7B%3Ade%7D%C3%9Cber%20uns%7B%3A%7D%7B%3Afr%7D%20%C3%80%20propos%20de%20nous%7B%3A%7D%7B%3Aru%7D%D0%BD%D0%B0%D1%81%D1%87%D0%B5%D1%82%20%D0%BD%D0%B0%D1%81%7B%3A%7D%7B%3Aar%7D%D9%85%D8%B9%D9%84%D9%88%D9%85%D8%A7%D8%AA%20%D8%B9%D9%86%D8%A7%7B%3A%7D%7B%3Aja%7D%E7%A7%81%E3%81%9F%E3%81%A1%E3%81%AB%E9%96%A2%E3%81%97%E3%81%A6%E3%81%AF%7B%3A%7D%7B%3Azh%7D%E5%85%B3%E4%BA%8E%E6%88%91%E4%BB%AC%7B%3A%7D%7B%3Aro%7Ddespre%20noi%7B%3A%7D%7B%3Abr%7Dsobre%20n%C3%B3s%7B%3A%7D%7B%3Aie%7DF%C3%BAinn%7B%3A%7D%7B%3Auk%7D%D0%BF%D1%80%D0%BE%20%D0%BD%D0%B0%D1%81%7B%3A%7D%7B%3Asv%7Dom%20oss%7B%3A%7D%7B%3Ait%7Driguardo%20a%20noi%7B%3A%7D%7B%3Anl%7Dover%20ons%7B%3A%7D%7B%3Apt%7Dsobre%20n%C3%B3s%7B%3A%7D\";<\/script><script type=\"text\/javascript\" src=\"https:\/\/static.hupso.com\/share\/js\/share_toolbar.js\"><\/script><!-- Hupso Share Buttons --><\/div>","protected":false},"excerpt":{"rendered":"<p>Diamondsdubai.ae var extraordin\u00e4rt anpassad som Middle East online webbbutik f\u00f6r b\u00e5de lokala och internationella inv\u00e5nare. Vi f\u00f6rb\u00e4ttrar ocks\u00e5 v\u00e5r hemsida f\u00f6r flerspr\u00e5kiga tittare. Entiteten arbetar n\u00e4ra med fokus p\u00e5 design och handarbete av Engagement och Wedding ring f\u00f6r kvinnor. Diamondsdubai har tj\u00e4nat mer \u00e4n 1 miljon glada kunder som har upplevt toppmoderna kundservice. N\u00e4r de &hellip; <a href=\"https:\/\/www.diamondsdubai.ae\/es\/about\/\" class=\"more-link\">Continue reading<span class=\"screen-reader-text\"> &#8220;sobre nosotros&#8221;<\/span><\/a><\/p>\n","protected":false},"author":1,"featured_media":0,"parent":0,"menu_order":0,"comment_status":"closed","ping_status":"closed","template":"template-parts\/about-page.php","meta":{"_acf_changed":false,"om_disable_all_campaigns":false,"_monsterinsights_skip_tracking":false,"_monsterinsights_sitenote_active":false,"_monsterinsights_sitenote_note":"","_monsterinsights_sitenote_category":0,"footnotes":""},"class_list":["post-7","page","type-page","status-publish","hentry"],"translation":{"provider":"WPGlobus","version":"3.0.0","language":"es","enabled_languages":["en","gb","es","au","ca","nz","de","fr","ru","ar","ja","zh","ro","br","ie","uk","sv","it","nl","pt"],"languages":{"en":{"title":true,"content":true,"excerpt":false},"gb":{"title":true,"content":true,"excerpt":false},"es":{"title":true,"content":true,"excerpt":false},"au":{"title":true,"content":true,"excerpt":false},"ca":{"title":false,"content":false,"excerpt":false},"nz":{"title":false,"content":false,"excerpt":false},"de":{"title":true,"content":true,"excerpt":false},"fr":{"title":true,"content":true,"excerpt":false},"ru":{"title":true,"content":true,"excerpt":false},"ar":{"title":true,"content":true,"excerpt":false},"ja":{"title":true,"content":true,"excerpt":false},"zh":{"title":true,"content":true,"excerpt":false},"ro":{"title":true,"content":true,"excerpt":false},"br":{"title":true,"content":true,"excerpt":false},"ie":{"title":true,"content":true,"excerpt":false},"uk":{"title":true,"content":true,"excerpt":false},"sv":{"title":true,"content":true,"excerpt":false},"it":{"title":true,"content":true,"excerpt":false},"nl":{"title":true,"content":true,"excerpt":false},"pt":{"title":true,"content":true,"excerpt":false}}},"acf":[],"aioseo_notices":[],"_links":{"self":[{"href":"https:\/\/www.diamondsdubai.ae\/es\/wp-json\/wp\/v2\/pages\/7","targetHints":{"allow":["GET"]}}],"collection":[{"href":"https:\/\/www.diamondsdubai.ae\/es\/wp-json\/wp\/v2\/pages"}],"about":[{"href":"https:\/\/www.diamondsdubai.ae\/es\/wp-json\/wp\/v2\/types\/page"}],"author":[{"embeddable":true,"href":"https:\/\/www.diamondsdubai.ae\/es\/wp-json\/wp\/v2\/users\/1"}],"replies":[{"embeddable":true,"href":"https:\/\/www.diamondsdubai.ae\/es\/wp-json\/wp\/v2\/comments?post=7"}],"version-history":[{"count":0,"href":"https:\/\/www.diamondsdubai.ae\/es\/wp-json\/wp\/v2\/pages\/7\/revisions"}],"wp:attachment":[{"href":"https:\/\/www.diamondsdubai.ae\/es\/wp-json\/wp\/v2\/media?parent=7"}],"curies":[{"name":"wp","href":"https:\/\/api.w.org\/{rel}","templated":true}]}}