{"id":3065,"date":"2018-09-26T13:20:45","date_gmt":"2018-09-26T13:20:45","guid":{"rendered":"https:\/\/www.diamondsdubai.ae\/?page_id=3065"},"modified":"2022-07-22T11:16:19","modified_gmt":"2022-07-22T11:16:19","slug":"jewellery-insurance","status":"publish","type":"page","link":"https:\/\/www.diamondsdubai.ae\/fr\/jewellery-insurance\/","title":{"rendered":"Assurance bijoux"},"content":{"rendered":"<p>Chez diamondsdubai.ae, nous fournissons des bijoux de valeur en or et en diamants \u00e0 divers types de personnes vivant dans diff\u00e9rentes r\u00e9gions du monde. Nous sommes tr\u00e8s pr\u00e9occup\u00e9s par le fait que nos clients prennent bien soin de leurs pierres pr\u00e9cieuses et de leurs bijoux et ont progressivement attach\u00e9 une valeur sentimentale \u00e0 leurs bijoux. Ce peut \u00eatre soit un anneau de grand-m\u00e8res centenaire refait de notre magasin, soit un anneau de fian\u00e7ailles sp\u00e9cialement fabriqu\u00e9 \u00e0 la main pour la m\u00e9moire la plus importante qui soit attendue toute la vie.<\/p>\n<p>Vous pouvez demander \u00e0 nos responsables commerciaux de choisir la meilleure compagnie d\u2019assurance ou des recommandations de la part de votre famille ou de vos amis proches seraient toujours la meilleure option. Nous travaillons avec des g\u00e9n\u00e9rations pr\u00e9c\u00e9dentes et aiderions certainement en r\u00e9parant \/ rempla\u00e7ant tout petit diamant qui aurait pu se perdre ou tomber par la suite, mais les plus gros diamants de plus de 0,50 carat, qui seraient assez chers, seraient Un sujet de pr\u00e9occupation et nous avons donc formul\u00e9 les \u00e9tapes ci-dessous pour une assurance de bijoux r\u00e9ussie.<\/p>\n<p>Nous recommandons les \u00e9tapes importantes suivantes, qui doivent \u00eatre prises apr\u00e8s l&#8217;achat d&#8217;un bijou chez nous ou ailleurs: &#8211;<\/p>\n<ul class = \"jewel_ul\">\n\u00a0<\/p>\n<li> <strong> Choisir le meilleur fournisseur d&#8217;assurance: &#8211; <\/ strong> plusieurs sites Web d\u00e9pendent de votre pays d&#8217;origine. Supposons qu&#8217;aux \u00c9mirats arabes unis, vous pouvez visiter des sites Web profonds; par exemple: &#8211; une assurance insurancemarket.ae ou \u00abAXA\u00bb et une assurance \u00abAIG\u00bb pour obtenir des devis de prime pour assurer tous vos bijoux. Dans la plupart des cas, apr\u00e8s avoir discut\u00e9 avec nos clients proches, nous avons appris qu\u2019ils assuraient leurs bijoux avec d\u2019autres actifs, une voiture, une maison et des bijoux sous un m\u00eame toit. <\/ Li><br \/>\n\u00a0<\/p>\n<li> <strong> Type de politique: &#8211; <\/ strong> nous avons v\u00e9cu une situation malheureuse dans laquelle le diamant d&#8217;un anneau est tomb\u00e9 ou a re\u00e7u une petite entaille \/ fissure apr\u00e8s l&#8217;avoir port\u00e9 pendant plusieurs ou plusieurs mois. en raison de la manipulation ou simplement de l&#8217;usure quotidienne lorsque vous le portez ou m\u00eame de l&#8217;exposer \u00e0 des produits chimiques (parfums, d\u00e9tergents, etc.) ou de le faire frapper au volant tout en conduisant vers la vitre la plus proche. Si la police d\u2019assurance couvre \u00e9galement ces dommages au cours de l\u2019usure normale, ou si elle est qualifi\u00e9e de police \u00abTous risques\u00bb aux \u00c9mirats arabes unis ou au Royaume-Uni. <\/ Li><br \/>\n\u00a0<\/p>\n<li> <strong> Couverture cibl\u00e9e par territoire: &#8211; <\/ strong> il serait important de couvrir vos bijoux pendant qu&#8217;ils sont conserv\u00e9s \u00e0 l&#8217;int\u00e9rieur de votre maison ou \u00e0 l&#8217;ext\u00e9rieur, certaines compagnies d&#8217;assurance peuvent ne pas fournir de couverture pour les bijoux pris en voyage \u00e0 l&#8217;ext\u00e9rieur en vacances, il doit donc \u00eatre pris en compte lors du choix de la politique qui vous convient, \u00e0 vous et \u00e0 vos objets de valeur. <\/ li><br \/>\n\u00a0<\/p>\n<li> <strong> Configuration requise pour le syst\u00e8me de s\u00e9curit\u00e9 et d&#8217;alarme: &#8211; <\/ strong>, il est probable que la compagnie d&#8217;assurance vous demandera de faire activer un syst\u00e8me d&#8217;alarme pour le coffre-fort et la porte ou la fen\u00eatre lors de la souscription d&#8217;une police d&#8217;assurance pour vos biens et vos objets de valeur. \u00e0 l&#8217;int\u00e9rieur de la maison ou du bureau <\/ li><br \/>\n\u00a0<\/p>\n<li> <strong> Exclusions de votre police: &#8211; <\/ strong> assurez-vous que votre police d&#8217;assurance bijoux a un calendrier transparent et transparent pour toutes les inclusions et exclusions qui ne d\u00e9courageront pas vos futures demandes en cas d&#8217;incertitude. Habituellement, chaque compagnie d\u2019assurance exclut les calamit\u00e9s naturelles, les \u00e9meutes, etc. De m\u00eame, en cas de vol des domestiques, des domestiques et des domestiques seront inclus dans la police. <\/ Li><br \/>\n\u00a0<\/p>\n<li> <strong> Mise \u00e0 jour r\u00e9guli\u00e8re de votre politique &#038; amp; \u00e9valuation: <\/ strong>: il est recommand\u00e9 d\u2019\u00e9valuer r\u00e9guli\u00e8rement vos bijoux avec votre bijoutier, afin de mettre \u00e0 jour la m\u00eame valeur avec votre fournisseur d\u2019assurance. En raison de la fluctuation des prix de l\u2019or et du prix des diamants, il est in\u00e9vitable de fixer les prix des produits \u00e0 une valeur fixe sur une p\u00e9riode donn\u00e9e. <\/ Li><br \/>\n\u00a0<\/p>\n<li> <strong> Proc\u00e9dures de r\u00e9clamation: &#8211; <\/ strong>, vous pouvez \u00e9galement contacter votre famille et vos amis pour trouver la meilleure entreprise de votre ville, qui disposerait d&#8217;un protocole simple et facile en cas de demande d&#8217;indemnisation. G\u00e9n\u00e9ralement, les entreprises locales qui n\u2019ont pas de contacts internationaux ont tendance \u00e0 prolonger la proc\u00e9dure de r\u00e9clamation \u00e0 plusieurs jours, voire plusieurs mois. <\/ Li><br \/>\n\u00a0<\/p>\n<li> <strong> Remplacement des objets perdus ou vol\u00e9s: &#8211; <\/ strong>, il serait \u00e9galement important de discuter avec le prestataire d\u2019assurance et d\u2019obtenir une confirmation \u00e9crite de son intention de fournir le montant de la r\u00e9clamation en esp\u00e8ces \/ virement bancaire ou pr\u00e9voir la possibilit\u00e9 de faire remplacer les m\u00eames bijoux aupr\u00e8s du m\u00eame bijoutier et la compagnie d\u2019assurance peut directement payer en leur nom le remplacement des bijoux perdus \/ vol\u00e9s. <\/ li><br \/>\n<\/ ul><\/p>\n<div class=\"hupso-share-buttons\"><!-- Hupso Share Buttons - https:\/\/www.hupso.com\/share\/ --><a class=\"hupso_toolbar\" href=\"https:\/\/www.hupso.com\/share\/\"><img decoding=\"async\" src=\"https:\/\/static.hupso.com\/share\/buttons\/dot.png\" style=\"border:0px; padding-top: 5px; float:left;\" alt=\"Share Button\"\/><\/a><script type=\"text\/javascript\">var hupso_services_t=new Array(\"Twitter\",\"Facebook\",\"Google Plus\",\"Pinterest\",\"Linkedin\");var hupso_background_t=\"#EAF4FF\";var hupso_border_t=\"#66CCFF\";var hupso_toolbar_size_t=\"medium\";var hupso_image_folder_url = \"\";var hupso_url_t=\"\";var hupso_title_t=\"%7B%3Aen%7DJewellery%20Insurance%7B%3A%7D%7B%3Agb%7DJewellery%20Insurance%7B%3A%7D%7B%3Aes%7DSeguro%20de%20joyer%C3%ADa%7B%3A%7D%7B%3Aau%7DJewellery%20Insurance%7B%3A%7D%7B%3Ade%7DSchmuckversicherung%7B%3A%7D%7B%3Afr%7DAssurance%20bijoux%7B%3A%7D%7B%3Aru%7D%D0%A1%D1%82%D1%80%D0%B0%D1%85%D0%BE%D0%B2%D0%B0%D0%BD%D0%B8%D0%B5%20%D1%8E%D0%B2%D0%B5%D0%BB%D0%B8%D1%80%D0%BD%D1%8B%D1%85%20%D0%B8%D0%B7%D0%B4%D0%B5%D0%BB%D0%B8%D0%B9%7B%3A%7D%7B%3Aar%7D%D8%AA%D8%A3%D9%85%D9%8A%D9%86%20%D8%A7%D9%84%D9%85%D8%AC%D9%88%D9%87%D8%B1%D8%A7%D8%AA%7B%3A%7D%7B%3Aja%7D%E3%82%B8%E3%83%A5%E3%82%A8%E3%83%AA%E3%83%BC%E4%BF%9D%E9%99%BA%7B%3A%7D%7B%3Azh%7D%E7%8F%A0%E5%AE%9D%E4%BF%9D%E9%99%A9%7B%3A%7D%7B%3Aro%7DBijuterii%20Asigurari%7B%3A%7D%7B%3Abr%7DSeguro%20de%20Joalheria%7B%3A%7D%7B%3Aie%7D%C3%81rachas%20Seodra%7B%3A%7D%7B%3Auk%7D%D0%AE%D0%B2%D0%B5%D0%BB%D1%96%D1%80%D0%BD%D0%B5%20%D1%81%D1%82%D1%80%D0%B0%D1%85%D1%83%D0%B2%D0%B0%D0%BD%D0%BD%D1%8F%7B%3A%7D%7B%3Asv%7DSmyckesf%C3%B6rs%C3%A4kring%7B%3A%7D%7B%3Ait%7DAssicurazione%20di%20gioielli%7B%3A%7D%7B%3Anl%7DSieradenverzekering%7B%3A%7D%7B%3Apt%7DSeguro%20de%20Joalheria%7B%3A%7D\";<\/script><script type=\"text\/javascript\" src=\"https:\/\/static.hupso.com\/share\/js\/share_toolbar.js\"><\/script><!-- Hupso Share Buttons --><\/div>","protected":false},"excerpt":{"rendered":"<p>Chez diamondsdubai.ae, nous fournissons des bijoux de valeur en or et en diamants \u00e0 divers types de personnes vivant dans diff\u00e9rentes r\u00e9gions du monde. Nous sommes tr\u00e8s pr\u00e9occup\u00e9s par le fait que nos clients prennent bien soin de leurs pierres pr\u00e9cieuses et de leurs bijoux et ont progressivement attach\u00e9 une valeur sentimentale \u00e0 leurs bijoux. &hellip; <a href=\"https:\/\/www.diamondsdubai.ae\/fr\/jewellery-insurance\/\" class=\"more-link\">Continue reading<span class=\"screen-reader-text\"> &#8220;Assurance bijoux&#8221;<\/span><\/a><\/p>\n","protected":false},"author":1,"featured_media":0,"parent":0,"menu_order":0,"comment_status":"closed","ping_status":"closed","template":"","meta":{"_acf_changed":false,"om_disable_all_campaigns":false,"_monsterinsights_skip_tracking":false,"_monsterinsights_sitenote_active":false,"_monsterinsights_sitenote_note":"","_monsterinsights_sitenote_category":0,"footnotes":""},"class_list":["post-3065","page","type-page","status-publish","hentry"],"translation":{"provider":"WPGlobus","version":"3.0.0","language":"fr","enabled_languages":["en","gb","es","au","ca","nz","de","fr","ru","ar","ja","zh","ro","br","ie","uk","sv","it","nl","pt"],"languages":{"en":{"title":true,"content":true,"excerpt":false},"gb":{"title":true,"content":true,"excerpt":false},"es":{"title":true,"content":true,"excerpt":false},"au":{"title":true,"content":true,"excerpt":false},"ca":{"title":false,"content":false,"excerpt":false},"nz":{"title":false,"content":false,"excerpt":false},"de":{"title":true,"content":true,"excerpt":false},"fr":{"title":true,"content":true,"excerpt":false},"ru":{"title":true,"content":true,"excerpt":false},"ar":{"title":true,"content":true,"excerpt":false},"ja":{"title":true,"content":true,"excerpt":false},"zh":{"title":true,"content":true,"excerpt":false},"ro":{"title":true,"content":true,"excerpt":false},"br":{"title":true,"content":true,"excerpt":false},"ie":{"title":true,"content":true,"excerpt":false},"uk":{"title":true,"content":true,"excerpt":false},"sv":{"title":true,"content":true,"excerpt":false},"it":{"title":true,"content":true,"excerpt":false},"nl":{"title":true,"content":true,"excerpt":false},"pt":{"title":true,"content":true,"excerpt":false}}},"acf":[],"aioseo_notices":[],"_links":{"self":[{"href":"https:\/\/www.diamondsdubai.ae\/fr\/wp-json\/wp\/v2\/pages\/3065","targetHints":{"allow":["GET"]}}],"collection":[{"href":"https:\/\/www.diamondsdubai.ae\/fr\/wp-json\/wp\/v2\/pages"}],"about":[{"href":"https:\/\/www.diamondsdubai.ae\/fr\/wp-json\/wp\/v2\/types\/page"}],"author":[{"embeddable":true,"href":"https:\/\/www.diamondsdubai.ae\/fr\/wp-json\/wp\/v2\/users\/1"}],"replies":[{"embeddable":true,"href":"https:\/\/www.diamondsdubai.ae\/fr\/wp-json\/wp\/v2\/comments?post=3065"}],"version-history":[{"count":0,"href":"https:\/\/www.diamondsdubai.ae\/fr\/wp-json\/wp\/v2\/pages\/3065\/revisions"}],"wp:attachment":[{"href":"https:\/\/www.diamondsdubai.ae\/fr\/wp-json\/wp\/v2\/media?parent=3065"}],"curies":[{"name":"wp","href":"https:\/\/api.w.org\/{rel}","templated":true}]}}