{"id":7,"date":"2016-07-23T17:43:40","date_gmt":"2016-07-23T17:43:40","guid":{"rendered":"http:\/\/www.diamondsdubai.ae\/?page_id=7"},"modified":"2022-07-20T15:44:04","modified_gmt":"2022-07-20T15:44:04","slug":"about","status":"publish","type":"page","link":"https:\/\/www.diamondsdubai.ae\/fr\/about\/","title":{"rendered":"\u00c0 propos de nous"},"content":{"rendered":"<p>Diamondsdubai.ae a \u00e9t\u00e9 extraordinairement personnalis\u00e9 en tant que boutique en ligne sur le Moyen-Orient pour les r\u00e9sidents locaux et internationaux. nous mettons \u00e9galement \u00e0 niveau notre site Web pour les utilisateurs multilingues. L&#8217;entit\u00e9 travaille en \u00e9troite collaboration avec principalement l&#8217;accent sur la conception et la fabrication artisanale de bagues de fian\u00e7ailles et de mariage pour femmes.<\/p>\n<p>Diamondsdubai a servi plus d&#8217;un million de <a href=\"https:\/\/www.diamondsdubai.ae\/delivery-information.html\"> clients satisfaits <\/a> ayant b\u00e9n\u00e9fici\u00e9 d&#8217;un service client\u00e8le de pointe. \u00e0 leur arriv\u00e9e \u00e0 Duba\u00ef, ils sont sugg\u00e9r\u00e9s avec des projets de voyage et un service de v\u00e9hicule \u00e0 notre magasin de vente au d\u00e9tail, situ\u00e9 dans 4 r\u00e9gions diff\u00e9rentes de Duba\u00ef.<\/p>\n<p>Notre principale motivation repose sur le service \u00e0 la client\u00e8le et le rapport qualit\u00e9-prix. Nous avons appris de l&#8217;exp\u00e9rience pass\u00e9e que de nombreux clients appr\u00e9ci\u00e9s du Royaume-Uni, d&#8217;\u00c9cosse, d&#8217;Australie, d&#8217;Irlande, de Belgique, de Suisse et m\u00eame d&#8217;Afrique du Sud et d&#8217;Extr\u00eame-Orient ont fourni des informations exceptionnelles sur le prix offert. pay\u00e9s pour leurs bijoux achet\u00e9s chez nous ont \u00e9t\u00e9 r\u00e9\u00e9valu\u00e9s deux fois le prix dans leurs pays respectifs.<\/p>\n<p>Cela prouve que notre prix de vente est comp\u00e9titif et raisonnable par rapport \u00e0 la plupart des autres pays d\u00e9velopp\u00e9s. Nous croyons en la r\u00e9duction de notre marge b\u00e9n\u00e9ficiaire sur chaque article de bijou sans compromettre les normes de qualit\u00e9.<br \/>\nNous poss\u00e9dons \u00e9galement environ 5 000 <a href=\"https:\/\/www.diamondsdubai.ae\/rings.html\"> bijoux en or ou en diamant <\/a> pr\u00eats \u00e0 \u00eatre utilis\u00e9s qui comprennent; mariage, fian\u00e7ailles, bijoux pour hommes, boucles d&#8217;oreilles en diamant, bijoux en pierres pr\u00e9cieuses, pendentifs et diamants certifi\u00e9s d&#8217;une soci\u00e9t\u00e9 de certification internationale comme: &#8211; GIA, IGI ou HRD<\/p>\n<hr \/>\n<div class=\"hupso-share-buttons\"><!-- Hupso Share Buttons - https:\/\/www.hupso.com\/share\/ --><a class=\"hupso_toolbar\" href=\"https:\/\/www.hupso.com\/share\/\"><img decoding=\"async\" src=\"https:\/\/static.hupso.com\/share\/buttons\/dot.png\" style=\"border:0px; padding-top: 5px; float:left;\" alt=\"Share Button\"\/><\/a><script type=\"text\/javascript\">var hupso_services_t=new Array(\"Twitter\",\"Facebook\",\"Google Plus\",\"Pinterest\",\"Linkedin\");var hupso_background_t=\"#EAF4FF\";var hupso_border_t=\"#66CCFF\";var hupso_toolbar_size_t=\"medium\";var hupso_image_folder_url = \"\";var hupso_url_t=\"\";var hupso_title_t=\"%7B%3Aen%7DAbout%20Us%7B%3A%7D%7B%3Agb%7DAbout%20Us%20%7B%3A%7D%7B%3Aes%7Dsobre%20nosotros%7B%3A%7D%7B%3Aau%7DAbout%20Us%7B%3A%7D%7B%3Ade%7D%C3%9Cber%20uns%7B%3A%7D%7B%3Afr%7D%20%C3%80%20propos%20de%20nous%7B%3A%7D%7B%3Aru%7D%D0%BD%D0%B0%D1%81%D1%87%D0%B5%D1%82%20%D0%BD%D0%B0%D1%81%7B%3A%7D%7B%3Aar%7D%D9%85%D8%B9%D9%84%D9%88%D9%85%D8%A7%D8%AA%20%D8%B9%D9%86%D8%A7%7B%3A%7D%7B%3Aja%7D%E7%A7%81%E3%81%9F%E3%81%A1%E3%81%AB%E9%96%A2%E3%81%97%E3%81%A6%E3%81%AF%7B%3A%7D%7B%3Azh%7D%E5%85%B3%E4%BA%8E%E6%88%91%E4%BB%AC%7B%3A%7D%7B%3Aro%7Ddespre%20noi%7B%3A%7D%7B%3Abr%7Dsobre%20n%C3%B3s%7B%3A%7D%7B%3Aie%7DF%C3%BAinn%7B%3A%7D%7B%3Auk%7D%D0%BF%D1%80%D0%BE%20%D0%BD%D0%B0%D1%81%7B%3A%7D%7B%3Asv%7Dom%20oss%7B%3A%7D%7B%3Ait%7Driguardo%20a%20noi%7B%3A%7D%7B%3Anl%7Dover%20ons%7B%3A%7D%7B%3Apt%7Dsobre%20n%C3%B3s%7B%3A%7D\";<\/script><script type=\"text\/javascript\" src=\"https:\/\/static.hupso.com\/share\/js\/share_toolbar.js\"><\/script><!-- Hupso Share Buttons --><\/div>","protected":false},"excerpt":{"rendered":"<p>Diamondsdubai.ae a \u00e9t\u00e9 extraordinairement personnalis\u00e9 en tant que boutique en ligne sur le Moyen-Orient pour les r\u00e9sidents locaux et internationaux. nous mettons \u00e9galement \u00e0 niveau notre site Web pour les utilisateurs multilingues. L&#8217;entit\u00e9 travaille en \u00e9troite collaboration avec principalement l&#8217;accent sur la conception et la fabrication artisanale de bagues de fian\u00e7ailles et de mariage pour &hellip; <a href=\"https:\/\/www.diamondsdubai.ae\/fr\/about\/\" class=\"more-link\">Continue reading<span class=\"screen-reader-text\"> &#8220;\u00c0 propos de nous&#8221;<\/span><\/a><\/p>\n","protected":false},"author":1,"featured_media":0,"parent":0,"menu_order":0,"comment_status":"closed","ping_status":"closed","template":"template-parts\/about-page.php","meta":{"_acf_changed":false,"om_disable_all_campaigns":false,"_monsterinsights_skip_tracking":false,"_monsterinsights_sitenote_active":false,"_monsterinsights_sitenote_note":"","_monsterinsights_sitenote_category":0,"footnotes":""},"class_list":["post-7","page","type-page","status-publish","hentry"],"translation":{"provider":"WPGlobus","version":"3.0.0","language":"fr","enabled_languages":["en","gb","es","au","ca","nz","de","fr","ru","ar","ja","zh","ro","br","ie","uk","sv","it","nl","pt"],"languages":{"en":{"title":true,"content":true,"excerpt":false},"gb":{"title":true,"content":true,"excerpt":false},"es":{"title":true,"content":true,"excerpt":false},"au":{"title":true,"content":true,"excerpt":false},"ca":{"title":false,"content":false,"excerpt":false},"nz":{"title":false,"content":false,"excerpt":false},"de":{"title":true,"content":true,"excerpt":false},"fr":{"title":true,"content":true,"excerpt":false},"ru":{"title":true,"content":true,"excerpt":false},"ar":{"title":true,"content":true,"excerpt":false},"ja":{"title":true,"content":true,"excerpt":false},"zh":{"title":true,"content":true,"excerpt":false},"ro":{"title":true,"content":true,"excerpt":false},"br":{"title":true,"content":true,"excerpt":false},"ie":{"title":true,"content":true,"excerpt":false},"uk":{"title":true,"content":true,"excerpt":false},"sv":{"title":true,"content":true,"excerpt":false},"it":{"title":true,"content":true,"excerpt":false},"nl":{"title":true,"content":true,"excerpt":false},"pt":{"title":true,"content":true,"excerpt":false}}},"acf":[],"aioseo_notices":[],"_links":{"self":[{"href":"https:\/\/www.diamondsdubai.ae\/fr\/wp-json\/wp\/v2\/pages\/7","targetHints":{"allow":["GET"]}}],"collection":[{"href":"https:\/\/www.diamondsdubai.ae\/fr\/wp-json\/wp\/v2\/pages"}],"about":[{"href":"https:\/\/www.diamondsdubai.ae\/fr\/wp-json\/wp\/v2\/types\/page"}],"author":[{"embeddable":true,"href":"https:\/\/www.diamondsdubai.ae\/fr\/wp-json\/wp\/v2\/users\/1"}],"replies":[{"embeddable":true,"href":"https:\/\/www.diamondsdubai.ae\/fr\/wp-json\/wp\/v2\/comments?post=7"}],"version-history":[{"count":0,"href":"https:\/\/www.diamondsdubai.ae\/fr\/wp-json\/wp\/v2\/pages\/7\/revisions"}],"wp:attachment":[{"href":"https:\/\/www.diamondsdubai.ae\/fr\/wp-json\/wp\/v2\/media?parent=7"}],"curies":[{"name":"wp","href":"https:\/\/api.w.org\/{rel}","templated":true}]}}