{"id":3065,"date":"2018-09-26T13:20:45","date_gmt":"2018-09-26T13:20:45","guid":{"rendered":"https:\/\/www.diamondsdubai.ae\/?page_id=3065"},"modified":"2022-07-22T11:16:19","modified_gmt":"2022-07-22T11:16:19","slug":"jewellery-insurance","status":"publish","type":"page","link":"https:\/\/www.diamondsdubai.ae\/ie\/jewellery-insurance\/","title":{"rendered":"\u00c1rachas Seodra"},"content":{"rendered":"<p>Sol\u00e1thra\u00edonn muid diamondsdubai.ae, seodra luachmhara \u00f3r agus diamaint do chine\u00e1l \u00e9ags\u00fail daoine at\u00e1 ina gc\u00f3na\u00ed i gcodanna \u00e9ags\u00fala den domhan. T\u00e1imid an-mh\u00f3r imn\u00ed go bhfuil \u00e1r gcliaint ar nd\u00f3igh ag tabhairt aire mhaith d\u00e1 gcuid gEMS agus seodra l\u00f3mhara agus go bhfuil luach sentimentalach i dtreo a seodra ag gabh\u00e1il leo de r\u00e9ir a ch\u00e9ile. D&#8217;fh\u00e9adfadh s\u00e9 go mbeadh seanmh\u00e1ithreacha athmh\u00fanlaithe f\u00e1inne 100 bliain d&#8217;aois \u00f3n\u00e1r siopa n\u00f3 b&#8217;fh\u00e9idir f\u00e1inne rannph\u00e1irt\u00edochta at\u00e1 l\u00e1mhscr\u00edofa go sonrach don chuimhne is t\u00e1bhachta\u00ed a bhfuiltear ag s\u00fail leis ar feadh an tsaoil.<\/p>\n<p>F\u00e9adfaidh t\u00fa go n-iarrfa\u00ed ar \u00e1r bhfeidhmeannaigh d\u00edolach\u00e1in an chuideachta \u00e1rachais is fearr n\u00f3 na molta\u00ed \u00f3 dh\u00fashl\u00e1inte agus de chairde a tharchur a bheith ar an rogha is fearr i gc\u00f3na\u00ed. T\u00e1imid ag d\u00e9ile\u00e1il \u00f3 na ch\u00e9ad gl\u00fanta at\u00e1 caite agus cabhr\u00f3dh s\u00e9 go d\u00edcheallach tr\u00edd an mbealach a dheisi\u00fa \/ a chur in \u00e1it aon diamaint bheaga a d&#8217;fh\u00e9adfadh a bheith m\u00ed-iompraithe n\u00f3 tar \u00e9is titim in am tr\u00e1tha, \u00e1fach, bheadh \u200b\u200bna diamaint n\u00edos m\u00f3 n\u00e1 os cionn 0.50 carats a bheadh \u200b\u200ban-daor \u00e1bhar imn\u00ed agus d\u00e1 bhr\u00ed sin n\u00ed m\u00f3r d\u00fainn na c\u00e9imeanna th\u00edos a cheapadh d&#8217;\u00e1rachas seodra rath\u00fail.<\/p>\n<p>Molaimid na c\u00e9imeanna t\u00e1bhachtacha seo a leanas a dh\u00e9anfar tar \u00e9is aon seodra a cheannach uainn n\u00f3 in aon \u00e1it eile: &#8211;<\/p>\n<ul class=\"jewel_ul\">\n<li><strong> Ag roghn\u00fa an sol\u00e1thra\u00ed \u00e1rachais is fearr: &#8211; <\/ strong> T\u00e1 roinnt su\u00edomhanna gr\u00e9as\u00e1in ag brath ar do th\u00edr thionscnaimh. Cuir in Aontas na n\u00c9im\u00edr\u00edochta\u00ed Arabacha, is f\u00e9idir leat cuairt a thabhairt ar shu\u00edomhanna idirl\u00edn; mar shampla: &#8211; insurancemarket.ae n\u00f3 \u00e1rachas &#8220;AXA&#8221;, agus \u00e1rachas &#8220;AIG&#8221; chun luachanna pr\u00e9imh a bhaint amach as a bhfuil gach seodra \u00e1rachaithe agat. I bhformh\u00f3r na gc\u00e1sanna tar \u00e9is pl\u00e9 a dh\u00e9anamh len\u00e1r gcliant dl\u00fath, d&#8217;fhoghlaim muid go n-\u00e1rach\u00f3dh siad a seodra mar aon le s\u00f3cmhainn\u00ed eile, carr maoine, t\u00ed agus seodra faoi sc\u00e1th amh\u00e1in. <\/ Li><\/strong><\/li>\n<li><strong> Cine\u00e1l polasa\u00ed: &#8211; <\/ strong> n\u00ed m\u00f3r d\u00fainn a bheith tar \u00e9is imthosca trua den s\u00f3rt sin, i gc\u00e1s ina raibh an Diamond i bhf\u00e1inne tar \u00e9is titim n\u00f3 fuair beag\u00e1n n\u00f3 craiceann tar \u00e9is \u00e9 a chaitheamh ar feadh c\u00fapla m\u00ed n\u00f3 c\u00fapla m\u00ed, d&#8217;fh\u00e9adfadh s\u00e9 seo a bheith mar gheall ar l\u00e1imhse\u00e1il n\u00f3 a chaitheamh ach a chaitheamh agus \u00e9 a chaitheamh go laeth\u00fail n\u00f3 fi\u00fa \u00e9 a chur faoi l\u00e9 ceimice\u00e1in (cumhr\u00e1in, glantaigh srl.) n\u00f3 \u00e9 a bhaint amach agus \u00e9 ag tiom\u00e1int go dt\u00ed an gloine fuinneog is gaire. M\u00e1 chl\u00fada\u00edonn an polasa\u00ed \u00e1rachais dam\u00e1ist\u00ed den s\u00f3rt sin le linn caitheamh agus cuimilt gn\u00e1th, n\u00f3 is d\u00f3cha go dt\u00e9ann siad mar pholasa\u00ed &#8220;Gach Riosca&#8221; in Aontas na n\u00c9im\u00edr\u00edochta\u00ed Arabacha n\u00f3 sa R\u00edocht Aontaithe. <\/ Li><\/strong><\/li>\n<li><strong> Cr\u00edoch cl\u00fadach ciallmhar: &#8211; <\/ strong> Bheadh \u200b\u200bs\u00e9 t\u00e1bhachtach do sheodra a chl\u00fadach agus t\u00fa \u00e1 choinne\u00e1il taobh istigh de do theach pearsanta n\u00f3 m\u00e1 t\u00e1 t\u00fa \u00e1 chaitheamh taobh amuigh, n\u00ed fh\u00e9adfadh roinnt cuideachta\u00ed \u00e1rachais cl\u00fadach le haghaidh seodra a th\u00f3gann agus iad ag taisteal lasmuigh den l\u00e1 saoire, mar sin d\u00e9anfar \u00e9 a chur san \u00e1ireamh agus an beartas ceart agat f\u00e9in agus do chuid earra\u00ed luachmhara a roghn\u00fa. <\/ li><\/strong><\/li>\n<li><strong> Riachtanais ch\u00f3rais S\u00e1bh\u00e1ilte agus Al\u00e1raim: &#8211; <\/ strong> bheadhthar ag s\u00fail go bhf\u00e9adfadh an chuideachta \u00e1rachais a cheangal ort go mbeidh c\u00f3ras al\u00e1raim s\u00e1bh\u00e1la s\u00e1bh\u00e1ilte n\u00f3 dorais n\u00f3 fuinneoige curtha i ngn\u00edomh agus t\u00fa ag dul i mbun polasa\u00ed \u00e1rachais do sh\u00f3cmhainn\u00ed agus do chuid earra\u00ed luachmhara taobh istigh den \u00e1itreabh t\u00ed n\u00f3 oifige <\/ li><\/strong><\/li>\n<li><strong> Eisilt\u00ed ar do pholasa\u00ed: &#8211; <\/ strong> d\u00e9an cinnte go bhfuil sceideal beartais tr\u00e9dhearcacha agus tr\u00e9dhearcach ag do pholasa\u00ed \u00e1rachais seodra maidir le gach eisiamh agus eisiamh a chuirfeadh bac ar do chuid \u00e9ilimh sa todhcha\u00ed i gc\u00e1s neamhchinnteachta. De ghn\u00e1th n\u00ed eis\u00edonn gach cuideachta \u00e1rachais tubaist\u00ed n\u00e1d\u00fartha n\u00f3 c\u00edr\u00e9ibeacha srl. Agus freisin, i gc\u00e1s goid \u00f3 theach t\u00ed, beidh seirbhis\u00ed, maighdeannaigh san \u00e1ireamh sa pholasa\u00ed. <\/ Li><\/strong><\/li>\n<li><strong> Nuashonr\u00fa ar do pholasa\u00ed go rialta &#038; amp; ag luach\u00e1il: &#8211; <\/ strong> moltar do seodra a mheas go rialta le do sheod\u00f3ir, ionas go dtabharfar an luach c\u00e9anna leis an sol\u00e1thra\u00ed \u00e1rachais. Mar gheall ar phraghsanna \u00f3r athraitheach agus praghsanna Diamond go rialta, n\u00edorbh fh\u00e9idir praghas a dh\u00e9anamh ar na t\u00e1irg\u00ed ar luach seasta ar feadh tr\u00e9imhse ama \u00e1irithe Fr\u00e1ma. <\/ Li><\/strong><\/li>\n<li><strong> Modhanna \u00e9ilimh: &#8211; <\/ strong> Chomh maith leis sin, f\u00e9adfaidh t\u00fa tagairt a dh\u00e9anamh do do theaghlach agus do chairde don chuideachta is fearr i do chathair a mbeadh pr\u00f3tacal simpl\u00ed agus \u00e9asca ann i gc\u00e1s \u00e9ileamh a iarraidh. De ghn\u00e1th, n\u00ed m\u00f3r do chuideachta\u00ed \u00e1iti\u00fala nach bhfuil nochtadh idirn\u00e1isi\u00fanta acu, an n\u00f3s imeachta \u00e9ilimh a leathn\u00fa ar feadh roinnt laethanta n\u00f3 fi\u00fa mh\u00ed. <\/ Li><\/strong><\/li>\n<li><strong> Athshol\u00e1thair le haghaidh m\u00edreanna caillte \/ goidte: &#8211; <\/ strong> bheadh \u200b\u200bs\u00e9 t\u00e1bhachtach pl\u00e9 agus dearbh\u00fa i scr\u00edbhinn a fh\u00e1il \u00f3 aimsir an tsol\u00e1thra\u00ed \u00e1rachais go sol\u00e1thr\u00f3dh siad m\u00e9id an \u00e9ilimh in airgead tirim \/ aistri\u00fa bainc n\u00f3 go mbeadh s\u00e9 chomh maith rogha a thabhairt chun an seodra c\u00e9anna a chur in ionad an seoda c\u00e9anna agus f\u00e9adfaidh an chuideachta \u00e1rachais \u00edoc go d\u00edreach as a n-ionad chun seodra caillte \/ goidte a athshol\u00e1thar. <\/ li><br \/>\n<\/ ul> <\/strong><\/li>\n<\/ul>\n<div class=\"hupso-share-buttons\"><!-- Hupso Share Buttons - https:\/\/www.hupso.com\/share\/ --><a class=\"hupso_toolbar\" href=\"https:\/\/www.hupso.com\/share\/\"><img decoding=\"async\" src=\"https:\/\/static.hupso.com\/share\/buttons\/dot.png\" style=\"border:0px; padding-top: 5px; float:left;\" alt=\"Share Button\"\/><\/a><script type=\"text\/javascript\">var hupso_services_t=new Array(\"Twitter\",\"Facebook\",\"Google Plus\",\"Pinterest\",\"Linkedin\");var hupso_background_t=\"#EAF4FF\";var hupso_border_t=\"#66CCFF\";var hupso_toolbar_size_t=\"medium\";var hupso_image_folder_url = \"\";var hupso_url_t=\"\";var hupso_title_t=\"%7B%3Aen%7DJewellery%20Insurance%7B%3A%7D%7B%3Agb%7DJewellery%20Insurance%7B%3A%7D%7B%3Aes%7DSeguro%20de%20joyer%C3%ADa%7B%3A%7D%7B%3Aau%7DJewellery%20Insurance%7B%3A%7D%7B%3Ade%7DSchmuckversicherung%7B%3A%7D%7B%3Afr%7DAssurance%20bijoux%7B%3A%7D%7B%3Aru%7D%D0%A1%D1%82%D1%80%D0%B0%D1%85%D0%BE%D0%B2%D0%B0%D0%BD%D0%B8%D0%B5%20%D1%8E%D0%B2%D0%B5%D0%BB%D0%B8%D1%80%D0%BD%D1%8B%D1%85%20%D0%B8%D0%B7%D0%B4%D0%B5%D0%BB%D0%B8%D0%B9%7B%3A%7D%7B%3Aar%7D%D8%AA%D8%A3%D9%85%D9%8A%D9%86%20%D8%A7%D9%84%D9%85%D8%AC%D9%88%D9%87%D8%B1%D8%A7%D8%AA%7B%3A%7D%7B%3Aja%7D%E3%82%B8%E3%83%A5%E3%82%A8%E3%83%AA%E3%83%BC%E4%BF%9D%E9%99%BA%7B%3A%7D%7B%3Azh%7D%E7%8F%A0%E5%AE%9D%E4%BF%9D%E9%99%A9%7B%3A%7D%7B%3Aro%7DBijuterii%20Asigurari%7B%3A%7D%7B%3Abr%7DSeguro%20de%20Joalheria%7B%3A%7D%7B%3Aie%7D%C3%81rachas%20Seodra%7B%3A%7D%7B%3Auk%7D%D0%AE%D0%B2%D0%B5%D0%BB%D1%96%D1%80%D0%BD%D0%B5%20%D1%81%D1%82%D1%80%D0%B0%D1%85%D1%83%D0%B2%D0%B0%D0%BD%D0%BD%D1%8F%7B%3A%7D%7B%3Asv%7DSmyckesf%C3%B6rs%C3%A4kring%7B%3A%7D%7B%3Ait%7DAssicurazione%20di%20gioielli%7B%3A%7D%7B%3Anl%7DSieradenverzekering%7B%3A%7D%7B%3Apt%7DSeguro%20de%20Joalheria%7B%3A%7D\";<\/script><script type=\"text\/javascript\" src=\"https:\/\/static.hupso.com\/share\/js\/share_toolbar.js\"><\/script><!-- Hupso Share Buttons --><\/div>","protected":false},"excerpt":{"rendered":"<p>Sol\u00e1thra\u00edonn muid diamondsdubai.ae, seodra luachmhara \u00f3r agus diamaint do chine\u00e1l \u00e9ags\u00fail daoine at\u00e1 ina gc\u00f3na\u00ed i gcodanna \u00e9ags\u00fala den domhan. T\u00e1imid an-mh\u00f3r imn\u00ed go bhfuil \u00e1r gcliaint ar nd\u00f3igh ag tabhairt aire mhaith d\u00e1 gcuid gEMS agus seodra l\u00f3mhara agus go bhfuil luach sentimentalach i dtreo a seodra ag gabh\u00e1il leo de r\u00e9ir a ch\u00e9ile. &hellip; <a href=\"https:\/\/www.diamondsdubai.ae\/ie\/jewellery-insurance\/\" class=\"more-link\">Continue reading<span class=\"screen-reader-text\"> &#8220;\u00c1rachas Seodra&#8221;<\/span><\/a><\/p>\n","protected":false},"author":1,"featured_media":0,"parent":0,"menu_order":0,"comment_status":"closed","ping_status":"closed","template":"","meta":{"_acf_changed":false,"om_disable_all_campaigns":false,"_monsterinsights_skip_tracking":false,"_monsterinsights_sitenote_active":false,"_monsterinsights_sitenote_note":"","_monsterinsights_sitenote_category":0,"footnotes":""},"class_list":["post-3065","page","type-page","status-publish","hentry"],"translation":{"provider":"WPGlobus","version":"3.0.0","language":"ie","enabled_languages":["en","gb","es","au","ca","nz","de","fr","ru","ar","ja","zh","ro","br","ie","uk","sv","it","nl","pt"],"languages":{"en":{"title":true,"content":true,"excerpt":false},"gb":{"title":true,"content":true,"excerpt":false},"es":{"title":true,"content":true,"excerpt":false},"au":{"title":true,"content":true,"excerpt":false},"ca":{"title":false,"content":false,"excerpt":false},"nz":{"title":false,"content":false,"excerpt":false},"de":{"title":true,"content":true,"excerpt":false},"fr":{"title":true,"content":true,"excerpt":false},"ru":{"title":true,"content":true,"excerpt":false},"ar":{"title":true,"content":true,"excerpt":false},"ja":{"title":true,"content":true,"excerpt":false},"zh":{"title":true,"content":true,"excerpt":false},"ro":{"title":true,"content":true,"excerpt":false},"br":{"title":true,"content":true,"excerpt":false},"ie":{"title":true,"content":true,"excerpt":false},"uk":{"title":true,"content":true,"excerpt":false},"sv":{"title":true,"content":true,"excerpt":false},"it":{"title":true,"content":true,"excerpt":false},"nl":{"title":true,"content":true,"excerpt":false},"pt":{"title":true,"content":true,"excerpt":false}}},"acf":[],"aioseo_notices":[],"_links":{"self":[{"href":"https:\/\/www.diamondsdubai.ae\/ie\/wp-json\/wp\/v2\/pages\/3065","targetHints":{"allow":["GET"]}}],"collection":[{"href":"https:\/\/www.diamondsdubai.ae\/ie\/wp-json\/wp\/v2\/pages"}],"about":[{"href":"https:\/\/www.diamondsdubai.ae\/ie\/wp-json\/wp\/v2\/types\/page"}],"author":[{"embeddable":true,"href":"https:\/\/www.diamondsdubai.ae\/ie\/wp-json\/wp\/v2\/users\/1"}],"replies":[{"embeddable":true,"href":"https:\/\/www.diamondsdubai.ae\/ie\/wp-json\/wp\/v2\/comments?post=3065"}],"version-history":[{"count":0,"href":"https:\/\/www.diamondsdubai.ae\/ie\/wp-json\/wp\/v2\/pages\/3065\/revisions"}],"wp:attachment":[{"href":"https:\/\/www.diamondsdubai.ae\/ie\/wp-json\/wp\/v2\/media?parent=3065"}],"curies":[{"name":"wp","href":"https:\/\/api.w.org\/{rel}","templated":true}]}}