{"id":7,"date":"2016-07-23T17:43:40","date_gmt":"2016-07-23T17:43:40","guid":{"rendered":"http:\/\/www.diamondsdubai.ae\/?page_id=7"},"modified":"2022-07-20T15:44:04","modified_gmt":"2022-07-20T15:44:04","slug":"about","status":"publish","type":"page","link":"https:\/\/www.diamondsdubai.ae\/ie\/about\/","title":{"rendered":"F\u00fainn"},"content":{"rendered":"<p>Rinneadh Diamondsdubai.ae a shaincheapadh go hiond\u00fail mar st\u00f3r gr\u00e9as\u00e1in ar l\u00edne me\u00e1n-oirthear do ch\u00f3naitheoir\u00ed \u00e1iti\u00fala agus idirn\u00e1isi\u00fanta araon. t\u00e1 muid ag uasghr\u00e1d\u00fa ar \u00e1r l\u00e1ithre\u00e1n gr\u00e9as\u00e1in le haghaidh lucht f\u00e9achana ilteangacha eile. Oibr\u00edonn an t-eintiteas go dl\u00fath le f\u00f3cas go pr\u00edomha ar dhearadh agus l\u00e1mhscr\u00edbhneoireacht Rannph\u00e1irt\u00edocht agus f\u00e1inne bainise do mhn\u00e1.<\/p>\n<p>D&#8217;fhreastail Diamondsdubai n\u00edos m\u00f3 n\u00e1 1 milli\u00fan cliant s\u00e1sta a raibh seirbh\u00eds chustaim\u00e9ara den scoth acu. nuair a thagann siad chuig Dubai, moltar iad le pleananna taistil agus chuir siad seirbh\u00eds feithicl\u00ed ar f\u00e1il d\u00e1r siopa miond\u00edola at\u00e1 lonnaithe i 4 gcodanna \u00e9ags\u00fala de Dubai.<\/p>\n<p>Braitheann \u00e1r bpr\u00edomhfhreagrach ar sheirbh\u00eds do chustaim\u00e9ir\u00ed agus luach ar airgead, d&#8217;fhoghlaim muid \u00f3 thaith\u00ed anuas gur chruthaigh go leor cliant luachmhar RA, Albain, an Astr\u00e1il, \u00c9ire, an Bheilg, an Eilv\u00e9is agus fi\u00fa an Afraic Theas agus i bhfad \u00f3 thuaidh aiseolas gan \u00edoc go bhfuil an praghas at\u00e1 acu a \u00edocadh as a n-jewelry a ceanna\u00edodh uainn athluach\u00e1il faoi dh\u00f3 an praghas ina dt\u00edr f\u00e9in.<\/p>\n<p>Cialla\u00edonn s\u00e9 seo go bhfuil \u00e1r praghas d\u00edola ioma\u00edoch agus r\u00e9as\u00fanta n\u00e1 an chuid is m\u00f3 de na t\u00edortha forbartha eile. Creidimid go laghda\u00edtear \u00e1r gcorrlach brab\u00fais ar gach m\u00edr jewelry gan cur isteach ar chaighde\u00e1in ch\u00e1il\u00edochta.<br \/>\nT\u00e1 thart ar 5,000 diamonds n\u00f3 jewelry \u00f3ir r\u00e9idh d\u00e9anta againn chomh maith; bainise, rannph\u00e1irt\u00edocht, jewelry na bhfear, cluaise Diamond, jewelry gemstone, pendants agus diamaint deimhnithe \u00f3 chuideachta deimhni\u00fach\u00e1in idirn\u00e1isi\u00fanta cos\u00fail le: &#8211; GIA, IGI n\u00f3 HRD<\/p>\n<div class=\"hupso-share-buttons\"><!-- Hupso Share Buttons - https:\/\/www.hupso.com\/share\/ --><a class=\"hupso_toolbar\" href=\"https:\/\/www.hupso.com\/share\/\"><img decoding=\"async\" src=\"https:\/\/static.hupso.com\/share\/buttons\/dot.png\" style=\"border:0px; padding-top: 5px; float:left;\" alt=\"Share Button\"\/><\/a><script type=\"text\/javascript\">var hupso_services_t=new Array(\"Twitter\",\"Facebook\",\"Google Plus\",\"Pinterest\",\"Linkedin\");var hupso_background_t=\"#EAF4FF\";var hupso_border_t=\"#66CCFF\";var hupso_toolbar_size_t=\"medium\";var hupso_image_folder_url = \"\";var hupso_url_t=\"\";var hupso_title_t=\"%7B%3Aen%7DAbout%20Us%7B%3A%7D%7B%3Agb%7DAbout%20Us%20%7B%3A%7D%7B%3Aes%7Dsobre%20nosotros%7B%3A%7D%7B%3Aau%7DAbout%20Us%7B%3A%7D%7B%3Ade%7D%C3%9Cber%20uns%7B%3A%7D%7B%3Afr%7D%20%C3%80%20propos%20de%20nous%7B%3A%7D%7B%3Aru%7D%D0%BD%D0%B0%D1%81%D1%87%D0%B5%D1%82%20%D0%BD%D0%B0%D1%81%7B%3A%7D%7B%3Aar%7D%D9%85%D8%B9%D9%84%D9%88%D9%85%D8%A7%D8%AA%20%D8%B9%D9%86%D8%A7%7B%3A%7D%7B%3Aja%7D%E7%A7%81%E3%81%9F%E3%81%A1%E3%81%AB%E9%96%A2%E3%81%97%E3%81%A6%E3%81%AF%7B%3A%7D%7B%3Azh%7D%E5%85%B3%E4%BA%8E%E6%88%91%E4%BB%AC%7B%3A%7D%7B%3Aro%7Ddespre%20noi%7B%3A%7D%7B%3Abr%7Dsobre%20n%C3%B3s%7B%3A%7D%7B%3Aie%7DF%C3%BAinn%7B%3A%7D%7B%3Auk%7D%D0%BF%D1%80%D0%BE%20%D0%BD%D0%B0%D1%81%7B%3A%7D%7B%3Asv%7Dom%20oss%7B%3A%7D%7B%3Ait%7Driguardo%20a%20noi%7B%3A%7D%7B%3Anl%7Dover%20ons%7B%3A%7D%7B%3Apt%7Dsobre%20n%C3%B3s%7B%3A%7D\";<\/script><script type=\"text\/javascript\" src=\"https:\/\/static.hupso.com\/share\/js\/share_toolbar.js\"><\/script><!-- Hupso Share Buttons --><\/div>","protected":false},"excerpt":{"rendered":"<p>Rinneadh Diamondsdubai.ae a shaincheapadh go hiond\u00fail mar st\u00f3r gr\u00e9as\u00e1in ar l\u00edne me\u00e1n-oirthear do ch\u00f3naitheoir\u00ed \u00e1iti\u00fala agus idirn\u00e1isi\u00fanta araon. t\u00e1 muid ag uasghr\u00e1d\u00fa ar \u00e1r l\u00e1ithre\u00e1n gr\u00e9as\u00e1in le haghaidh lucht f\u00e9achana ilteangacha eile. Oibr\u00edonn an t-eintiteas go dl\u00fath le f\u00f3cas go pr\u00edomha ar dhearadh agus l\u00e1mhscr\u00edbhneoireacht Rannph\u00e1irt\u00edocht agus f\u00e1inne bainise do mhn\u00e1. D&#8217;fhreastail Diamondsdubai n\u00edos m\u00f3 &hellip; <a href=\"https:\/\/www.diamondsdubai.ae\/ie\/about\/\" class=\"more-link\">Continue reading<span class=\"screen-reader-text\"> &#8220;F\u00fainn&#8221;<\/span><\/a><\/p>\n","protected":false},"author":1,"featured_media":0,"parent":0,"menu_order":0,"comment_status":"closed","ping_status":"closed","template":"template-parts\/about-page.php","meta":{"_acf_changed":false,"om_disable_all_campaigns":false,"_monsterinsights_skip_tracking":false,"_monsterinsights_sitenote_active":false,"_monsterinsights_sitenote_note":"","_monsterinsights_sitenote_category":0,"footnotes":""},"class_list":["post-7","page","type-page","status-publish","hentry"],"translation":{"provider":"WPGlobus","version":"3.0.0","language":"ie","enabled_languages":["en","gb","es","au","ca","nz","de","fr","ru","ar","ja","zh","ro","br","ie","uk","sv","it","nl","pt"],"languages":{"en":{"title":true,"content":true,"excerpt":false},"gb":{"title":true,"content":true,"excerpt":false},"es":{"title":true,"content":true,"excerpt":false},"au":{"title":true,"content":true,"excerpt":false},"ca":{"title":false,"content":false,"excerpt":false},"nz":{"title":false,"content":false,"excerpt":false},"de":{"title":true,"content":true,"excerpt":false},"fr":{"title":true,"content":true,"excerpt":false},"ru":{"title":true,"content":true,"excerpt":false},"ar":{"title":true,"content":true,"excerpt":false},"ja":{"title":true,"content":true,"excerpt":false},"zh":{"title":true,"content":true,"excerpt":false},"ro":{"title":true,"content":true,"excerpt":false},"br":{"title":true,"content":true,"excerpt":false},"ie":{"title":true,"content":true,"excerpt":false},"uk":{"title":true,"content":true,"excerpt":false},"sv":{"title":true,"content":true,"excerpt":false},"it":{"title":true,"content":true,"excerpt":false},"nl":{"title":true,"content":true,"excerpt":false},"pt":{"title":true,"content":true,"excerpt":false}}},"acf":[],"aioseo_notices":[],"_links":{"self":[{"href":"https:\/\/www.diamondsdubai.ae\/ie\/wp-json\/wp\/v2\/pages\/7","targetHints":{"allow":["GET"]}}],"collection":[{"href":"https:\/\/www.diamondsdubai.ae\/ie\/wp-json\/wp\/v2\/pages"}],"about":[{"href":"https:\/\/www.diamondsdubai.ae\/ie\/wp-json\/wp\/v2\/types\/page"}],"author":[{"embeddable":true,"href":"https:\/\/www.diamondsdubai.ae\/ie\/wp-json\/wp\/v2\/users\/1"}],"replies":[{"embeddable":true,"href":"https:\/\/www.diamondsdubai.ae\/ie\/wp-json\/wp\/v2\/comments?post=7"}],"version-history":[{"count":0,"href":"https:\/\/www.diamondsdubai.ae\/ie\/wp-json\/wp\/v2\/pages\/7\/revisions"}],"wp:attachment":[{"href":"https:\/\/www.diamondsdubai.ae\/ie\/wp-json\/wp\/v2\/media?parent=7"}],"curies":[{"name":"wp","href":"https:\/\/api.w.org\/{rel}","templated":true}]}}