{"id":68,"date":"2016-07-30T15:14:14","date_gmt":"2016-07-30T15:14:14","guid":{"rendered":"http:\/\/www.diamondsdubai.ae\/?page_id=68"},"modified":"2022-07-22T11:16:06","modified_gmt":"2022-07-22T11:16:06","slug":"delivery-information","status":"publish","type":"page","link":"https:\/\/www.diamondsdubai.ae\/pt\/delivery-information\/","title":{"rendered":"Delivery Information"},"content":{"rendered":"<h5>Em Diamondsdubai.ae &lt;\/ h5&gt;<\/h5>\n<ul>\n<li>Oferecemos um servi\u00e7o de entrega gratuita somente dentro da U.A.E e entrega fora da U.A.E com taxas de envio m\u00ednimas. Encargos de entrega s\u00e3o aplic\u00e1veis \u200b\u200bdepende do pa\u00eds \/ regi\u00e3o. Antes de fazer o seu check-in, entre em contato com nossa loja. N\u00f3s nos associamos com &#8220;fed ex&#8221; e &#8220;ups&#8221; e, devido \u00e0 nossa grande quantidade de remessas regulares, temos direito a tarifas especiais com desconto. Para obter informa\u00e7\u00f5es sobre tarifa e taxas sobre o direito aduaneiro, por favor entre em contato conosco diretamente e podemos discutir como podemos evitar taxas de alf\u00e2ndega ou aduaneira e tamb\u00e9m como podemos reduzir quaisquer custos adicionais cobrados sobre o destinat\u00e1rio. &lt;\/ li&gt;<\/li>\n<li>Damos quase prioridade aos clientes e sua felicidade, cada usu\u00e1rio final deve estar satisfeito com o <a href=\"https:\/\/www.diamondsdubai.ae\/console\/engagement-rings\/\"> anel de compromisso de compra <\/a> , <a href=\"https:\/\/www.diamondsdubai.ae\/console\/wedding-rings\/\"> anel de casamento <\/a> ou <a href=\"https:\/\/www.diamondsdubai.ae\/certified-diamonds. html \"> j\u00f3ias com diamantes certificados <\/a> de nossa loja e tamb\u00e9m solicitamos feedback para aprimorar nosso atendimento ao cliente em todos os momentos. &lt;\/ li&gt;<\/li>\n<li>certos pa\u00edses nos quais podemos direcionar o envio de j\u00f3ias com nossos clientes fi\u00e9is e, portanto, o usu\u00e1rio final n\u00e3o ter\u00e1 direito a pagar quaisquer encargos adicionais de frete ou direitos aduaneiros em casos raros. &lt;\/ li&gt;<\/li>\n<li>para uma entrega r\u00e1pida e r\u00e1pida, \u00e9 necess\u00e1rio que o pagamento seja efetuado por meio de cart\u00f5es Visa \/ Master ou qualquer tipo de transfer\u00eancia banc\u00e1ria seja conclu\u00edda com sucesso. seguido por n\u00f3s tamb\u00e9m verificamos se o produto est\u00e1 dispon\u00edvel e se qualquer redimensionamento de anel \u00e9 necess\u00e1rio, ou qualquer tipo de altera\u00e7\u00e3o \u00e9 solicitada pelo cliente antes de podermos proceder ao envio do produto necess\u00e1rio para o pa\u00eds \/ cidade do destino do destinat\u00e1rio &lt;\/ li&gt;<\/li>\n<li>Todos os nossos diamantes e j\u00f3ias de ouro s\u00e3o certificados e s\u00e3o fornecidos com o cart\u00e3o de autentica\u00e7\u00e3o e garantia da nossa empresa. Em diamantes certificados, o cliente tem direito a certifica\u00e7\u00e3o internacional (G.I.A, HRD ou I.G.I) &lt;\/ li&gt;<\/li>\n<li>voc\u00ea tamb\u00e9m pode nos visitar em nossa <a href=\"https:\/\/www.facebook.com\/evagemsdubai\" target=\"_blank\" rel=\"noopener\"> p\u00e1gina do facebook <\/a> ou visualizar nossas avalia\u00e7\u00f5es de loja em nossa <a href=\"https:\/\/www.tripadvisor.com\/Attraction_Review-g295424-d1924721-Reviews-Gold_And_Diamond_Park-Dubai_Emirate_of_Dubai.html\" target=\"_blank\" rel=\"noopener\"> p\u00e1gina do tripadvisor <\/a> para ler nosso recomenda\u00e7\u00f5es de clientes felizes. &lt;\/ li&gt;<br \/>\n&lt;\/ ul&gt;<\/p>\n<hr \/>\n<h3 style=\"text-align: center;\">Alguns vislumbres com nossos clientes leais &lt;\/ h3&gt;<\/h3>\n<style type=\"text\/css\">\r\n\t#foogallery-gallery-2061 .fg-image {\r\n        width: 400px;\r\n    }\r\n<\/style>\r\n\t\t\t\t<div class=\"foogallery foogallery-container foogallery-default foogallery-lightbox-dfactory fg-gutter-10 fg-center fg-default fg-light fg-border-thin fg-shadow-outline fg-loading-default fg-loaded-fade-in fg-caption-hover fg-hover-fade fg-hover-zoom fg-ready\" id=\"foogallery-gallery-2061\" data-foogallery=\"{&quot;item&quot;:{&quot;showCaptionTitle&quot;:true,&quot;showCaptionDescription&quot;:true},&quot;lazy&quot;:true}\" >\r\n\t<div class=\"fg-item fg-type-image fg-idle\"><figure class=\"fg-item-inner\"><a href=\"https:\/\/www.diamondsdubai.ae\/wp-content\/uploads\/2017\/11\/custpic3.jpg\" data-attachment-id=\"2012\" data-type=\"image\" class=\"fg-thumb\"><span class=\"fg-image-wrap\"><img fetchpriority=\"high\" decoding=\"async\" alt=\"eva jewellers\" width=\"400\" height=\"400\" class=\"skip-lazy fg-image\" data-no-lazy=\"1\" data-src-fg=\"https:\/\/www.diamondsdubai.ae\/wp-content\/uploads\/cache\/2017\/11\/custpic3\/1764738767.jpg\" src=\"data:image\/svg+xml,%3Csvg%20xmlns%3D%22http%3A%2F%2Fwww.w3.org%2F2000%2Fsvg%22%20width%3D%22400%22%20height%3D%22400%22%20viewBox%3D%220%200%20400%20400%22%3E%3C%2Fsvg%3E\" loading=\"eager\"><\/span><span class=\"fg-image-overlay\"><\/span><\/a><figcaption class=\"fg-caption\"><div class=\"fg-caption-inner\"><\/div><\/figcaption><\/figure><div class=\"fg-loader\"><\/div><\/div><div class=\"fg-item fg-type-image fg-idle\"><figure class=\"fg-item-inner\"><a href=\"https:\/\/www.diamondsdubai.ae\/wp-content\/uploads\/2017\/11\/custpic7.jpg\" data-attachment-id=\"2016\" data-type=\"image\" class=\"fg-thumb\"><span class=\"fg-image-wrap\"><img decoding=\"async\" alt=\"eva jewellers\" width=\"400\" height=\"400\" class=\"skip-lazy fg-image\" data-no-lazy=\"1\" data-src-fg=\"https:\/\/www.diamondsdubai.ae\/wp-content\/uploads\/cache\/2017\/11\/custpic7\/633737963.jpg\" src=\"data:image\/svg+xml,%3Csvg%20xmlns%3D%22http%3A%2F%2Fwww.w3.org%2F2000%2Fsvg%22%20width%3D%22400%22%20height%3D%22400%22%20viewBox%3D%220%200%20400%20400%22%3E%3C%2Fsvg%3E\" loading=\"eager\"><\/span><span class=\"fg-image-overlay\"><\/span><\/a><figcaption class=\"fg-caption\"><div class=\"fg-caption-inner\"><\/div><\/figcaption><\/figure><div class=\"fg-loader\"><\/div><\/div><div class=\"fg-item fg-type-image fg-idle\"><figure class=\"fg-item-inner\"><a href=\"https:\/\/www.diamondsdubai.ae\/wp-content\/uploads\/2017\/11\/custpic8-1.jpg\" data-attachment-id=\"2019\" data-type=\"image\" class=\"fg-thumb\"><span class=\"fg-image-wrap\"><img decoding=\"async\" alt=\"mamiya diamonds\" width=\"400\" height=\"400\" class=\"skip-lazy fg-image\" data-no-lazy=\"1\" data-src-fg=\"https:\/\/www.diamondsdubai.ae\/wp-content\/uploads\/cache\/2017\/11\/custpic8-1\/2302593943.jpg\" src=\"data:image\/svg+xml,%3Csvg%20xmlns%3D%22http%3A%2F%2Fwww.w3.org%2F2000%2Fsvg%22%20width%3D%22400%22%20height%3D%22400%22%20viewBox%3D%220%200%20400%20400%22%3E%3C%2Fsvg%3E\" loading=\"eager\"><\/span><span class=\"fg-image-overlay\"><\/span><\/a><figcaption class=\"fg-caption\"><div class=\"fg-caption-inner\"><\/div><\/figcaption><\/figure><div class=\"fg-loader\"><\/div><\/div><div class=\"fg-item fg-type-image fg-idle\"><figure class=\"fg-item-inner\"><a href=\"https:\/\/www.diamondsdubai.ae\/wp-content\/uploads\/2017\/11\/custpic1-1.jpg\" data-attachment-id=\"2018\" data-type=\"image\" class=\"fg-thumb\"><span class=\"fg-image-wrap\"><img decoding=\"async\" alt=\"mamiya diamonds\" width=\"400\" height=\"400\" class=\"skip-lazy fg-image\" data-no-lazy=\"1\" data-src-fg=\"https:\/\/www.diamondsdubai.ae\/wp-content\/uploads\/cache\/2017\/11\/custpic1-1\/1799661219.jpg\" src=\"data:image\/svg+xml,%3Csvg%20xmlns%3D%22http%3A%2F%2Fwww.w3.org%2F2000%2Fsvg%22%20width%3D%22400%22%20height%3D%22400%22%20viewBox%3D%220%200%20400%20400%22%3E%3C%2Fsvg%3E\" loading=\"eager\"><\/span><span class=\"fg-image-overlay\"><\/span><\/a><figcaption class=\"fg-caption\"><div class=\"fg-caption-inner\"><\/div><\/figcaption><\/figure><div class=\"fg-loader\"><\/div><\/div><div class=\"fg-item fg-type-image fg-idle\"><figure class=\"fg-item-inner\"><a href=\"https:\/\/www.diamondsdubai.ae\/wp-content\/uploads\/2017\/11\/custpic4.jpg\" data-attachment-id=\"2013\" data-type=\"image\" class=\"fg-thumb\"><span class=\"fg-image-wrap\"><img decoding=\"async\" alt=\"mamiya diamonds\" width=\"400\" height=\"400\" class=\"skip-lazy fg-image\" data-no-lazy=\"1\" data-src-fg=\"https:\/\/www.diamondsdubai.ae\/wp-content\/uploads\/cache\/2017\/11\/custpic4\/3162159681.jpg\" src=\"data:image\/svg+xml,%3Csvg%20xmlns%3D%22http%3A%2F%2Fwww.w3.org%2F2000%2Fsvg%22%20width%3D%22400%22%20height%3D%22400%22%20viewBox%3D%220%200%20400%20400%22%3E%3C%2Fsvg%3E\" loading=\"eager\"><\/span><span class=\"fg-image-overlay\"><\/span><\/a><figcaption class=\"fg-caption\"><div class=\"fg-caption-inner\"><\/div><\/figcaption><\/figure><div class=\"fg-loader\"><\/div><\/div><div class=\"fg-item fg-type-image fg-idle\"><figure class=\"fg-item-inner\"><a href=\"https:\/\/www.diamondsdubai.ae\/wp-content\/uploads\/2017\/11\/img.jpg\" data-attachment-id=\"2007\" data-type=\"image\" class=\"fg-thumb\"><span class=\"fg-image-wrap\"><img decoding=\"async\" alt=\"eva jewellers\" width=\"400\" height=\"400\" class=\"skip-lazy fg-image\" data-no-lazy=\"1\" data-src-fg=\"https:\/\/www.diamondsdubai.ae\/wp-content\/uploads\/cache\/2017\/11\/img\/1551767248.jpg\" src=\"data:image\/svg+xml,%3Csvg%20xmlns%3D%22http%3A%2F%2Fwww.w3.org%2F2000%2Fsvg%22%20width%3D%22400%22%20height%3D%22400%22%20viewBox%3D%220%200%20400%20400%22%3E%3C%2Fsvg%3E\" loading=\"eager\"><\/span><span class=\"fg-image-overlay\"><\/span><\/a><figcaption class=\"fg-caption\"><div class=\"fg-caption-inner\"><\/div><\/figcaption><\/figure><div class=\"fg-loader\"><\/div><\/div><div class=\"fg-item fg-type-image fg-idle\"><figure class=\"fg-item-inner\"><a href=\"https:\/\/www.diamondsdubai.ae\/wp-content\/uploads\/2017\/11\/custpic2.jpg\" data-attachment-id=\"2011\" data-type=\"image\" class=\"fg-thumb\"><span class=\"fg-image-wrap\"><img decoding=\"async\" alt=\"eva jewellers\" width=\"400\" height=\"400\" class=\"skip-lazy fg-image\" data-no-lazy=\"1\" data-src-fg=\"https:\/\/www.diamondsdubai.ae\/wp-content\/uploads\/cache\/2017\/11\/custpic2\/507797161.jpg\" src=\"data:image\/svg+xml,%3Csvg%20xmlns%3D%22http%3A%2F%2Fwww.w3.org%2F2000%2Fsvg%22%20width%3D%22400%22%20height%3D%22400%22%20viewBox%3D%220%200%20400%20400%22%3E%3C%2Fsvg%3E\" loading=\"eager\"><\/span><span class=\"fg-image-overlay\"><\/span><\/a><figcaption class=\"fg-caption\"><div class=\"fg-caption-inner\"><\/div><\/figcaption><\/figure><div class=\"fg-loader\"><\/div><\/div><\/div>\r\n\n<p>&nbsp;<\/li>\n<\/ul>\n<div class=\"hupso-share-buttons\"><!-- Hupso Share Buttons - https:\/\/www.hupso.com\/share\/ --><a class=\"hupso_toolbar\" href=\"https:\/\/www.hupso.com\/share\/\"><img decoding=\"async\" src=\"https:\/\/static.hupso.com\/share\/buttons\/dot.png\" style=\"border:0px; padding-top: 5px; float:left;\" alt=\"Share Button\"\/><\/a><script type=\"text\/javascript\">var hupso_services_t=new Array(\"Twitter\",\"Facebook\",\"Google Plus\",\"Pinterest\",\"Linkedin\");var hupso_background_t=\"#EAF4FF\";var hupso_border_t=\"#66CCFF\";var hupso_toolbar_size_t=\"medium\";var hupso_image_folder_url = \"\";var hupso_url_t=\"\";var hupso_title_t=\"%7B%3Aen%7DDelivery%20Information%7B%3A%7D%7B%3Agb%7DDelivery%20Information%7B%3A%7D%7B%3Aes%7Dinformaci%C3%B3n%20de%20entrega%20%7B%3A%7D%7B%3Ade%7DLieferinformationen%20%7B%3A%7D%7B%3Afr%7DInformations%20de%20livraison%20%7B%3A%7D%7B%3Aru%7D%D0%B8%D0%BD%D1%84%D0%BE%D1%80%D0%BC%D0%B0%D1%86%D0%B8%D1%8F%20%D0%BE%20%D0%B4%D0%BE%D1%81%D1%82%D0%B0%D0%B2%D0%BA%D0%B5%7B%3A%7D%7B%3Aar%7D%D9%85%D8%B9%D9%84%D9%88%D9%85%D8%A7%D8%AA%20%D8%A7%D9%84%D8%AA%D9%88%D8%B5%D9%8A%D9%84%7B%3A%7D%7B%3Aja%7D%E9%85%8D%E9%80%81%E3%81%AB%E9%96%A2%E3%81%99%E3%82%8B%E6%83%85%E5%A0%B1%20%7B%3A%7D\";<\/script><script type=\"text\/javascript\" src=\"https:\/\/static.hupso.com\/share\/js\/share_toolbar.js\"><\/script><!-- Hupso Share Buttons --><\/div>","protected":false},"excerpt":{"rendered":"<p>Em Diamondsdubai.ae &lt;\/ h5&gt; Oferecemos um servi\u00e7o de entrega gratuita somente dentro da U.A.E e entrega fora da U.A.E com taxas de envio m\u00ednimas. Encargos de entrega s\u00e3o aplic\u00e1veis \u200b\u200bdepende do pa\u00eds \/ regi\u00e3o. Antes de fazer o seu check-in, entre em contato com nossa loja. N\u00f3s nos associamos com &#8220;fed ex&#8221; e &#8220;ups&#8221; e, &hellip; <a href=\"https:\/\/www.diamondsdubai.ae\/pt\/delivery-information\/\" class=\"more-link\">Continue reading<span class=\"screen-reader-text\"> &#8220;Delivery Information&#8221;<\/span><\/a><\/p>\n","protected":false},"author":1,"featured_media":3124,"parent":0,"menu_order":0,"comment_status":"closed","ping_status":"closed","template":"template-parts\/delivery-page.php","meta":{"_acf_changed":false,"om_disable_all_campaigns":false,"_monsterinsights_skip_tracking":false,"_monsterinsights_sitenote_active":false,"_monsterinsights_sitenote_note":"","_monsterinsights_sitenote_category":0,"footnotes":""},"class_list":["post-68","page","type-page","status-publish","has-post-thumbnail","hentry"],"translation":{"provider":"WPGlobus","version":"3.0.0","language":"pt","enabled_languages":["en","gb","es","au","ca","nz","de","fr","ru","ar","ja","zh","ro","br","ie","uk","sv","it","nl","pt"],"languages":{"en":{"title":true,"content":true,"excerpt":false},"gb":{"title":true,"content":true,"excerpt":false},"es":{"title":true,"content":true,"excerpt":false},"au":{"title":false,"content":true,"excerpt":false},"ca":{"title":false,"content":false,"excerpt":false},"nz":{"title":false,"content":false,"excerpt":false},"de":{"title":true,"content":true,"excerpt":false},"fr":{"title":true,"content":true,"excerpt":false},"ru":{"title":true,"content":true,"excerpt":false},"ar":{"title":true,"content":true,"excerpt":false},"ja":{"title":true,"content":true,"excerpt":false},"zh":{"title":false,"content":true,"excerpt":false},"ro":{"title":false,"content":true,"excerpt":false},"br":{"title":false,"content":true,"excerpt":false},"ie":{"title":false,"content":true,"excerpt":false},"uk":{"title":false,"content":true,"excerpt":false},"sv":{"title":false,"content":true,"excerpt":false},"it":{"title":false,"content":true,"excerpt":false},"nl":{"title":false,"content":true,"excerpt":false},"pt":{"title":false,"content":true,"excerpt":false}}},"acf":[],"aioseo_notices":[],"_links":{"self":[{"href":"https:\/\/www.diamondsdubai.ae\/pt\/wp-json\/wp\/v2\/pages\/68","targetHints":{"allow":["GET"]}}],"collection":[{"href":"https:\/\/www.diamondsdubai.ae\/pt\/wp-json\/wp\/v2\/pages"}],"about":[{"href":"https:\/\/www.diamondsdubai.ae\/pt\/wp-json\/wp\/v2\/types\/page"}],"author":[{"embeddable":true,"href":"https:\/\/www.diamondsdubai.ae\/pt\/wp-json\/wp\/v2\/users\/1"}],"replies":[{"embeddable":true,"href":"https:\/\/www.diamondsdubai.ae\/pt\/wp-json\/wp\/v2\/comments?post=68"}],"version-history":[{"count":0,"href":"https:\/\/www.diamondsdubai.ae\/pt\/wp-json\/wp\/v2\/pages\/68\/revisions"}],"wp:featuredmedia":[{"embeddable":true,"href":"https:\/\/www.diamondsdubai.ae\/pt\/wp-json\/wp\/v2\/media\/3124"}],"wp:attachment":[{"href":"https:\/\/www.diamondsdubai.ae\/pt\/wp-json\/wp\/v2\/media?parent=68"}],"curies":[{"name":"wp","href":"https:\/\/api.w.org\/{rel}","templated":true}]}}