{"id":19,"date":"2016-07-24T06:56:36","date_gmt":"2016-07-24T06:56:36","guid":{"rendered":"http:\/\/www.diamondsdubai.ae\/?page_id=19"},"modified":"2025-05-08T12:20:34","modified_gmt":"2025-05-08T12:20:34","slug":"diamonds-in-dubai-uae","status":"publish","type":"page","link":"https:\/\/www.diamondsdubai.ae\/ro\/","title":{"rendered":"Acas\u0103"},"content":{"rendered":"<p>Cump\u0103ra\u021bi diamante Dubai &#8211; Bine a\u021bi venit la Diamond Diamonds Company Diamonds Dubai. Suntem firma de bijuterii cu diamante certificat\u0103 \u00een Dubai EAU din 1966.<\/p>\n<p>Vand <a href=\"http:\/\/www.diamondsdubai.ae\/rings.html\"> Inele de logodna <\/a> Dubai, Emiratele Arabe Unite, cu diamante din Dubai &#8211; Diamond Colec\u021bia de bijuterii face s\u0103 te sim\u021bi frumoas\u0103 &#8211; Ia-pre\u021b accesibil Diamond Jewellery \u00een 18 kt alb Aur, aur galben, aur de aur.<\/p>\n<p><a href=\"www.diamondsdubai.ae\"> Personaliza\u021bi-v\u0103 diamantul <\/a> &#8211; Bijuterii de aur, numele dvs. Colier pandantiv \u00een aur 18kt. Suntem, de asemenea, de fabrica\u021bie de 14kt, 9kt bijuterii.<\/p>\n<p><a href=\"www.diamondsdubai.ae\"> Diamonds Dubai <\/a> au fost \u00eenfiin\u021bate \u00een 1966 \u00een Dubai ca distribuitor \u00een bijuterii de aur \u0219i diamante de 18 carate. Saltul dintr-un singur magazin la 3 puncte de desfacere nu sa \u00eent\u00e2mplat peste noapte, fiind realizat prin eforturi consecvente \u0219i un angajament privind stabilirea unor standarde excep\u021bional de ridicate \u00een ceea ce prive\u0219te calitatea \u0219i pre\u021bul.<\/p>\n<p>Ia-ti personalizate Diamond &#038; aur <a href=\"http:\/\/www.diamondsdubai.ae\/console\/rings\/engagement-rings\/\"> Inele de logodna <\/a>, <a href = \"http: \/\/www.diamondsdubai .ae \/ consola \/ inele \/ inele de nunta \/ \"> Inelele de nunta <\/a>, inelul de promisiune, inelul cu <a href=\"www.diamondsdubai.ae\"> Diamonds Dubai <\/a> din Dubai EAU. Suntem cel mai bun magazin de bijuterii cu diamante certificate din Dubai.<\/p>\n<p>Pentru a <a href=\"http:\/\/www.diamondsdubai.ae\/\"> cumpere diamante Dubai <\/a> &#8211; ne pute\u021bi contacta oric\u00e2nd pe adresa noastr\u0103 sau Whatsapp de e-mail sau <a href = \"https: \/\/ www. facebook.com\/evagemsdubai\/\"> pagina de carte <\/a><\/p>\n<div class=\"hupso-share-buttons\"><!-- Hupso Share Buttons - https:\/\/www.hupso.com\/share\/ --><a class=\"hupso_toolbar\" href=\"https:\/\/www.hupso.com\/share\/\"><img decoding=\"async\" src=\"https:\/\/static.hupso.com\/share\/buttons\/dot.png\" style=\"border:0px; padding-top: 5px; float:left;\" alt=\"Share Button\"\/><\/a><script type=\"text\/javascript\">var hupso_services_t=new Array(\"Twitter\",\"Facebook\",\"Google Plus\",\"Pinterest\",\"Linkedin\");var hupso_background_t=\"#EAF4FF\";var hupso_border_t=\"#66CCFF\";var hupso_toolbar_size_t=\"medium\";var hupso_image_folder_url = \"\";var hupso_url_t=\"\";var hupso_title_t=\"%7B%3Aen%7DHOME%7B%3A%7D%7B%3Agb%7DHome%7B%3A%7D%7B%3Aes%7Dcasa%7B%3A%7D%7B%3Aau%7DHOME%7B%3A%7D%7B%3Ade%7DZuhause%7B%3A%7D%7B%3Afr%7DAccueil%7B%3A%7D%7B%3Aru%7D%D0%93%D0%BB%D0%B0%D0%B2%D0%BD%D0%B0%D1%8F%7B%3A%7D%7B%3Aar%7D%D8%A7%D9%84%D8%B5%D9%81%D8%AD%D8%A9%20%D8%A7%D9%84%D8%B1%D8%A6%D9%8A%D8%B3%D9%8A%D8%A9%7B%3A%7D%7B%3Aja%7D%E8%87%AA%E5%AE%85%7B%3A%7D%7B%3Azh%7D%E5%AE%B6%7B%3A%7D%7B%3Aro%7DAcas%C4%83%7B%3A%7D%7B%3Abr%7Dcasa%7B%3A%7D%7B%3Aie%7Dbaile%7B%3A%7D%7B%3Auk%7D%D0%B4%D0%BE%D0%B4%D0%BE%D0%BC%D1%83%7B%3A%7D%7B%3Asv%7DHem%7B%3A%7D%7B%3Ait%7Dcasa%7B%3A%7D%7B%3Anl%7Dhuis%7B%3A%7D%7B%3Apt%7Dcasa%7B%3A%7D\";<\/script><script type=\"text\/javascript\" src=\"https:\/\/static.hupso.com\/share\/js\/share_toolbar.js\"><\/script><!-- Hupso Share Buttons --><\/div>","protected":false},"excerpt":{"rendered":"<p>Cump\u0103ra\u021bi diamante Dubai &#8211; Bine a\u021bi venit la Diamond Diamonds Company Diamonds Dubai. Suntem firma de bijuterii cu diamante certificat\u0103 \u00een Dubai EAU din 1966. Vand Inele de logodna Dubai, Emiratele Arabe Unite, cu diamante din Dubai &#8211; Diamond Colec\u021bia de bijuterii face s\u0103 te sim\u021bi frumoas\u0103 &#8211; Ia-pre\u021b accesibil Diamond Jewellery \u00een 18 kt &hellip; <a href=\"https:\/\/www.diamondsdubai.ae\/ro\/\" class=\"more-link\">Continue reading<span class=\"screen-reader-text\"> &#8220;Acas\u0103&#8221;<\/span><\/a><\/p>\n","protected":false},"author":1,"featured_media":290,"parent":0,"menu_order":0,"comment_status":"closed","ping_status":"closed","template":"template-parts\/home-page.php","meta":{"_acf_changed":false,"om_disable_all_campaigns":false,"_monsterinsights_skip_tracking":false,"_monsterinsights_sitenote_active":false,"_monsterinsights_sitenote_note":"","_monsterinsights_sitenote_category":0,"footnotes":""},"class_list":["post-19","page","type-page","status-publish","has-post-thumbnail","hentry"],"translation":{"provider":"WPGlobus","version":"3.0.0","language":"ro","enabled_languages":["en","gb","es","au","ca","nz","de","fr","ru","ar","ja","zh","ro","br","ie","uk","sv","it","nl","pt"],"languages":{"en":{"title":true,"content":true,"excerpt":false},"gb":{"title":true,"content":true,"excerpt":false},"es":{"title":true,"content":true,"excerpt":false},"au":{"title":true,"content":true,"excerpt":false},"ca":{"title":false,"content":false,"excerpt":false},"nz":{"title":false,"content":false,"excerpt":false},"de":{"title":true,"content":true,"excerpt":false},"fr":{"title":true,"content":true,"excerpt":false},"ru":{"title":true,"content":true,"excerpt":false},"ar":{"title":true,"content":true,"excerpt":false},"ja":{"title":true,"content":true,"excerpt":false},"zh":{"title":true,"content":true,"excerpt":false},"ro":{"title":true,"content":true,"excerpt":false},"br":{"title":true,"content":true,"excerpt":false},"ie":{"title":true,"content":true,"excerpt":false},"uk":{"title":true,"content":true,"excerpt":false},"sv":{"title":true,"content":true,"excerpt":false},"it":{"title":true,"content":true,"excerpt":false},"nl":{"title":true,"content":true,"excerpt":false},"pt":{"title":true,"content":true,"excerpt":false}}},"acf":[],"aioseo_notices":[],"_links":{"self":[{"href":"https:\/\/www.diamondsdubai.ae\/ro\/wp-json\/wp\/v2\/pages\/19","targetHints":{"allow":["GET"]}}],"collection":[{"href":"https:\/\/www.diamondsdubai.ae\/ro\/wp-json\/wp\/v2\/pages"}],"about":[{"href":"https:\/\/www.diamondsdubai.ae\/ro\/wp-json\/wp\/v2\/types\/page"}],"author":[{"embeddable":true,"href":"https:\/\/www.diamondsdubai.ae\/ro\/wp-json\/wp\/v2\/users\/1"}],"replies":[{"embeddable":true,"href":"https:\/\/www.diamondsdubai.ae\/ro\/wp-json\/wp\/v2\/comments?post=19"}],"version-history":[{"count":1,"href":"https:\/\/www.diamondsdubai.ae\/ro\/wp-json\/wp\/v2\/pages\/19\/revisions"}],"predecessor-version":[{"id":12379,"href":"https:\/\/www.diamondsdubai.ae\/ro\/wp-json\/wp\/v2\/pages\/19\/revisions\/12379"}],"wp:featuredmedia":[{"embeddable":true,"href":"https:\/\/www.diamondsdubai.ae\/ro\/wp-json\/wp\/v2\/media\/290"}],"wp:attachment":[{"href":"https:\/\/www.diamondsdubai.ae\/ro\/wp-json\/wp\/v2\/media?parent=19"}],"curies":[{"name":"wp","href":"https:\/\/api.w.org\/{rel}","templated":true}]}}