{"id":3065,"date":"2018-09-26T13:20:45","date_gmt":"2018-09-26T13:20:45","guid":{"rendered":"https:\/\/www.diamondsdubai.ae\/?page_id=3065"},"modified":"2022-07-22T11:16:19","modified_gmt":"2022-07-22T11:16:19","slug":"jewellery-insurance","status":"publish","type":"page","link":"https:\/\/www.diamondsdubai.ae\/ro\/jewellery-insurance\/","title":{"rendered":"Bijuterii Asigurari"},"content":{"rendered":"<p>Noi, la diamondsdubai.ae, oferim bijuterii de aur \u0219i diamante valoroase pentru diferite tipuri de persoane care tr\u0103iesc \u00een diferite p\u0103r\u021bi ale lumii. Suntem foarte preocupa\u021bi de faptul c\u0103 clien\u021bii no\u0219tri se ocup\u0103 \u00een mod evident de pietrele pre\u021bioase \u0219i de bijuteriile lor \u0219i au ata\u0219at treptat o valoare sentimental\u0103 la bijuteriile lor. Poate fi acolo bunicii inel de vechi de 100 de ani remoded din magazinul nostru sau poate un inel de logodna special creat manual pentru cea mai importanta memorie care este asteptata pentru viata.<\/p>\n<p>Pute\u021bi solicita directorilor no\u0219tri de v\u00e2nz\u0103ri fie s\u0103 se refere la cea mai bun\u0103 companie de asigur\u0103ri, fie recomand\u0103rile familiei \u0219i prietenilor apropia\u021bi ar fi \u00eentotdeauna cea mai bun\u0103 op\u021biune. Avem de-a face cu genera\u021biile secunde trecute \u0219i ne-ar ajuta \u00een mod sfid\u0103tor prin a ie\u0219i din cale \u00een repararea \/ \u00eenlocuirea oric\u0103ror diamante mici care ar fi r\u0103t\u0103cite sau c\u0103zute \u00een timp util, dar diamantele mai mari care sunt peste 0,50 carate, care ar fi destul de scumpe ar fi o problem\u0103 de \u00eengrijorare \u0219i, prin urmare, am formulat pa\u0219ii de mai jos pentru asigurarea de succes a bijuteriilor.<\/p>\n<p>Vom recomanda urm\u0103torii pa\u0219i importan\u021bi care vor fi lua\u021bi dup\u0103 cump\u0103rarea oric\u0103ror bijuterii de la noi sau oriunde altundeva:<\/p>\n<ul class = \"jewel_ul\">\n<li> <strong> Alegerea celui mai bun furnizor de asigur\u0103ri: &#8211; <\/ strong> Exist\u0103 mai multe site-uri Web \u00een func\u021bie de \u021bara dvs. de origine. S\u0103 presupunem c\u0103 \u00een Emiratele Arabe Unite pute\u021bi vizita site-uri profunde; de exemplu: &#8211; insurancemarket.ae sau &#8220;AXA&#8221; de asigurare, \u0219i de asigurare &#8220;AIG&#8221; pentru a ob\u021bine cota\u021bii de prim\u0103 pentru a avea toate bijuteriile dvs. asigurate. \u00cen majoritatea cazurilor, dup\u0103 ce am discutat cu clien\u021bii no\u0219tri apropia\u021bi, am aflat c\u0103 \u00ee\u0219i asigur\u0103 bijuteriile \u00eempreun\u0103 cu alte bunuri, autoturisme, case \u0219i bijuterii sub o umbrel\u0103. <\/ Li>\n<li> <strong> Tip de politic\u0103: &#8211; <\/ strong> am \u00eent\u00e2mpinat astfel de circumstan\u021be nefericite, unde diamantul dintr-un inel fusese c\u0103zut sau a primit o mic\u0103 pauz\u0103 dup\u0103 ce l-a purtat c\u00e2teva luni sau mai multe. datorit\u0103 manipul\u0103rii sau pur \u0219i simplu uzur\u0103 \u00een timp ce-l purta\u021bi \u00een fiecare zi sau chiar s\u0103-l expune\u021bi la substan\u021be chimice (parfum, detergen\u021bi etc) sau s\u0103-l bate \u00een timp ce conduce\u021bi la cea mai apropiat\u0103 fereastr\u0103 de sticl\u0103. \u00cen cazul \u00een care poli\u021ba de asigurare acoper\u0103, de asemenea, astfel de daune \u00een timpul uzurii normale sau presupune\u021bi c\u0103 o consider\u0103 politic\u0103 &#8220;Toate riscurile&#8221; \u00een Emiratele Arabe Unite sau Regatul Unit. <\/ Li>\n<li> <strong> Acoperire teritorial\u0103: <\/ strong> Ar fi important s\u0103 v\u0103 acoperi\u021bi bijuteriile \u00een timp ce acestea sunt p\u0103strate \u00een interiorul casei dvs. personale sau o purta\u021bi \u00een exterior, unele companii de asigurare nu pot oferi acoperire pentru bijuterii efectuate \u00een afara vacan\u021bei, prin urmare, aceasta va fi luat\u0103 \u00een considerare \u00een timp ce alege\u021bi politica potrivit\u0103 pentru dvs. \u0219i pentru obiectele dvs. de valoare. <\/ li>\n<li> <strong> Cerin\u021be privind sistemul de siguran\u021b\u0103 \u0219i de alarm\u0103: <\/ strong> ar fi de a\u0219teptat ca societatea de asigur\u0103ri s\u0103 v\u0103 solicite s\u0103 ave\u021bi activat un sistem de alarm\u0103 \u00een condi\u021bii de siguran\u021b\u0103 \u0219i de declan\u0219are a u\u0219ilor sau ferestrelor \u00een timp ce v\u0103 afla\u021bi \u00een poli\u021ba de asigurare a bunurilor \u0219i obiectelor de valoare \u00een incinta casei sau a biroului <\/ li>\n<li> <strong> Excluderi la politica dvs.: &#8211; <\/ strong> asigura\u021bi-v\u0103 c\u0103 politica dvs. de asigurare a bijuteriilor are un program de politici transparent \u0219i transparent pentru toate includerile \u0219i excluderile care nu ar descuraja revendic\u0103rile viitoare \u00een caz de incertitudine. De regul\u0103, fiecare companie de asigur\u0103ri exclude calamit\u0103\u021bi naturale sau revolte etc. \u0218i, de asemenea, \u00een caz de furt de la houseboy, servitorii, servitoarele vor fi incluse \u00een politic\u0103. <\/ Li>\n<li> <strong> Actualizarea regulilor dvs. regulat \u0219i &#038; amp; evalu\u00e2nd: &#8211; <\/ strong> se recomand\u0103 s\u0103 evalua\u021bi \u00een mod regulat bijuteriile cu bijutierul dvs., astfel \u00eenc\u00e2t s\u0103 actualiza\u021bi aceea\u0219i valoare cu furnizorul de asigurare. Datorit\u0103 fluctua\u021biei pre\u021burilor de aur \u0219i a pre\u021burilor la diamante \u00een mod regulat, este inevitabil s\u0103 pre\u021ba\u021bi produsele la o valoare fix\u0103 \u200b\u200bpe o perioad\u0103 de timp dat\u0103. <\/ Li>\n<li> <strong> Proceduri de revendicare: <\/ strong> De asemenea, pute\u021bi s\u0103 v\u0103 adresa\u021bi familiei \u0219i prietenilor pentru cea mai bun\u0103 companie din ora\u0219ul dvs., care ar avea un protocol simplu \u0219i u\u0219or \u00een cazul solicit\u0103rii unei reclama\u021bii. De obicei, companiile locale care nu au expunere interna\u021bional\u0103 tind s\u0103 prelungeasc\u0103 procedura de revendicare la c\u00e2teva zile sau chiar luni. <\/ Li>\n<li> <strong> \u00cenlocuirea elementelor pierdute \/ furate: &#8211; <\/ strong> ar fi important s\u0103 discuta\u021bi \u0219i s\u0103 ob\u021bine\u021bi o confirmare scris\u0103 din partea furnizorului de asigur\u0103ri, dac\u0103 va furniza suma de plat\u0103 \u00een numerar \/ transfer bancar ofer\u0103 o op\u021biune pentru a \u00eenlocui aceea\u0219i bijuterie cu aceea\u0219i bijuterie \u0219i compania de asigur\u0103ri poate pl\u0103ti \u00een mod direct \u00een numele lor pentru \u00eenlocuirea bijuteriilor pierdute \/ furate. <\/ li><br \/>\n<\/ Ul><\/p>\n<div class=\"hupso-share-buttons\"><!-- Hupso Share Buttons - https:\/\/www.hupso.com\/share\/ --><a class=\"hupso_toolbar\" href=\"https:\/\/www.hupso.com\/share\/\"><img decoding=\"async\" src=\"https:\/\/static.hupso.com\/share\/buttons\/dot.png\" style=\"border:0px; padding-top: 5px; float:left;\" alt=\"Share Button\"\/><\/a><script type=\"text\/javascript\">var hupso_services_t=new Array(\"Twitter\",\"Facebook\",\"Google Plus\",\"Pinterest\",\"Linkedin\");var hupso_background_t=\"#EAF4FF\";var hupso_border_t=\"#66CCFF\";var hupso_toolbar_size_t=\"medium\";var hupso_image_folder_url = \"\";var hupso_url_t=\"\";var hupso_title_t=\"%7B%3Aen%7DJewellery%20Insurance%7B%3A%7D%7B%3Agb%7DJewellery%20Insurance%7B%3A%7D%7B%3Aes%7DSeguro%20de%20joyer%C3%ADa%7B%3A%7D%7B%3Aau%7DJewellery%20Insurance%7B%3A%7D%7B%3Ade%7DSchmuckversicherung%7B%3A%7D%7B%3Afr%7DAssurance%20bijoux%7B%3A%7D%7B%3Aru%7D%D0%A1%D1%82%D1%80%D0%B0%D1%85%D0%BE%D0%B2%D0%B0%D0%BD%D0%B8%D0%B5%20%D1%8E%D0%B2%D0%B5%D0%BB%D0%B8%D1%80%D0%BD%D1%8B%D1%85%20%D0%B8%D0%B7%D0%B4%D0%B5%D0%BB%D0%B8%D0%B9%7B%3A%7D%7B%3Aar%7D%D8%AA%D8%A3%D9%85%D9%8A%D9%86%20%D8%A7%D9%84%D9%85%D8%AC%D9%88%D9%87%D8%B1%D8%A7%D8%AA%7B%3A%7D%7B%3Aja%7D%E3%82%B8%E3%83%A5%E3%82%A8%E3%83%AA%E3%83%BC%E4%BF%9D%E9%99%BA%7B%3A%7D%7B%3Azh%7D%E7%8F%A0%E5%AE%9D%E4%BF%9D%E9%99%A9%7B%3A%7D%7B%3Aro%7DBijuterii%20Asigurari%7B%3A%7D%7B%3Abr%7DSeguro%20de%20Joalheria%7B%3A%7D%7B%3Aie%7D%C3%81rachas%20Seodra%7B%3A%7D%7B%3Auk%7D%D0%AE%D0%B2%D0%B5%D0%BB%D1%96%D1%80%D0%BD%D0%B5%20%D1%81%D1%82%D1%80%D0%B0%D1%85%D1%83%D0%B2%D0%B0%D0%BD%D0%BD%D1%8F%7B%3A%7D%7B%3Asv%7DSmyckesf%C3%B6rs%C3%A4kring%7B%3A%7D%7B%3Ait%7DAssicurazione%20di%20gioielli%7B%3A%7D%7B%3Anl%7DSieradenverzekering%7B%3A%7D%7B%3Apt%7DSeguro%20de%20Joalheria%7B%3A%7D\";<\/script><script type=\"text\/javascript\" src=\"https:\/\/static.hupso.com\/share\/js\/share_toolbar.js\"><\/script><!-- Hupso Share Buttons --><\/div>","protected":false},"excerpt":{"rendered":"<p>Noi, la diamondsdubai.ae, oferim bijuterii de aur \u0219i diamante valoroase pentru diferite tipuri de persoane care tr\u0103iesc \u00een diferite p\u0103r\u021bi ale lumii. Suntem foarte preocupa\u021bi de faptul c\u0103 clien\u021bii no\u0219tri se ocup\u0103 \u00een mod evident de pietrele pre\u021bioase \u0219i de bijuteriile lor \u0219i au ata\u0219at treptat o valoare sentimental\u0103 la bijuteriile lor. Poate fi acolo &hellip; <a href=\"https:\/\/www.diamondsdubai.ae\/ro\/jewellery-insurance\/\" class=\"more-link\">Continue reading<span class=\"screen-reader-text\"> &#8220;Bijuterii Asigurari&#8221;<\/span><\/a><\/p>\n","protected":false},"author":1,"featured_media":0,"parent":0,"menu_order":0,"comment_status":"closed","ping_status":"closed","template":"","meta":{"_acf_changed":false,"om_disable_all_campaigns":false,"_monsterinsights_skip_tracking":false,"_monsterinsights_sitenote_active":false,"_monsterinsights_sitenote_note":"","_monsterinsights_sitenote_category":0,"footnotes":""},"class_list":["post-3065","page","type-page","status-publish","hentry"],"translation":{"provider":"WPGlobus","version":"3.0.0","language":"ro","enabled_languages":["en","gb","es","au","ca","nz","de","fr","ru","ar","ja","zh","ro","br","ie","uk","sv","it","nl","pt"],"languages":{"en":{"title":true,"content":true,"excerpt":false},"gb":{"title":true,"content":true,"excerpt":false},"es":{"title":true,"content":true,"excerpt":false},"au":{"title":true,"content":true,"excerpt":false},"ca":{"title":false,"content":false,"excerpt":false},"nz":{"title":false,"content":false,"excerpt":false},"de":{"title":true,"content":true,"excerpt":false},"fr":{"title":true,"content":true,"excerpt":false},"ru":{"title":true,"content":true,"excerpt":false},"ar":{"title":true,"content":true,"excerpt":false},"ja":{"title":true,"content":true,"excerpt":false},"zh":{"title":true,"content":true,"excerpt":false},"ro":{"title":true,"content":true,"excerpt":false},"br":{"title":true,"content":true,"excerpt":false},"ie":{"title":true,"content":true,"excerpt":false},"uk":{"title":true,"content":true,"excerpt":false},"sv":{"title":true,"content":true,"excerpt":false},"it":{"title":true,"content":true,"excerpt":false},"nl":{"title":true,"content":true,"excerpt":false},"pt":{"title":true,"content":true,"excerpt":false}}},"acf":[],"aioseo_notices":[],"_links":{"self":[{"href":"https:\/\/www.diamondsdubai.ae\/ro\/wp-json\/wp\/v2\/pages\/3065","targetHints":{"allow":["GET"]}}],"collection":[{"href":"https:\/\/www.diamondsdubai.ae\/ro\/wp-json\/wp\/v2\/pages"}],"about":[{"href":"https:\/\/www.diamondsdubai.ae\/ro\/wp-json\/wp\/v2\/types\/page"}],"author":[{"embeddable":true,"href":"https:\/\/www.diamondsdubai.ae\/ro\/wp-json\/wp\/v2\/users\/1"}],"replies":[{"embeddable":true,"href":"https:\/\/www.diamondsdubai.ae\/ro\/wp-json\/wp\/v2\/comments?post=3065"}],"version-history":[{"count":0,"href":"https:\/\/www.diamondsdubai.ae\/ro\/wp-json\/wp\/v2\/pages\/3065\/revisions"}],"wp:attachment":[{"href":"https:\/\/www.diamondsdubai.ae\/ro\/wp-json\/wp\/v2\/media?parent=3065"}],"curies":[{"name":"wp","href":"https:\/\/api.w.org\/{rel}","templated":true}]}}