{"id":7,"date":"2016-07-23T17:43:40","date_gmt":"2016-07-23T17:43:40","guid":{"rendered":"http:\/\/www.diamondsdubai.ae\/?page_id=7"},"modified":"2022-07-20T15:44:04","modified_gmt":"2022-07-20T15:44:04","slug":"about","status":"publish","type":"page","link":"https:\/\/www.diamondsdubai.ae\/ro\/about\/","title":{"rendered":"despre noi"},"content":{"rendered":"<p>Diamondsdubai.ae a fost personalizat extraordinar ca magazin on-line de internet din Orientul Mijlociu pentru reziden\u021bii locali \u0219i interna\u021bionali. de asemenea, \u00eembun\u0103t\u0103\u021bim \u00een continuare site-ul nostru pentru telespectatorii cu mai multe limbi. entitatea colaboreaz\u0103 \u00eendeaproape, concentr\u00e2ndu-se \u00een primul r\u00e2nd pe proiectarea \u0219i artizanatul angajamentului \u0219i inelul de nunta pentru femei.<\/p>\n<p>Diamondsdubai a servit peste 1 milion de clien\u021bi ferici\u021bi <a href=\"https:\/\/www.diamondsdubai.ae\/delivery-information.html\"> care au experimentat serviciul de asisten\u021b\u0103 pentru clien\u021bi de ultim\u0103 genera\u021bie. la sosirea \u00een Dubai, acestea sunt sugerate cu planuri de c\u0103l\u0103torie \u0219i cu condi\u021bia ca vehiculul s\u0103 fie oferit magazinului nostru care se afl\u0103 \u00een 4 p\u0103r\u021bi diferite ale Dubaiului.<\/a><\/p>\n<p>Primul nostru motiv se bazeaz\u0103 pe serviciile clien\u021bilor \u0219i pe valoare pentru bani, am \u00eenv\u0103\u021bat din experien\u021ba trecut\u0103 c\u0103 mul\u021bi clien\u021bi aprecia\u021bi din Marea Britanie, Sco\u021bia, Australia, Irlanda, Belgia, Elve\u021bia \u0219i chiar Africa de Sud \u0219i Orientul \u00cendep\u0103rtat au oferit un feedback remarcabil c\u0103 pre\u021bul pe care l- pl\u0103tite pentru bijuteriile achizi\u021bionate de la noi, au fost reevaluate de dou\u0103 ori pre\u021bul \u00een \u021bara lor.<\/p>\n<p>Acest lucru demonstreaz\u0103 c\u0103 pre\u021bul nostru de v\u00e2nzare este competitiv \u0219i rezonabil \u00een compara\u021bie cu majoritatea celorlalte \u021b\u0103ri dezvoltate. Credem \u00een sc\u0103derea marjei de profit pe fiecare articol de bijuterii f\u0103r\u0103 a compromite standardele de calitate.<br \/>\nAvem, de asemenea, aproximativ 5000 de gata f\u0103cute <a href=\"https:\/\/www.diamondsdubai.ae\/rings.html\"> bijuterii de diamante sau de aur <\/a> care cuprinde; <a href=\"https:\/\/www.diamondsdubai.ae\/console\/wedding-rings\/\"> nunta <\/a>, <a href=\"https:\/\/www.diamondsdubai.ae\/console\/engagement-rings\/ \"> angajament <\/a>, <a href=\"https:\/\/www.diamondsdubai.ae\/watches.html\"> bijuterii pentru b\u0103rba\u021bi <\/a>, <a href=\" https:\/\/www.diamondsdubai.ae\/ console \/ diamante-cercei \/ \"> cercei diamant <\/a>, bijuterii piatr\u0103 pre\u021bioas\u0103, pandantive \u0219i <a href=\"https:\/\/www.diamondsdubai.ae\/certified-diamonds.html\"> diamante certificate de la compania interna\u021bional\u0103 de certificare cum ar fi: &#8211; GIA, IGI sau HRD <\/a><\/p>\n<hr \/>\n<div class=\"hupso-share-buttons\"><!-- Hupso Share Buttons - https:\/\/www.hupso.com\/share\/ --><a class=\"hupso_toolbar\" href=\"https:\/\/www.hupso.com\/share\/\"><img decoding=\"async\" src=\"https:\/\/static.hupso.com\/share\/buttons\/dot.png\" style=\"border:0px; padding-top: 5px; float:left;\" alt=\"Share Button\"\/><\/a><script type=\"text\/javascript\">var hupso_services_t=new Array(\"Twitter\",\"Facebook\",\"Google Plus\",\"Pinterest\",\"Linkedin\");var hupso_background_t=\"#EAF4FF\";var hupso_border_t=\"#66CCFF\";var hupso_toolbar_size_t=\"medium\";var hupso_image_folder_url = \"\";var hupso_url_t=\"\";var hupso_title_t=\"%7B%3Aen%7DAbout%20Us%7B%3A%7D%7B%3Agb%7DAbout%20Us%20%7B%3A%7D%7B%3Aes%7Dsobre%20nosotros%7B%3A%7D%7B%3Aau%7DAbout%20Us%7B%3A%7D%7B%3Ade%7D%C3%9Cber%20uns%7B%3A%7D%7B%3Afr%7D%20%C3%80%20propos%20de%20nous%7B%3A%7D%7B%3Aru%7D%D0%BD%D0%B0%D1%81%D1%87%D0%B5%D1%82%20%D0%BD%D0%B0%D1%81%7B%3A%7D%7B%3Aar%7D%D9%85%D8%B9%D9%84%D9%88%D9%85%D8%A7%D8%AA%20%D8%B9%D9%86%D8%A7%7B%3A%7D%7B%3Aja%7D%E7%A7%81%E3%81%9F%E3%81%A1%E3%81%AB%E9%96%A2%E3%81%97%E3%81%A6%E3%81%AF%7B%3A%7D%7B%3Azh%7D%E5%85%B3%E4%BA%8E%E6%88%91%E4%BB%AC%7B%3A%7D%7B%3Aro%7Ddespre%20noi%7B%3A%7D%7B%3Abr%7Dsobre%20n%C3%B3s%7B%3A%7D%7B%3Aie%7DF%C3%BAinn%7B%3A%7D%7B%3Auk%7D%D0%BF%D1%80%D0%BE%20%D0%BD%D0%B0%D1%81%7B%3A%7D%7B%3Asv%7Dom%20oss%7B%3A%7D%7B%3Ait%7Driguardo%20a%20noi%7B%3A%7D%7B%3Anl%7Dover%20ons%7B%3A%7D%7B%3Apt%7Dsobre%20n%C3%B3s%7B%3A%7D\";<\/script><script type=\"text\/javascript\" src=\"https:\/\/static.hupso.com\/share\/js\/share_toolbar.js\"><\/script><!-- Hupso Share Buttons --><\/div>","protected":false},"excerpt":{"rendered":"<p>Diamondsdubai.ae a fost personalizat extraordinar ca magazin on-line de internet din Orientul Mijlociu pentru reziden\u021bii locali \u0219i interna\u021bionali. de asemenea, \u00eembun\u0103t\u0103\u021bim \u00een continuare site-ul nostru pentru telespectatorii cu mai multe limbi. entitatea colaboreaz\u0103 \u00eendeaproape, concentr\u00e2ndu-se \u00een primul r\u00e2nd pe proiectarea \u0219i artizanatul angajamentului \u0219i inelul de nunta pentru femei. Diamondsdubai a servit peste 1 milion &hellip; <a href=\"https:\/\/www.diamondsdubai.ae\/ro\/about\/\" class=\"more-link\">Continue reading<span class=\"screen-reader-text\"> &#8220;despre noi&#8221;<\/span><\/a><\/p>\n","protected":false},"author":1,"featured_media":0,"parent":0,"menu_order":0,"comment_status":"closed","ping_status":"closed","template":"template-parts\/about-page.php","meta":{"_acf_changed":false,"om_disable_all_campaigns":false,"_monsterinsights_skip_tracking":false,"_monsterinsights_sitenote_active":false,"_monsterinsights_sitenote_note":"","_monsterinsights_sitenote_category":0,"footnotes":""},"class_list":["post-7","page","type-page","status-publish","hentry"],"translation":{"provider":"WPGlobus","version":"3.0.0","language":"ro","enabled_languages":["en","gb","es","au","ca","nz","de","fr","ru","ar","ja","zh","ro","br","ie","uk","sv","it","nl","pt"],"languages":{"en":{"title":true,"content":true,"excerpt":false},"gb":{"title":true,"content":true,"excerpt":false},"es":{"title":true,"content":true,"excerpt":false},"au":{"title":true,"content":true,"excerpt":false},"ca":{"title":false,"content":false,"excerpt":false},"nz":{"title":false,"content":false,"excerpt":false},"de":{"title":true,"content":true,"excerpt":false},"fr":{"title":true,"content":true,"excerpt":false},"ru":{"title":true,"content":true,"excerpt":false},"ar":{"title":true,"content":true,"excerpt":false},"ja":{"title":true,"content":true,"excerpt":false},"zh":{"title":true,"content":true,"excerpt":false},"ro":{"title":true,"content":true,"excerpt":false},"br":{"title":true,"content":true,"excerpt":false},"ie":{"title":true,"content":true,"excerpt":false},"uk":{"title":true,"content":true,"excerpt":false},"sv":{"title":true,"content":true,"excerpt":false},"it":{"title":true,"content":true,"excerpt":false},"nl":{"title":true,"content":true,"excerpt":false},"pt":{"title":true,"content":true,"excerpt":false}}},"acf":[],"aioseo_notices":[],"_links":{"self":[{"href":"https:\/\/www.diamondsdubai.ae\/ro\/wp-json\/wp\/v2\/pages\/7","targetHints":{"allow":["GET"]}}],"collection":[{"href":"https:\/\/www.diamondsdubai.ae\/ro\/wp-json\/wp\/v2\/pages"}],"about":[{"href":"https:\/\/www.diamondsdubai.ae\/ro\/wp-json\/wp\/v2\/types\/page"}],"author":[{"embeddable":true,"href":"https:\/\/www.diamondsdubai.ae\/ro\/wp-json\/wp\/v2\/users\/1"}],"replies":[{"embeddable":true,"href":"https:\/\/www.diamondsdubai.ae\/ro\/wp-json\/wp\/v2\/comments?post=7"}],"version-history":[{"count":0,"href":"https:\/\/www.diamondsdubai.ae\/ro\/wp-json\/wp\/v2\/pages\/7\/revisions"}],"wp:attachment":[{"href":"https:\/\/www.diamondsdubai.ae\/ro\/wp-json\/wp\/v2\/media?parent=7"}],"curies":[{"name":"wp","href":"https:\/\/api.w.org\/{rel}","templated":true}]}}