{"id":19,"date":"2016-07-24T06:56:36","date_gmt":"2016-07-24T06:56:36","guid":{"rendered":"http:\/\/www.diamondsdubai.ae\/?page_id=19"},"modified":"2025-05-08T12:20:34","modified_gmt":"2025-05-08T12:20:34","slug":"diamonds-in-dubai-uae","status":"publish","type":"page","link":"https:\/\/www.diamondsdubai.ae\/sv\/","title":{"rendered":"Hem"},"content":{"rendered":"<p>K\u00f6p Diamonds Dubai &#8211; V\u00e4lkommen till Diamond Jewellery Firm Diamonds Dubai. Vi \u00e4r Certified Diamond Jewellery Firm i Dubai UAE sedan 1966.<\/p>\n<p>K\u00f6p <a href=\"http:\/\/www.diamondsdubai.ae\/rings.html\"> F\u00f6rlovningsringar <\/a> Dubai UAE med diamanter Dubai &#8211; Diamant smyckesamling g\u00f6r att du m\u00e5r vacker &#8211; F\u00e5 prisv\u00e4rd diamant smycken i 18 kt Vit Guld, Gult Guld, Rose Guld.<\/p>\n<p><a href=\"www.diamondsdubai.ae\"> Anpassa din diamant <\/a> &#8211; Guldsmycken, Ditt Namnh\u00e4nge Halsband i 18kt Guld. Vi tillverkar ocks\u00e5 14kt, 9kt Smycken.<\/p>\n<p><a href=\"www.diamondsdubai.ae\"> Diamonds Dubai <\/a> grundades 1966 i Dubai som \u00e5terf\u00f6rs\u00e4ljare i 18 karat guld- och diamantsmycken. Hoppet fr\u00e5n en enda butik till 3 butiker skedde inte \u00f6ver en natt, det uppn\u00e5ddes genom konsekventa anstr\u00e4ngningar och ett engagemang f\u00f6r att inf\u00f6ra exceptionellt h\u00f6ga krav p\u00e5 kvalitet och pris.<\/p>\n<p>F\u00e5 dina personliga Diamond &#038; Gold <a href=\"http:\/\/www.diamondsdubai.ae\/console\/rings\/engagement-rings\/\"> F\u00f6rlovningsringar <\/a>, <a href = \"http: \/\/www.diamondsdubai .ae \/ konsol \/ ringar \/ br\u00f6llopringar \/ \"> Br\u00f6llopsringar <\/a>, Promise Ring, Proposal Ring med <a href=\"www.diamondsdubai.ae\"> Diamonds Dubai <\/a> i Dubai UAE. Vi \u00e4r den b\u00e4sta certifierade diamant smycken butik i Dubai.<\/p>\n<p>F\u00f6r att <a href=\"http:\/\/www.diamondsdubai.ae\/\"> K\u00f6p diamanter Dubai <\/a> &#8211; kan du kontakta oss n\u00e4r som helst p\u00e5 v\u00e5r Whatsapp eller e-postadress eller v\u00e5r <a href = \"https: \/\/ www. facebook.com\/evagemsdubai\/\">facebook sida <\/a><\/p>\n<div class=\"hupso-share-buttons\"><!-- Hupso Share Buttons - https:\/\/www.hupso.com\/share\/ --><a class=\"hupso_toolbar\" href=\"https:\/\/www.hupso.com\/share\/\"><img decoding=\"async\" src=\"https:\/\/static.hupso.com\/share\/buttons\/dot.png\" style=\"border:0px; padding-top: 5px; float:left;\" alt=\"Share Button\"\/><\/a><script type=\"text\/javascript\">var hupso_services_t=new Array(\"Twitter\",\"Facebook\",\"Google Plus\",\"Pinterest\",\"Linkedin\");var hupso_background_t=\"#EAF4FF\";var hupso_border_t=\"#66CCFF\";var hupso_toolbar_size_t=\"medium\";var hupso_image_folder_url = \"\";var hupso_url_t=\"\";var hupso_title_t=\"%7B%3Aen%7DHOME%7B%3A%7D%7B%3Agb%7DHome%7B%3A%7D%7B%3Aes%7Dcasa%7B%3A%7D%7B%3Aau%7DHOME%7B%3A%7D%7B%3Ade%7DZuhause%7B%3A%7D%7B%3Afr%7DAccueil%7B%3A%7D%7B%3Aru%7D%D0%93%D0%BB%D0%B0%D0%B2%D0%BD%D0%B0%D1%8F%7B%3A%7D%7B%3Aar%7D%D8%A7%D9%84%D8%B5%D9%81%D8%AD%D8%A9%20%D8%A7%D9%84%D8%B1%D8%A6%D9%8A%D8%B3%D9%8A%D8%A9%7B%3A%7D%7B%3Aja%7D%E8%87%AA%E5%AE%85%7B%3A%7D%7B%3Azh%7D%E5%AE%B6%7B%3A%7D%7B%3Aro%7DAcas%C4%83%7B%3A%7D%7B%3Abr%7Dcasa%7B%3A%7D%7B%3Aie%7Dbaile%7B%3A%7D%7B%3Auk%7D%D0%B4%D0%BE%D0%B4%D0%BE%D0%BC%D1%83%7B%3A%7D%7B%3Asv%7DHem%7B%3A%7D%7B%3Ait%7Dcasa%7B%3A%7D%7B%3Anl%7Dhuis%7B%3A%7D%7B%3Apt%7Dcasa%7B%3A%7D\";<\/script><script type=\"text\/javascript\" src=\"https:\/\/static.hupso.com\/share\/js\/share_toolbar.js\"><\/script><!-- Hupso Share Buttons --><\/div>","protected":false},"excerpt":{"rendered":"<p>K\u00f6p Diamonds Dubai &#8211; V\u00e4lkommen till Diamond Jewellery Firm Diamonds Dubai. Vi \u00e4r Certified Diamond Jewellery Firm i Dubai UAE sedan 1966. K\u00f6p F\u00f6rlovningsringar Dubai UAE med diamanter Dubai &#8211; Diamant smyckesamling g\u00f6r att du m\u00e5r vacker &#8211; F\u00e5 prisv\u00e4rd diamant smycken i 18 kt Vit Guld, Gult Guld, Rose Guld. Anpassa din diamant &#8211; &hellip; <a href=\"https:\/\/www.diamondsdubai.ae\/sv\/\" class=\"more-link\">Continue reading<span class=\"screen-reader-text\"> &#8220;Hem&#8221;<\/span><\/a><\/p>\n","protected":false},"author":1,"featured_media":290,"parent":0,"menu_order":0,"comment_status":"closed","ping_status":"closed","template":"template-parts\/home-page.php","meta":{"_acf_changed":false,"om_disable_all_campaigns":false,"_monsterinsights_skip_tracking":false,"_monsterinsights_sitenote_active":false,"_monsterinsights_sitenote_note":"","_monsterinsights_sitenote_category":0,"footnotes":""},"class_list":["post-19","page","type-page","status-publish","has-post-thumbnail","hentry"],"translation":{"provider":"WPGlobus","version":"3.0.0","language":"sv","enabled_languages":["en","gb","es","au","ca","nz","de","fr","ru","ar","ja","zh","ro","br","ie","uk","sv","it","nl","pt"],"languages":{"en":{"title":true,"content":true,"excerpt":false},"gb":{"title":true,"content":true,"excerpt":false},"es":{"title":true,"content":true,"excerpt":false},"au":{"title":true,"content":true,"excerpt":false},"ca":{"title":false,"content":false,"excerpt":false},"nz":{"title":false,"content":false,"excerpt":false},"de":{"title":true,"content":true,"excerpt":false},"fr":{"title":true,"content":true,"excerpt":false},"ru":{"title":true,"content":true,"excerpt":false},"ar":{"title":true,"content":true,"excerpt":false},"ja":{"title":true,"content":true,"excerpt":false},"zh":{"title":true,"content":true,"excerpt":false},"ro":{"title":true,"content":true,"excerpt":false},"br":{"title":true,"content":true,"excerpt":false},"ie":{"title":true,"content":true,"excerpt":false},"uk":{"title":true,"content":true,"excerpt":false},"sv":{"title":true,"content":true,"excerpt":false},"it":{"title":true,"content":true,"excerpt":false},"nl":{"title":true,"content":true,"excerpt":false},"pt":{"title":true,"content":true,"excerpt":false}}},"acf":[],"aioseo_notices":[],"_links":{"self":[{"href":"https:\/\/www.diamondsdubai.ae\/sv\/wp-json\/wp\/v2\/pages\/19","targetHints":{"allow":["GET"]}}],"collection":[{"href":"https:\/\/www.diamondsdubai.ae\/sv\/wp-json\/wp\/v2\/pages"}],"about":[{"href":"https:\/\/www.diamondsdubai.ae\/sv\/wp-json\/wp\/v2\/types\/page"}],"author":[{"embeddable":true,"href":"https:\/\/www.diamondsdubai.ae\/sv\/wp-json\/wp\/v2\/users\/1"}],"replies":[{"embeddable":true,"href":"https:\/\/www.diamondsdubai.ae\/sv\/wp-json\/wp\/v2\/comments?post=19"}],"version-history":[{"count":1,"href":"https:\/\/www.diamondsdubai.ae\/sv\/wp-json\/wp\/v2\/pages\/19\/revisions"}],"predecessor-version":[{"id":12379,"href":"https:\/\/www.diamondsdubai.ae\/sv\/wp-json\/wp\/v2\/pages\/19\/revisions\/12379"}],"wp:featuredmedia":[{"embeddable":true,"href":"https:\/\/www.diamondsdubai.ae\/sv\/wp-json\/wp\/v2\/media\/290"}],"wp:attachment":[{"href":"https:\/\/www.diamondsdubai.ae\/sv\/wp-json\/wp\/v2\/media?parent=19"}],"curies":[{"name":"wp","href":"https:\/\/api.w.org\/{rel}","templated":true}]}}