{"id":3065,"date":"2018-09-26T13:20:45","date_gmt":"2018-09-26T13:20:45","guid":{"rendered":"https:\/\/www.diamondsdubai.ae\/?page_id=3065"},"modified":"2022-07-22T11:16:19","modified_gmt":"2022-07-22T11:16:19","slug":"jewellery-insurance","status":"publish","type":"page","link":"https:\/\/www.diamondsdubai.ae\/sv\/jewellery-insurance\/","title":{"rendered":"Smyckesf\u00f6rs\u00e4kring"},"content":{"rendered":"<p>Vi p\u00e5 diamondsdubai.ae, ger v\u00e4rdefulla guld och diamanter smycken till varierad typ av m\u00e4nniskor som lever i olika delar av v\u00e4rlden. Vi \u00e4r mycket oroad \u00f6ver att v\u00e5ra kunder uppenbarligen tar v\u00e4l hand om sina v\u00e4rdefulla p\u00e4rlor och smycken och har gradvis f\u00e4st ett sentimentalt v\u00e4rde mot sina smycken. Det kan antingen finnas d\u00e4r farm\u00f6drar 100 \u00e5r gammal ring gjorda fr\u00e5n v\u00e5r butik eller kanske en f\u00f6rlovningsring speciellt handgjord f\u00f6r det viktigaste minnet som f\u00f6rv\u00e4ntas under hela livet.<\/p>\n<p>Du kan beg\u00e4ra att v\u00e5ra f\u00f6rs\u00e4ljningschefer antingen h\u00e4nvisar till det b\u00e4sta f\u00f6rs\u00e4kringsbolaget eller rekommendationer fr\u00e5n n\u00e4ra familj och v\u00e4nner skulle alltid vara det b\u00e4sta alternativet. Vi har att g\u00f6ra med andra generationer och skulle f\u00f6rsiktigt hj\u00e4lpa till med att reparera \/ byta ut n\u00e5gra sm\u00e5 diamanter som kan ha felplacerat eller fallit med tiden, men de st\u00f6rre diamanterna som \u00e4r \u00f6ver 0,50 karat som skulle vara ganska dyra skulle vara en fr\u00e5ga om oro och d\u00e4rf\u00f6r har vi formulerat nedanst\u00e5ende steg f\u00f6r framg\u00e5ngsrik smycksf\u00f6rs\u00e4kring.<\/p>\n<p>Vi rekommenderar f\u00f6ljande viktiga steg som ska vidtas efter att ha k\u00f6pt n\u00e5gra smycken fr\u00e5n oss eller n\u00e5gon annanstans: &#8211;<\/p>\n<ul class = \"jewel_ul\">\n<li> <strong> V\u00e4lja den b\u00e4sta f\u00f6rs\u00e4kringsleverant\u00f6ren: &#8211; <\/ strong> Det finns flera webbplatser beroende p\u00e5 ditt ursprungsland. Antag i F\u00f6renade Arabemiraten, kan du bes\u00f6ka djupa webbplatser; till exempel: &#8211; insurancemarket.ae eller &#8220;AXA&#8221; f\u00f6rs\u00e4kring och &#8220;AIG&#8221; f\u00f6rs\u00e4kring f\u00f6r att uppn\u00e5 premieint\u00e4kter f\u00f6r att ha alla dina smycken f\u00f6rs\u00e4krade. I de flesta fall efter att ha diskuterat med v\u00e5ra n\u00e4ra kunder har vi l\u00e4rt oss att de f\u00f6rs\u00e4krar sina smycken tillsammans med andra tillg\u00e5ngar, fastighetsbil, hus och smycken under ett paraply. <\/ Li>\n<li> <strong> Typ av politik: &#8211; <\/ strong> Vi har upplevt s\u00e5 olyckliga omst\u00e4ndigheter, d\u00e4r diamanten i en ring antingen hade fallit eller f\u00e5tt ett litet nick \/ spricka efter att ha p\u00e5 sig det i n\u00e5gra eller flera m\u00e5nader, det kan vara p\u00e5 grund av hantering eller helt enkelt slitage n\u00e4r du b\u00e4r det varje dag eller ens uts\u00e4tts f\u00f6r kemikalier (parfym, tv\u00e4ttmedel etc) eller att f\u00e5 det knackat n\u00e4r du k\u00f6r till n\u00e4rmaste f\u00f6nsterglas. Om f\u00f6rs\u00e4kringen ocks\u00e5 t\u00e4cker s\u00e5dana skador under normalt slitage, eller anta att de betecknar det som &#8220;All Risk&#8221; -politiken i F\u00f6renade Arabemiraten eller F\u00f6renade kungariket. <\/ Li>\n<li> <strong> Territory Wise coverage: &#8211; <\/ strong> Det skulle vara viktigt att t\u00e4cka dina smycken medan den h\u00e5lls inne i ditt personliga hus eller om du har p\u00e5 dig det utanf\u00f6r, vissa f\u00f6rs\u00e4kringsbolag kanske inte ger t\u00e4ckning f\u00f6r smycken som tas under resan utanf\u00f6r p\u00e5 semester, det ska d\u00e4rf\u00f6r beaktas n\u00e4r du v\u00e4ljer r\u00e4tt politik f\u00f6r dig sj\u00e4lv och dina v\u00e4rdesaker. <\/ li>\n<li> <strong> S\u00e4kerhets- och larmsystemkrav: &#8211; <\/ strong> Det skulle f\u00f6rv\u00e4ntas att f\u00f6rs\u00e4kringsbolaget kan kr\u00e4va att du har ett s\u00e4kerhets- och d\u00f6rr- eller f\u00f6nsterbromsalarmsystem som aktiveras n\u00e4r du f\u00f6rs\u00e4krar dig om dina tillg\u00e5ngar och v\u00e4rdesaker inuti huset eller kontorslokalerna <\/ li>\n<li> <strong> Uteslutningar till din policy: &#8211; <\/ strong> Se till att din smycksf\u00f6rs\u00e4kring har en genomg\u00e5ende och tydlig policyplan f\u00f6r alla inkluderingar och uteslutningar som inte skulle motverka dina framtida fordringar vid os\u00e4kerhet. Vanligtvis utesluter alla f\u00f6rs\u00e4kringsbolag naturkatastrofer eller upplopp osv. Och i h\u00e4ndelse av st\u00f6ld fr\u00e5n houseboy, tj\u00e4nare, ska pigor ing\u00e5 i policyn. <\/ Li>\n<li> <strong> Uppdaterar din policy regelbundet &#038; amp; v\u00e4rdering: &#8211; <\/ strong> Det rekommenderas att regelbundet v\u00e4rdera dina smycken med din juvelerare f\u00f6r att uppdatera samma v\u00e4rde med f\u00f6rs\u00e4kringsleverant\u00f6ren. P\u00e5 grund av fluktuerade guldpriser och diamantpriser regelbundet \u00e4r det oundvikligt att prisa produkterna till ett fast v\u00e4rde under en viss tidsram. <\/ Li>\n<li> <strong> Ans\u00f6kningsf\u00f6rfaranden: &#8211; <\/ strong> Du kan ocks\u00e5 referera till din familj och v\u00e4nner till det b\u00e4sta f\u00f6retaget i din stad som skulle ha ett enkelt och enkelt protokoll i h\u00e4ndelse av att du beg\u00e4r ett krav. Vanligtvis lokala f\u00f6retag som inte har internationell exponering tenderar att f\u00f6rl\u00e4nga fordringsf\u00f6rfarandet till flera dagar eller till och med m\u00e5nader. <\/ Li>\n<li> <strong> Ers\u00e4ttning f\u00f6r f\u00f6rlorade \/ stulna f\u00f6rem\u00e5l: &#8211; <\/ strong> Det skulle vara viktigt att \u00e4ven diskutera med och uppn\u00e5 en skriftlig bekr\u00e4ftelse fr\u00e5n f\u00f6rs\u00e4kringsleverant\u00f6rens v\u00e4der att de skulle ge fordringsbeloppet i kontanter \/ bank\u00f6verf\u00f6ring eller skulle ocks\u00e5 ge m\u00f6jlighet att f\u00e5 samma smycken att bytas ut fr\u00e5n samma juvelerare och f\u00f6rs\u00e4kringsbolaget kan direkt betala f\u00f6r deras r\u00e4kning f\u00f6r ers\u00e4ttning av f\u00f6rlorade \/ stulna smycken. <\/ li><br \/>\n<\/ Ul><\/p>\n<div class=\"hupso-share-buttons\"><!-- Hupso Share Buttons - https:\/\/www.hupso.com\/share\/ --><a class=\"hupso_toolbar\" href=\"https:\/\/www.hupso.com\/share\/\"><img decoding=\"async\" src=\"https:\/\/static.hupso.com\/share\/buttons\/dot.png\" style=\"border:0px; padding-top: 5px; float:left;\" alt=\"Share Button\"\/><\/a><script type=\"text\/javascript\">var hupso_services_t=new Array(\"Twitter\",\"Facebook\",\"Google Plus\",\"Pinterest\",\"Linkedin\");var hupso_background_t=\"#EAF4FF\";var hupso_border_t=\"#66CCFF\";var hupso_toolbar_size_t=\"medium\";var hupso_image_folder_url = \"\";var hupso_url_t=\"\";var hupso_title_t=\"%7B%3Aen%7DJewellery%20Insurance%7B%3A%7D%7B%3Agb%7DJewellery%20Insurance%7B%3A%7D%7B%3Aes%7DSeguro%20de%20joyer%C3%ADa%7B%3A%7D%7B%3Aau%7DJewellery%20Insurance%7B%3A%7D%7B%3Ade%7DSchmuckversicherung%7B%3A%7D%7B%3Afr%7DAssurance%20bijoux%7B%3A%7D%7B%3Aru%7D%D0%A1%D1%82%D1%80%D0%B0%D1%85%D0%BE%D0%B2%D0%B0%D0%BD%D0%B8%D0%B5%20%D1%8E%D0%B2%D0%B5%D0%BB%D0%B8%D1%80%D0%BD%D1%8B%D1%85%20%D0%B8%D0%B7%D0%B4%D0%B5%D0%BB%D0%B8%D0%B9%7B%3A%7D%7B%3Aar%7D%D8%AA%D8%A3%D9%85%D9%8A%D9%86%20%D8%A7%D9%84%D9%85%D8%AC%D9%88%D9%87%D8%B1%D8%A7%D8%AA%7B%3A%7D%7B%3Aja%7D%E3%82%B8%E3%83%A5%E3%82%A8%E3%83%AA%E3%83%BC%E4%BF%9D%E9%99%BA%7B%3A%7D%7B%3Azh%7D%E7%8F%A0%E5%AE%9D%E4%BF%9D%E9%99%A9%7B%3A%7D%7B%3Aro%7DBijuterii%20Asigurari%7B%3A%7D%7B%3Abr%7DSeguro%20de%20Joalheria%7B%3A%7D%7B%3Aie%7D%C3%81rachas%20Seodra%7B%3A%7D%7B%3Auk%7D%D0%AE%D0%B2%D0%B5%D0%BB%D1%96%D1%80%D0%BD%D0%B5%20%D1%81%D1%82%D1%80%D0%B0%D1%85%D1%83%D0%B2%D0%B0%D0%BD%D0%BD%D1%8F%7B%3A%7D%7B%3Asv%7DSmyckesf%C3%B6rs%C3%A4kring%7B%3A%7D%7B%3Ait%7DAssicurazione%20di%20gioielli%7B%3A%7D%7B%3Anl%7DSieradenverzekering%7B%3A%7D%7B%3Apt%7DSeguro%20de%20Joalheria%7B%3A%7D\";<\/script><script type=\"text\/javascript\" src=\"https:\/\/static.hupso.com\/share\/js\/share_toolbar.js\"><\/script><!-- Hupso Share Buttons --><\/div>","protected":false},"excerpt":{"rendered":"<p>Vi p\u00e5 diamondsdubai.ae, ger v\u00e4rdefulla guld och diamanter smycken till varierad typ av m\u00e4nniskor som lever i olika delar av v\u00e4rlden. Vi \u00e4r mycket oroad \u00f6ver att v\u00e5ra kunder uppenbarligen tar v\u00e4l hand om sina v\u00e4rdefulla p\u00e4rlor och smycken och har gradvis f\u00e4st ett sentimentalt v\u00e4rde mot sina smycken. Det kan antingen finnas d\u00e4r farm\u00f6drar &hellip; <a href=\"https:\/\/www.diamondsdubai.ae\/sv\/jewellery-insurance\/\" class=\"more-link\">Continue reading<span class=\"screen-reader-text\"> &#8220;Smyckesf\u00f6rs\u00e4kring&#8221;<\/span><\/a><\/p>\n","protected":false},"author":1,"featured_media":0,"parent":0,"menu_order":0,"comment_status":"closed","ping_status":"closed","template":"","meta":{"_acf_changed":false,"om_disable_all_campaigns":false,"_monsterinsights_skip_tracking":false,"_monsterinsights_sitenote_active":false,"_monsterinsights_sitenote_note":"","_monsterinsights_sitenote_category":0,"footnotes":""},"class_list":["post-3065","page","type-page","status-publish","hentry"],"translation":{"provider":"WPGlobus","version":"3.0.0","language":"sv","enabled_languages":["en","gb","es","au","ca","nz","de","fr","ru","ar","ja","zh","ro","br","ie","uk","sv","it","nl","pt"],"languages":{"en":{"title":true,"content":true,"excerpt":false},"gb":{"title":true,"content":true,"excerpt":false},"es":{"title":true,"content":true,"excerpt":false},"au":{"title":true,"content":true,"excerpt":false},"ca":{"title":false,"content":false,"excerpt":false},"nz":{"title":false,"content":false,"excerpt":false},"de":{"title":true,"content":true,"excerpt":false},"fr":{"title":true,"content":true,"excerpt":false},"ru":{"title":true,"content":true,"excerpt":false},"ar":{"title":true,"content":true,"excerpt":false},"ja":{"title":true,"content":true,"excerpt":false},"zh":{"title":true,"content":true,"excerpt":false},"ro":{"title":true,"content":true,"excerpt":false},"br":{"title":true,"content":true,"excerpt":false},"ie":{"title":true,"content":true,"excerpt":false},"uk":{"title":true,"content":true,"excerpt":false},"sv":{"title":true,"content":true,"excerpt":false},"it":{"title":true,"content":true,"excerpt":false},"nl":{"title":true,"content":true,"excerpt":false},"pt":{"title":true,"content":true,"excerpt":false}}},"acf":[],"aioseo_notices":[],"_links":{"self":[{"href":"https:\/\/www.diamondsdubai.ae\/sv\/wp-json\/wp\/v2\/pages\/3065","targetHints":{"allow":["GET"]}}],"collection":[{"href":"https:\/\/www.diamondsdubai.ae\/sv\/wp-json\/wp\/v2\/pages"}],"about":[{"href":"https:\/\/www.diamondsdubai.ae\/sv\/wp-json\/wp\/v2\/types\/page"}],"author":[{"embeddable":true,"href":"https:\/\/www.diamondsdubai.ae\/sv\/wp-json\/wp\/v2\/users\/1"}],"replies":[{"embeddable":true,"href":"https:\/\/www.diamondsdubai.ae\/sv\/wp-json\/wp\/v2\/comments?post=3065"}],"version-history":[{"count":0,"href":"https:\/\/www.diamondsdubai.ae\/sv\/wp-json\/wp\/v2\/pages\/3065\/revisions"}],"wp:attachment":[{"href":"https:\/\/www.diamondsdubai.ae\/sv\/wp-json\/wp\/v2\/media?parent=3065"}],"curies":[{"name":"wp","href":"https:\/\/api.w.org\/{rel}","templated":true}]}}