{"id":68,"date":"2016-07-30T15:14:14","date_gmt":"2016-07-30T15:14:14","guid":{"rendered":"http:\/\/www.diamondsdubai.ae\/?page_id=68"},"modified":"2022-07-22T11:16:06","modified_gmt":"2022-07-22T11:16:06","slug":"delivery-information","status":"publish","type":"page","link":"https:\/\/www.diamondsdubai.ae\/sv\/delivery-information\/","title":{"rendered":"Delivery Information"},"content":{"rendered":"<h5>Vid Diamondsdubai.ae &lt;\/ h5&gt;<\/h5>\n<ul>\n<li>Vi erbjuder en gratis leveransservice inom U.A.E enbart och leverans av U.A.E med minsta fraktkostnader. Leveransavgifterna \u00e4r till\u00e4mpliga beror p\u00e5 landet \/ regionen. Innan du kassar V\u00e4nligen kontakta v\u00e5r butik. Vi har samarbetat med &#8220;matad ex&#8221; och &#8220;ups&#8221; och p\u00e5 grund av v\u00e5r stora m\u00e4ngd regelbunden leverans har vi r\u00e4tt till special rabatterade priser. F\u00f6r information om tullar och avgifter p\u00e5 kundavgift, v\u00e4nligen kontakta oss direkt och vi kan diskutera hur vi kan undvika avgifter eller tullar och \u00e4ven hur vi kan minska eventuella extra avgifter som tas ut p\u00e5 mottagaren. &lt;\/ li&gt;<\/li>\n<li>Vi ger n\u00e4stan prioritet till kunder och deras lycka, alla slutanv\u00e4ndare ska vara n\u00f6jda med <a href=\"https:\/\/www.diamondsdubai.ae\/console\/engagement-rings\/\"> ink\u00f6psf\u00f6rlovningsring <\/a> , <a href=\"https:\/\/www.diamondsdubai.ae\/console\/wedding-rings\/\"> vigselring <\/a> eller <a href=\"https:\/\/www.diamondsdubai.ae\/certified-diamonds. html \"> certifierade diamant smycken <\/a> fr\u00e5n v\u00e5r butik och vi beg\u00e4r ocks\u00e5 feedback f\u00f6r att f\u00f6rb\u00e4ttra v\u00e5r kundservice vid varje tillf\u00e4lle. &lt;\/ li&gt;<\/li>\n<li>Vissa l\u00e4nder kan vi skicka skicka smycken till v\u00e5ra lojala kunder. D\u00e4rf\u00f6r har slutanv\u00e4ndaren inte r\u00e4tt att betala ytterligare fraktkostnader eller tullar i s\u00e4llsynta fall. &lt;\/ li&gt;<\/li>\n<li>F\u00f6r snabb och snabb leverans, \u00e4r det n\u00f6dv\u00e4ndigt att betalningen rensas via visum- \/ m\u00e4sterkort eller n\u00e5gon form av bank\u00f6verf\u00f6ring avslutas. f\u00f6ljt av det kontrollerar vi ocks\u00e5 om produkten \u00e4r tillg\u00e4nglig och om n\u00e5gon ring\u00e4ndring beh\u00f6vs eller om n\u00e5gon form av \u00e4ndring beg\u00e4rs av kunden innan vi kan forts\u00e4tta med leverans av den \u00f6nskade produkten till mottagarens destination \/ land &lt;\/ li&gt;<\/li>\n<li>Alla v\u00e5ra diamanter och guldsmycken \u00e4r certifierade och \u00e4r f\u00f6rsedda med autentiserings- och garantikort fr\u00e5n v\u00e5rt f\u00f6retag. I certifierade diamanter har kunden r\u00e4tt till internationell certifiering (G.I.A, HRD eller I.G.I) &lt;\/ li&gt;<\/li>\n<li>Du kan ocks\u00e5 bes\u00f6ka oss p\u00e5 v\u00e5r <a href=\"https:\/\/www.facebook.com\/evagemsdubai\" target=\"_blank\" rel=\"noopener\"> facebook <\/a> sida eller se v\u00e5ra recensioner p\u00e5 v\u00e5r <a href=\"https:\/\/www.tripadvisor.com\/Attraction_Review-g295424-d1924721-Reviews-Gold_And_Diamond_Park-Dubai_Emirate_of_Dubai.html\" target=\"_blank\" rel=\"noopener\"> tripadvisor <\/a> sida f\u00f6r att l\u00e4sa v\u00e5r glada kundernas rekommendationer. &lt;\/ li&gt;<br \/>\n&lt;\/ Ul&gt;<\/p>\n<hr \/>\n<h3 style=\"text-align: center;\">N\u00e5gra glimt med v\u00e5ra lojala kunder &lt;\/ h3&gt;<br \/>\n[foyer id = &#8220;2061&#8221;]<\/h3>\n<\/li>\n<\/ul>\n<div class=\"hupso-share-buttons\"><!-- Hupso Share Buttons - https:\/\/www.hupso.com\/share\/ --><a class=\"hupso_toolbar\" href=\"https:\/\/www.hupso.com\/share\/\"><img decoding=\"async\" src=\"https:\/\/static.hupso.com\/share\/buttons\/dot.png\" style=\"border:0px; padding-top: 5px; float:left;\" alt=\"Share Button\"\/><\/a><script type=\"text\/javascript\">var hupso_services_t=new Array(\"Twitter\",\"Facebook\",\"Google Plus\",\"Pinterest\",\"Linkedin\");var hupso_background_t=\"#EAF4FF\";var hupso_border_t=\"#66CCFF\";var hupso_toolbar_size_t=\"medium\";var hupso_image_folder_url = \"\";var hupso_url_t=\"\";var hupso_title_t=\"%7B%3Aen%7DDelivery%20Information%7B%3A%7D%7B%3Agb%7DDelivery%20Information%7B%3A%7D%7B%3Aes%7Dinformaci%C3%B3n%20de%20entrega%20%7B%3A%7D%7B%3Ade%7DLieferinformationen%20%7B%3A%7D%7B%3Afr%7DInformations%20de%20livraison%20%7B%3A%7D%7B%3Aru%7D%D0%B8%D0%BD%D1%84%D0%BE%D1%80%D0%BC%D0%B0%D1%86%D0%B8%D1%8F%20%D0%BE%20%D0%B4%D0%BE%D1%81%D1%82%D0%B0%D0%B2%D0%BA%D0%B5%7B%3A%7D%7B%3Aar%7D%D9%85%D8%B9%D9%84%D9%88%D9%85%D8%A7%D8%AA%20%D8%A7%D9%84%D8%AA%D9%88%D8%B5%D9%8A%D9%84%7B%3A%7D%7B%3Aja%7D%E9%85%8D%E9%80%81%E3%81%AB%E9%96%A2%E3%81%99%E3%82%8B%E6%83%85%E5%A0%B1%20%7B%3A%7D\";<\/script><script type=\"text\/javascript\" src=\"https:\/\/static.hupso.com\/share\/js\/share_toolbar.js\"><\/script><!-- Hupso Share Buttons --><\/div>","protected":false},"excerpt":{"rendered":"<p>Vid Diamondsdubai.ae &lt;\/ h5&gt; Vi erbjuder en gratis leveransservice inom U.A.E enbart och leverans av U.A.E med minsta fraktkostnader. Leveransavgifterna \u00e4r till\u00e4mpliga beror p\u00e5 landet \/ regionen. Innan du kassar V\u00e4nligen kontakta v\u00e5r butik. Vi har samarbetat med &#8220;matad ex&#8221; och &#8220;ups&#8221; och p\u00e5 grund av v\u00e5r stora m\u00e4ngd regelbunden leverans har vi r\u00e4tt till &hellip; <a href=\"https:\/\/www.diamondsdubai.ae\/sv\/delivery-information\/\" class=\"more-link\">Continue reading<span class=\"screen-reader-text\"> &#8220;Delivery Information&#8221;<\/span><\/a><\/p>\n","protected":false},"author":1,"featured_media":3124,"parent":0,"menu_order":0,"comment_status":"closed","ping_status":"closed","template":"template-parts\/delivery-page.php","meta":{"_acf_changed":false,"om_disable_all_campaigns":false,"_monsterinsights_skip_tracking":false,"_monsterinsights_sitenote_active":false,"_monsterinsights_sitenote_note":"","_monsterinsights_sitenote_category":0,"footnotes":""},"class_list":["post-68","page","type-page","status-publish","has-post-thumbnail","hentry"],"translation":{"provider":"WPGlobus","version":"3.0.0","language":"sv","enabled_languages":["en","gb","es","au","ca","nz","de","fr","ru","ar","ja","zh","ro","br","ie","uk","sv","it","nl","pt"],"languages":{"en":{"title":true,"content":true,"excerpt":false},"gb":{"title":true,"content":true,"excerpt":false},"es":{"title":true,"content":true,"excerpt":false},"au":{"title":false,"content":true,"excerpt":false},"ca":{"title":false,"content":false,"excerpt":false},"nz":{"title":false,"content":false,"excerpt":false},"de":{"title":true,"content":true,"excerpt":false},"fr":{"title":true,"content":true,"excerpt":false},"ru":{"title":true,"content":true,"excerpt":false},"ar":{"title":true,"content":true,"excerpt":false},"ja":{"title":true,"content":true,"excerpt":false},"zh":{"title":false,"content":true,"excerpt":false},"ro":{"title":false,"content":true,"excerpt":false},"br":{"title":false,"content":true,"excerpt":false},"ie":{"title":false,"content":true,"excerpt":false},"uk":{"title":false,"content":true,"excerpt":false},"sv":{"title":false,"content":true,"excerpt":false},"it":{"title":false,"content":true,"excerpt":false},"nl":{"title":false,"content":true,"excerpt":false},"pt":{"title":false,"content":true,"excerpt":false}}},"acf":[],"aioseo_notices":[],"_links":{"self":[{"href":"https:\/\/www.diamondsdubai.ae\/sv\/wp-json\/wp\/v2\/pages\/68","targetHints":{"allow":["GET"]}}],"collection":[{"href":"https:\/\/www.diamondsdubai.ae\/sv\/wp-json\/wp\/v2\/pages"}],"about":[{"href":"https:\/\/www.diamondsdubai.ae\/sv\/wp-json\/wp\/v2\/types\/page"}],"author":[{"embeddable":true,"href":"https:\/\/www.diamondsdubai.ae\/sv\/wp-json\/wp\/v2\/users\/1"}],"replies":[{"embeddable":true,"href":"https:\/\/www.diamondsdubai.ae\/sv\/wp-json\/wp\/v2\/comments?post=68"}],"version-history":[{"count":0,"href":"https:\/\/www.diamondsdubai.ae\/sv\/wp-json\/wp\/v2\/pages\/68\/revisions"}],"wp:featuredmedia":[{"embeddable":true,"href":"https:\/\/www.diamondsdubai.ae\/sv\/wp-json\/wp\/v2\/media\/3124"}],"wp:attachment":[{"href":"https:\/\/www.diamondsdubai.ae\/sv\/wp-json\/wp\/v2\/media?parent=68"}],"curies":[{"name":"wp","href":"https:\/\/api.w.org\/{rel}","templated":true}]}}